{"id":100,"date":"2023-09-26T13:45:44","date_gmt":"2023-09-26T16:45:44","guid":{"rendered":"https:\/\/kpi.pt\/?page_id=100"},"modified":"2023-12-08T17:39:23","modified_gmt":"2023-12-08T20:39:23","slug":"protese-fixa","status":"publish","type":"page","link":"https:\/\/kpi.pt\/index.php\/protese-fixa\/","title":{"rendered":"PR\u00d3TESE FIXA"},"content":{"rendered":"\t\t<div data-elementor-type=\"wp-page\" data-elementor-id=\"100\" class=\"elementor elementor-100\" data-elementor-post-type=\"page\">\n\t\t\t\t<div class=\"elementor-element elementor-element-beb2e15 e-flex e-con-boxed wpr-particle-no wpr-jarallax-no wpr-parallax-no wpr-sticky-section-no wpr-equal-height-no e-con e-parent\" data-id=\"beb2e15\" data-element_type=\"container\" data-e-type=\"container\" data-settings=\"{&quot;background_background&quot;:&quot;classic&quot;}\">\n\t\t\t\t\t<div class=\"e-con-inner\">\n\t\t\t\t<div class=\"elementor-element elementor-element-8ccc04b elementor-invisible elementor-widget elementor-widget-heading\" data-id=\"8ccc04b\" data-element_type=\"widget\" data-e-type=\"widget\" data-settings=\"{&quot;_animation&quot;:&quot;fadeInUp&quot;}\" data-widget_type=\"heading.default\">\n\t\t\t\t<div class=\"elementor-widget-container\">\n\t\t\t\t\t<h1 class=\"elementor-heading-title elementor-size-default\">PR\u00d3TESE FIXA<\/h1>\t\t\t\t<\/div>\n\t\t\t\t<\/div>\n\t\t\t\t\t<\/div>\n\t\t\t\t<\/div>\n\t\t<div class=\"elementor-element elementor-element-9152d67 e-flex e-con-boxed wpr-particle-no wpr-jarallax-no wpr-parallax-no wpr-sticky-section-no wpr-equal-height-no e-con e-parent\" data-id=\"9152d67\" data-element_type=\"container\" data-e-type=\"container\">\n\t\t\t\t\t<div class=\"e-con-inner\">\n\t\t\t\t<div class=\"elementor-element elementor-element-5333c9c elementor-widget elementor-widget-spacer\" data-id=\"5333c9c\" data-element_type=\"widget\" data-e-type=\"widget\" data-widget_type=\"spacer.default\">\n\t\t\t\t<div class=\"elementor-widget-container\">\n\t\t\t\t\t\t\t<div class=\"elementor-spacer\">\n\t\t\t<div class=\"elementor-spacer-inner\"><\/div>\n\t\t<\/div>\n\t\t\t\t\t\t<\/div>\n\t\t\t\t<\/div>\n\t\t\t\t<div class=\"elementor-element elementor-element-adeca2d elementor-widget elementor-widget-text-editor\" data-id=\"adeca2d\" data-element_type=\"widget\" data-e-type=\"widget\" data-widget_type=\"text-editor.default\">\n\t\t\t\t<div class=\"elementor-widget-container\">\n\t\t\t\t\t\t\t\t\t<h4><b>Coroas e Pontes<\/b><\/h4><p><b>O que s\u00e3o coroas\/pontes?<\/b><\/p><p>Tanto as coroas como as pontes s\u00e3o tratamentos de pr\u00f3tese fixos. Ao contr\u00e1rio das pr\u00f3teses remov\u00edveis, que podem ser retiradas e limpas diariamente, as coroas e as pontes est\u00e3o fixas em dentes ou implantes existentes e s\u00f3 podem ser removidas pelo M\u00e9dico-Dentista.<\/p><p><b>Como funcionam as coroas?<\/b><\/p><p>A coroa \u00e9 usada para cobrir totalmente ou parte do dente por restaurar. Ainda que fortale\u00e7a o dente a restaurar, a coroa pode ser usada para melhorar a apar\u00eancia, forma ou alinhamento. A coroa pode tamb\u00e9m ser usada como substituto de um dente, quando colocada sobre um implante.<\/p><p><b>O M\u00e9dico-Dentista pode recomendar uma coroa para:<\/b><\/p><p>\u2022Substituir uma restaura\u00e7\u00e3o muito extensa onde n\u00e3o resta quase nenhuma estrutura dent\u00e1ria<br \/>\u2022Proteger um dente mais fragilizado, evitando deste modo, fracturas<br \/>\u2022Restaurar um dente fracturado<br \/>\u2022Servir de pilar a uma ponte<br \/>\u2022Cobrir um implante dent\u00e1rio<br \/>\u2022Cobrir um dente escurecido ou com uma forma menos perfeita<br \/>\u2022Cobrir um dente com um tratamento endod\u00f4ntico<\/p><p><b>Como \u00e9 que funciona uma ponte?<\/b><\/p><p>A ponte pode ser recomendada quando h\u00e1 falta de um ou mais dentes. Os espa\u00e7os deixados por dentes perdidos ocasionalmente provocam nos dentes existentes uma movimenta\u00e7\u00e3o no sentido de preencher dos espa\u00e7os vazios, resultando numa m\u00e1 mordida. O desequil\u00edbrio causado por falta de dentes tamb\u00e9m pode conduzir \u00e0 doen\u00e7a gengival e a disfun\u00e7\u00f5es de articula\u00e7\u00e3o temporo-mandibular (ATM).<br \/>Habitualmente, as pontes s\u00e3o usadas para substituir um ou mais dentes n\u00e3o existentes, ocupando o espa\u00e7o onde faltam os dentes. As pontes s\u00e3o cimentadas em dentes naturais ou em implantes que limitam o espa\u00e7o. Estes dentes, chamados de pilares, s\u00e3o usados nas pontes como pilares da pr\u00f3tese. O dente a ser substitu\u00eddo, chamado p\u00f4ntico, \u00e9 cimentado nas coroas que cobrem os pilares.<\/p><p><b>Como \u00e9 que as coroas e as pontes s\u00e3o feitas?<\/b><\/p><p>Antes de uma coroa ou ponte ser feita, tem de se preparar o dente ou os dentes para que se consiga fazer encaixar a coroa ou ponte na perfei\u00e7\u00e3o. Depois de preparar o(s) dente(s), o M\u00e9dico-Dentista far\u00e1 uma impress\u00e3o para tirar o molde exacto para a coroa ou ponte. Ser\u00e1 tamb\u00e9m determinada qual a cor dos dentes adjacentes.<br \/>Usando esta impress\u00e3o, o laborat\u00f3rio prot\u00e9tico ir\u00e1 realizar a coroa ou ponte no material pedido pelo M\u00e9dico-Dentista. Ser\u00e1 colocada uma coroa ou ponte tempor\u00e1ria ou provis\u00f3ria no lugar para cobrir o dente j\u00e1 preparado, enquanto que a coroa ou ponte est\u00e1 a ser produzida. Quando a coroa ou ponte definitiva estiver pronta, a provis\u00f3ria \u00e9 removida e a nova coroa ou ponte ser\u00e1 cimentada no seu dente ou dentes.<\/p><p><b>Quanto tempo dura uma coroa ou uma ponte?<\/b><\/p><p>De acordo com estudos cient\u00edficos, uma ponte ou coroa pode durar entre 8 a 16 anos. O passo mais importante para garantir a longevidade de uma coroa ou ponte \u00e9 com uma boa higiene oral. Uma ponte pode soltar-se se o suporte do dente ou do osso que a seguram estiver com alguma doen\u00e7a. Mantenha as suas gengivas e dentes saud\u00e1veis, escovando duas vezes por dia com uma pasta flouretada e usando o fio dent\u00e1rio diariamente. Visite o seu dentista ou higienista oral regularmente, para consultas de rotina.<\/p>\t\t\t\t\t\t\t\t<\/div>\n\t\t\t\t<\/div>\n\t\t\t\t<div class=\"elementor-element elementor-element-9e39742 elementor-widget elementor-widget-video\" data-id=\"9e39742\" data-element_type=\"widget\" data-e-type=\"widget\" data-settings=\"{&quot;video_type&quot;:&quot;hosted&quot;,&quot;autoplay&quot;:&quot;yes&quot;,&quot;play_on_mobile&quot;:&quot;yes&quot;,&quot;mute&quot;:&quot;yes&quot;,&quot;loop&quot;:&quot;yes&quot;}\" data-widget_type=\"video.default\">\n\t\t\t\t<div class=\"elementor-widget-container\">\n\t\t\t\t\t\t\t<div class=\"e-hosted-video elementor-wrapper elementor-open-inline\">\n\t\t\t\t\t<video class=\"elementor-video\" src=\"https:\/\/kpi.pt\/wp-content\/uploads\/2023\/12\/implantation-7.mp4\" autoplay=\"\" loop=\"\" muted=\"muted\" playsinline=\"\" controlsList=\"nodownload\"><\/video>\n\t\t\t\t<\/div>\n\t\t\t\t\t\t<\/div>\n\t\t\t\t<\/div>\n\t\t\t\t<div class=\"elementor-element elementor-element-b0ff069 elementor-widget elementor-widget-spacer\" data-id=\"b0ff069\" data-element_type=\"widget\" data-e-type=\"widget\" data-widget_type=\"spacer.default\">\n\t\t\t\t<div class=\"elementor-widget-container\">\n\t\t\t\t\t\t\t<div class=\"elementor-spacer\">\n\t\t\t<div class=\"elementor-spacer-inner\"><\/div>\n\t\t<\/div>\n\t\t\t\t\t\t<\/div>\n\t\t\t\t<\/div>\n\t\t\t\t\t<\/div>\n\t\t\t\t<\/div>\n\t\t<div class=\"elementor-element elementor-element-c40117c e-flex e-con-boxed wpr-particle-no wpr-jarallax-no wpr-parallax-no wpr-sticky-section-no wpr-equal-height-no e-con e-parent\" data-id=\"c40117c\" data-element_type=\"container\" data-e-type=\"container\" data-settings=\"{&quot;background_background&quot;:&quot;classic&quot;}\">\n\t\t\t\t\t<div class=\"e-con-inner\">\n\t\t<div class=\"elementor-element elementor-element-2aa7e0f e-con-full e-flex wpr-particle-no wpr-jarallax-no wpr-parallax-no wpr-sticky-section-no wpr-equal-height-no e-con e-child\" data-id=\"2aa7e0f\" data-element_type=\"container\" data-e-type=\"container\">\n\t\t\t\t<div class=\"elementor-element elementor-element-cadcbef elementor-invisible elementor-widget elementor-widget-heading\" data-id=\"cadcbef\" data-element_type=\"widget\" data-e-type=\"widget\" data-settings=\"{&quot;_animation&quot;:&quot;fadeInUp&quot;}\" data-widget_type=\"heading.default\">\n\t\t\t\t<div class=\"elementor-widget-container\">\n\t\t\t\t\t<p class=\"elementor-heading-title elementor-size-default\">Seja atendido pelos melhores especialistas!<\/p>\t\t\t\t<\/div>\n\t\t\t\t<\/div>\n\t\t\t\t<div class=\"elementor-element elementor-element-e82648a elementor-align-center elementor-invisible elementor-widget elementor-widget-button\" data-id=\"e82648a\" data-element_type=\"widget\" data-e-type=\"widget\" data-settings=\"{&quot;_animation&quot;:&quot;fadeInUp&quot;}\" data-widget_type=\"button.default\">\n\t\t\t\t<div class=\"elementor-widget-container\">\n\t\t\t\t\t\t\t\t\t<div class=\"elementor-button-wrapper\">\n\t\t\t\t\t<a class=\"elementor-button elementor-button-link elementor-size-sm\" href=\"https:\/\/kpi.pt\/index.php\/consulta\/\">\n\t\t\t\t\t\t<span class=\"elementor-button-content-wrapper\">\n\t\t\t\t\t\t\t\t\t<span class=\"elementor-button-text\">Marque a sua consulta<\/span>\n\t\t\t\t\t<\/span>\n\t\t\t\t\t<\/a>\n\t\t\t\t<\/div>\n\t\t\t\t\t\t\t\t<\/div>\n\t\t\t\t<\/div>\n\t\t\t\t<\/div>\n\t\t\t\t\t<\/div>\n\t\t\t\t<\/div>\n\t\t\t\t<\/div>\n\t\t","protected":false},"excerpt":{"rendered":"<p>Coroas e Pontes O que s\u00e3o coroas\/pontes? Tanto as coroas como as pontes s\u00e3o tratamentos de pr\u00f3tese fixos. Ao contr\u00e1rio das pr\u00f3teses remov\u00edveis, que podem ser retiradas e limpas diariamente, as coroas e as pontes est\u00e3o fixas em dentes ou implantes existentes e s\u00f3 podem ser removidas pelo M\u00e9dico-Dentista. Como funcionam as coroas? A coroa \u00e9 usada para cobrir totalmente ou parte do dente por restaurar. Ainda que fortale\u00e7a o dente a restaurar, a coroa pode ser usada para melhorar a apar\u00eancia, forma ou alinhamento. A coroa pode tamb\u00e9m ser usada como substituto de um dente, quando colocada sobre um implante. O M\u00e9dico-Dentista pode recomendar uma coroa para: \u2022Substituir uma restaura\u00e7\u00e3o muito extensa onde n\u00e3o resta quase nenhuma estrutura dent\u00e1ria\u2022Proteger um dente mais fragilizado, evitando deste modo, fracturas\u2022Restaurar um dente fracturado\u2022Servir de pilar a uma ponte\u2022Cobrir um implante dent\u00e1rio\u2022Cobrir um dente escurecido ou com uma forma menos perfeita\u2022Cobrir um dente com um tratamento endod\u00f4ntico Como \u00e9 que funciona uma ponte? A ponte pode ser recomendada quando h\u00e1 falta de um ou mais dentes. Os espa\u00e7os deixados por dentes perdidos ocasionalmente provocam nos dentes existentes uma movimenta\u00e7\u00e3o no sentido de preencher dos espa\u00e7os vazios, resultando numa m\u00e1 mordida. O desequil\u00edbrio causado por falta de dentes tamb\u00e9m pode conduzir \u00e0 doen\u00e7a gengival e a disfun\u00e7\u00f5es de articula\u00e7\u00e3o temporo-mandibular (ATM).Habitualmente, as pontes s\u00e3o usadas para substituir um ou mais dentes n\u00e3o existentes, ocupando o espa\u00e7o onde faltam os dentes. As pontes s\u00e3o cimentadas em dentes naturais ou em implantes que limitam o espa\u00e7o. Estes dentes, chamados de pilares, s\u00e3o usados nas pontes como pilares da pr\u00f3tese. O dente a ser substitu\u00eddo, chamado p\u00f4ntico, \u00e9 cimentado nas coroas que cobrem os pilares. Como \u00e9 que as coroas e as pontes s\u00e3o feitas? Antes de uma coroa ou ponte ser feita, tem de se preparar o dente ou os dentes para que se consiga fazer encaixar a coroa ou ponte na perfei\u00e7\u00e3o. Depois de preparar o(s) dente(s), o M\u00e9dico-Dentista far\u00e1 uma impress\u00e3o para tirar o molde exacto para a coroa ou ponte. Ser\u00e1 tamb\u00e9m determinada qual a cor dos dentes adjacentes.Usando esta impress\u00e3o, o laborat\u00f3rio prot\u00e9tico ir\u00e1 realizar a coroa ou ponte no material pedido pelo M\u00e9dico-Dentista. Ser\u00e1 colocada uma coroa ou ponte tempor\u00e1ria ou provis\u00f3ria no lugar para cobrir o dente j\u00e1 preparado, enquanto que a coroa ou ponte est\u00e1 a ser produzida. Quando a coroa ou ponte definitiva estiver pronta, a provis\u00f3ria \u00e9 removida e a nova coroa ou ponte ser\u00e1 cimentada no seu dente ou dentes. Quanto tempo dura uma coroa ou uma ponte? De acordo com estudos cient\u00edficos, uma ponte ou coroa pode durar entre 8 a 16 anos. O passo mais importante para garantir a longevidade de uma coroa ou ponte \u00e9 com uma boa higiene oral. Uma ponte pode soltar-se se o suporte do dente ou do osso que a seguram estiver com alguma doen\u00e7a. Mantenha as suas gengivas e dentes saud\u00e1veis, escovando duas vezes por dia com uma pasta flouretada e usando o fio dent\u00e1rio diariamente. Visite o seu dentista ou higienista oral regularmente, para consultas de rotina. https:\/\/kpi.pt\/wp-content\/uploads\/2023\/12\/implantation-7.mp4 Seja atendido pelos melhores especialistas! Marque a sua consulta<\/p>\n","protected":false},"author":1,"featured_media":0,"parent":0,"menu_order":0,"comment_status":"closed","ping_status":"closed","template":"","meta":{"footnotes":""},"class_list":["post-100","page","type-page","status-publish","hentry"],"yoast_head":"<!-- This site is optimized with the Yoast SEO plugin v27.4 - https:\/\/yoast.com\/product\/yoast-seo-wordpress\/ -->\n<title>PR\u00d3TESE FIXA - KLINICA PERIOIMPLANTOLOGICA<\/title>\n<meta name=\"robots\" content=\"index, follow, max-snippet:-1, max-image-preview:large, max-video-preview:-1\" \/>\n<link rel=\"canonical\" href=\"https:\/\/kpi.pt\/index.php\/protese-fixa\/\" \/>\n<meta property=\"og:locale\" content=\"pt_BR\" \/>\n<meta property=\"og:type\" content=\"article\" \/>\n<meta property=\"og:title\" content=\"PR\u00d3TESE FIXA - KLINICA PERIOIMPLANTOLOGICA\" \/>\n<meta property=\"og:description\" content=\"Coroas e Pontes O que s\u00e3o coroas\/pontes? Tanto as coroas como as pontes s\u00e3o tratamentos de pr\u00f3tese fixos. Ao contr\u00e1rio das pr\u00f3teses remov\u00edveis, que podem ser retiradas e limpas diariamente, as coroas e as pontes est\u00e3o fixas em dentes ou implantes existentes e s\u00f3 podem ser removidas pelo M\u00e9dico-Dentista. Como funcionam as coroas? A coroa \u00e9 usada para cobrir totalmente ou parte do dente por restaurar. Ainda que fortale\u00e7a o dente a restaurar, a coroa pode ser usada para melhorar a apar\u00eancia, forma ou alinhamento. A coroa pode tamb\u00e9m ser usada como substituto de um dente, quando colocada sobre um implante. O M\u00e9dico-Dentista pode recomendar uma coroa para: \u2022Substituir uma restaura\u00e7\u00e3o muito extensa onde n\u00e3o resta quase nenhuma estrutura dent\u00e1ria\u2022Proteger um dente mais fragilizado, evitando deste modo, fracturas\u2022Restaurar um dente fracturado\u2022Servir de pilar a uma ponte\u2022Cobrir um implante dent\u00e1rio\u2022Cobrir um dente escurecido ou com uma forma menos perfeita\u2022Cobrir um dente com um tratamento endod\u00f4ntico Como \u00e9 que funciona uma ponte? A ponte pode ser recomendada quando h\u00e1 falta de um ou mais dentes. Os espa\u00e7os deixados por dentes perdidos ocasionalmente provocam nos dentes existentes uma movimenta\u00e7\u00e3o no sentido de preencher dos espa\u00e7os vazios, resultando numa m\u00e1 mordida. O desequil\u00edbrio causado por falta de dentes tamb\u00e9m pode conduzir \u00e0 doen\u00e7a gengival e a disfun\u00e7\u00f5es de articula\u00e7\u00e3o temporo-mandibular (ATM).Habitualmente, as pontes s\u00e3o usadas para substituir um ou mais dentes n\u00e3o existentes, ocupando o espa\u00e7o onde faltam os dentes. As pontes s\u00e3o cimentadas em dentes naturais ou em implantes que limitam o espa\u00e7o. Estes dentes, chamados de pilares, s\u00e3o usados nas pontes como pilares da pr\u00f3tese. O dente a ser substitu\u00eddo, chamado p\u00f4ntico, \u00e9 cimentado nas coroas que cobrem os pilares. Como \u00e9 que as coroas e as pontes s\u00e3o feitas? Antes de uma coroa ou ponte ser feita, tem de se preparar o dente ou os dentes para que se consiga fazer encaixar a coroa ou ponte na perfei\u00e7\u00e3o. Depois de preparar o(s) dente(s), o M\u00e9dico-Dentista far\u00e1 uma impress\u00e3o para tirar o molde exacto para a coroa ou ponte. Ser\u00e1 tamb\u00e9m determinada qual a cor dos dentes adjacentes.Usando esta impress\u00e3o, o laborat\u00f3rio prot\u00e9tico ir\u00e1 realizar a coroa ou ponte no material pedido pelo M\u00e9dico-Dentista. Ser\u00e1 colocada uma coroa ou ponte tempor\u00e1ria ou provis\u00f3ria no lugar para cobrir o dente j\u00e1 preparado, enquanto que a coroa ou ponte est\u00e1 a ser produzida. Quando a coroa ou ponte definitiva estiver pronta, a provis\u00f3ria \u00e9 removida e a nova coroa ou ponte ser\u00e1 cimentada no seu dente ou dentes. Quanto tempo dura uma coroa ou uma ponte? De acordo com estudos cient\u00edficos, uma ponte ou coroa pode durar entre 8 a 16 anos. O passo mais importante para garantir a longevidade de uma coroa ou ponte \u00e9 com uma boa higiene oral. Uma ponte pode soltar-se se o suporte do dente ou do osso que a seguram estiver com alguma doen\u00e7a. Mantenha as suas gengivas e dentes saud\u00e1veis, escovando duas vezes por dia com uma pasta flouretada e usando o fio dent\u00e1rio diariamente. Visite o seu dentista ou higienista oral regularmente, para consultas de rotina. https:\/\/kpi.pt\/wp-content\/uploads\/2023\/12\/implantation-7.mp4 Seja atendido pelos melhores especialistas! Marque a sua consulta\" \/>\n<meta property=\"og:url\" content=\"https:\/\/kpi.pt\/index.php\/protese-fixa\/\" \/>\n<meta property=\"og:site_name\" content=\"KLINICA PERIOIMPLANTOLOGICA\" \/>\n<meta property=\"article:publisher\" content=\"https:\/\/www.instagram.com\/klinicaperioimplantologica\/\" \/>\n<meta property=\"article:modified_time\" content=\"2023-12-08T20:39:23+00:00\" \/>\n<meta name=\"twitter:card\" content=\"summary_large_image\" \/>\n<meta name=\"twitter:label1\" content=\"Est. tempo de leitura\" \/>\n\t<meta name=\"twitter:data1\" content=\"3 minutos\" \/>\n<script type=\"application\/ld+json\" class=\"yoast-schema-graph\">{\"@context\":\"https:\\\/\\\/schema.org\",\"@graph\":[{\"@type\":\"WebPage\",\"@id\":\"https:\\\/\\\/kpi.pt\\\/index.php\\\/protese-fixa\\\/\",\"url\":\"https:\\\/\\\/kpi.pt\\\/index.php\\\/protese-fixa\\\/\",\"name\":\"PR\u00d3TESE FIXA - KLINICA PERIOIMPLANTOLOGICA\",\"isPartOf\":{\"@id\":\"https:\\\/\\\/kpi.pt\\\/#website\"},\"datePublished\":\"2023-09-26T16:45:44+00:00\",\"dateModified\":\"2023-12-08T20:39:23+00:00\",\"breadcrumb\":{\"@id\":\"https:\\\/\\\/kpi.pt\\\/index.php\\\/protese-fixa\\\/#breadcrumb\"},\"inLanguage\":\"pt-BR\",\"potentialAction\":[{\"@type\":\"ReadAction\",\"target\":[\"https:\\\/\\\/kpi.pt\\\/index.php\\\/protese-fixa\\\/\"]}]},{\"@type\":\"BreadcrumbList\",\"@id\":\"https:\\\/\\\/kpi.pt\\\/index.php\\\/protese-fixa\\\/#breadcrumb\",\"itemListElement\":[{\"@type\":\"ListItem\",\"position\":1,\"name\":\"Home\",\"item\":\"https:\\\/\\\/kpi.pt\\\/\"},{\"@type\":\"ListItem\",\"position\":2,\"name\":\"PR\u00d3TESE FIXA\"}]},{\"@type\":\"WebSite\",\"@id\":\"https:\\\/\\\/kpi.pt\\\/#website\",\"url\":\"https:\\\/\\\/kpi.pt\\\/\",\"name\":\"KLINICA PERIOIMPLANTOLOGICA\",\"description\":\"\",\"publisher\":{\"@id\":\"https:\\\/\\\/kpi.pt\\\/#organization\"},\"potentialAction\":[{\"@type\":\"SearchAction\",\"target\":{\"@type\":\"EntryPoint\",\"urlTemplate\":\"https:\\\/\\\/kpi.pt\\\/?s={search_term_string}\"},\"query-input\":{\"@type\":\"PropertyValueSpecification\",\"valueRequired\":true,\"valueName\":\"search_term_string\"}}],\"inLanguage\":\"pt-BR\"},{\"@type\":\"Organization\",\"@id\":\"https:\\\/\\\/kpi.pt\\\/#organization\",\"name\":\"KLINICA PERIOIMPLANTOLOGICA\",\"url\":\"https:\\\/\\\/kpi.pt\\\/\",\"logo\":{\"@type\":\"ImageObject\",\"inLanguage\":\"pt-BR\",\"@id\":\"https:\\\/\\\/kpi.pt\\\/#\\\/schema\\\/logo\\\/image\\\/\",\"url\":\"https:\\\/\\\/kpi.pt\\\/wp-content\\\/uploads\\\/2023\\\/10\\\/logo-copiar.png\",\"contentUrl\":\"https:\\\/\\\/kpi.pt\\\/wp-content\\\/uploads\\\/2023\\\/10\\\/logo-copiar.png\",\"width\":290,\"height\":160,\"caption\":\"KLINICA PERIOIMPLANTOLOGICA\"},\"image\":{\"@id\":\"https:\\\/\\\/kpi.pt\\\/#\\\/schema\\\/logo\\\/image\\\/\"},\"sameAs\":[\"https:\\\/\\\/www.instagram.com\\\/klinicaperioimplantologica\\\/\"]}]}<\/script>\n<!-- \/ Yoast SEO plugin. -->","yoast_head_json":{"title":"PR\u00d3TESE FIXA - KLINICA PERIOIMPLANTOLOGICA","robots":{"index":"index","follow":"follow","max-snippet":"max-snippet:-1","max-image-preview":"max-image-preview:large","max-video-preview":"max-video-preview:-1"},"canonical":"https:\/\/kpi.pt\/index.php\/protese-fixa\/","og_locale":"pt_BR","og_type":"article","og_title":"PR\u00d3TESE FIXA - KLINICA PERIOIMPLANTOLOGICA","og_description":"Coroas e Pontes O que s\u00e3o coroas\/pontes? Tanto as coroas como as pontes s\u00e3o tratamentos de pr\u00f3tese fixos. Ao contr\u00e1rio das pr\u00f3teses remov\u00edveis, que podem ser retiradas e limpas diariamente, as coroas e as pontes est\u00e3o fixas em dentes ou implantes existentes e s\u00f3 podem ser removidas pelo M\u00e9dico-Dentista. Como funcionam as coroas? A coroa \u00e9 usada para cobrir totalmente ou parte do dente por restaurar. Ainda que fortale\u00e7a o dente a restaurar, a coroa pode ser usada para melhorar a apar\u00eancia, forma ou alinhamento. A coroa pode tamb\u00e9m ser usada como substituto de um dente, quando colocada sobre um implante. O M\u00e9dico-Dentista pode recomendar uma coroa para: \u2022Substituir uma restaura\u00e7\u00e3o muito extensa onde n\u00e3o resta quase nenhuma estrutura dent\u00e1ria\u2022Proteger um dente mais fragilizado, evitando deste modo, fracturas\u2022Restaurar um dente fracturado\u2022Servir de pilar a uma ponte\u2022Cobrir um implante dent\u00e1rio\u2022Cobrir um dente escurecido ou com uma forma menos perfeita\u2022Cobrir um dente com um tratamento endod\u00f4ntico Como \u00e9 que funciona uma ponte? A ponte pode ser recomendada quando h\u00e1 falta de um ou mais dentes. Os espa\u00e7os deixados por dentes perdidos ocasionalmente provocam nos dentes existentes uma movimenta\u00e7\u00e3o no sentido de preencher dos espa\u00e7os vazios, resultando numa m\u00e1 mordida. O desequil\u00edbrio causado por falta de dentes tamb\u00e9m pode conduzir \u00e0 doen\u00e7a gengival e a disfun\u00e7\u00f5es de articula\u00e7\u00e3o temporo-mandibular (ATM).Habitualmente, as pontes s\u00e3o usadas para substituir um ou mais dentes n\u00e3o existentes, ocupando o espa\u00e7o onde faltam os dentes. As pontes s\u00e3o cimentadas em dentes naturais ou em implantes que limitam o espa\u00e7o. Estes dentes, chamados de pilares, s\u00e3o usados nas pontes como pilares da pr\u00f3tese. O dente a ser substitu\u00eddo, chamado p\u00f4ntico, \u00e9 cimentado nas coroas que cobrem os pilares. Como \u00e9 que as coroas e as pontes s\u00e3o feitas? Antes de uma coroa ou ponte ser feita, tem de se preparar o dente ou os dentes para que se consiga fazer encaixar a coroa ou ponte na perfei\u00e7\u00e3o. Depois de preparar o(s) dente(s), o M\u00e9dico-Dentista far\u00e1 uma impress\u00e3o para tirar o molde exacto para a coroa ou ponte. Ser\u00e1 tamb\u00e9m determinada qual a cor dos dentes adjacentes.Usando esta impress\u00e3o, o laborat\u00f3rio prot\u00e9tico ir\u00e1 realizar a coroa ou ponte no material pedido pelo M\u00e9dico-Dentista. Ser\u00e1 colocada uma coroa ou ponte tempor\u00e1ria ou provis\u00f3ria no lugar para cobrir o dente j\u00e1 preparado, enquanto que a coroa ou ponte est\u00e1 a ser produzida. Quando a coroa ou ponte definitiva estiver pronta, a provis\u00f3ria \u00e9 removida e a nova coroa ou ponte ser\u00e1 cimentada no seu dente ou dentes. Quanto tempo dura uma coroa ou uma ponte? De acordo com estudos cient\u00edficos, uma ponte ou coroa pode durar entre 8 a 16 anos. O passo mais importante para garantir a longevidade de uma coroa ou ponte \u00e9 com uma boa higiene oral. Uma ponte pode soltar-se se o suporte do dente ou do osso que a seguram estiver com alguma doen\u00e7a. Mantenha as suas gengivas e dentes saud\u00e1veis, escovando duas vezes por dia com uma pasta flouretada e usando o fio dent\u00e1rio diariamente. Visite o seu dentista ou higienista oral regularmente, para consultas de rotina. https:\/\/kpi.pt\/wp-content\/uploads\/2023\/12\/implantation-7.mp4 Seja atendido pelos melhores especialistas! Marque a sua consulta","og_url":"https:\/\/kpi.pt\/index.php\/protese-fixa\/","og_site_name":"KLINICA PERIOIMPLANTOLOGICA","article_publisher":"https:\/\/www.instagram.com\/klinicaperioimplantologica\/","article_modified_time":"2023-12-08T20:39:23+00:00","twitter_card":"summary_large_image","twitter_misc":{"Est. tempo de leitura":"3 minutos"},"schema":{"@context":"https:\/\/schema.org","@graph":[{"@type":"WebPage","@id":"https:\/\/kpi.pt\/index.php\/protese-fixa\/","url":"https:\/\/kpi.pt\/index.php\/protese-fixa\/","name":"PR\u00d3TESE FIXA - KLINICA PERIOIMPLANTOLOGICA","isPartOf":{"@id":"https:\/\/kpi.pt\/#website"},"datePublished":"2023-09-26T16:45:44+00:00","dateModified":"2023-12-08T20:39:23+00:00","breadcrumb":{"@id":"https:\/\/kpi.pt\/index.php\/protese-fixa\/#breadcrumb"},"inLanguage":"pt-BR","potentialAction":[{"@type":"ReadAction","target":["https:\/\/kpi.pt\/index.php\/protese-fixa\/"]}]},{"@type":"BreadcrumbList","@id":"https:\/\/kpi.pt\/index.php\/protese-fixa\/#breadcrumb","itemListElement":[{"@type":"ListItem","position":1,"name":"Home","item":"https:\/\/kpi.pt\/"},{"@type":"ListItem","position":2,"name":"PR\u00d3TESE FIXA"}]},{"@type":"WebSite","@id":"https:\/\/kpi.pt\/#website","url":"https:\/\/kpi.pt\/","name":"KLINICA PERIOIMPLANTOLOGICA","description":"","publisher":{"@id":"https:\/\/kpi.pt\/#organization"},"potentialAction":[{"@type":"SearchAction","target":{"@type":"EntryPoint","urlTemplate":"https:\/\/kpi.pt\/?s={search_term_string}"},"query-input":{"@type":"PropertyValueSpecification","valueRequired":true,"valueName":"search_term_string"}}],"inLanguage":"pt-BR"},{"@type":"Organization","@id":"https:\/\/kpi.pt\/#organization","name":"KLINICA PERIOIMPLANTOLOGICA","url":"https:\/\/kpi.pt\/","logo":{"@type":"ImageObject","inLanguage":"pt-BR","@id":"https:\/\/kpi.pt\/#\/schema\/logo\/image\/","url":"https:\/\/kpi.pt\/wp-content\/uploads\/2023\/10\/logo-copiar.png","contentUrl":"https:\/\/kpi.pt\/wp-content\/uploads\/2023\/10\/logo-copiar.png","width":290,"height":160,"caption":"KLINICA PERIOIMPLANTOLOGICA"},"image":{"@id":"https:\/\/kpi.pt\/#\/schema\/logo\/image\/"},"sameAs":["https:\/\/www.instagram.com\/klinicaperioimplantologica\/"]}]}},"_links":{"self":[{"href":"https:\/\/kpi.pt\/index.php\/wp-json\/wp\/v2\/pages\/100","targetHints":{"allow":["GET"]}}],"collection":[{"href":"https:\/\/kpi.pt\/index.php\/wp-json\/wp\/v2\/pages"}],"about":[{"href":"https:\/\/kpi.pt\/index.php\/wp-json\/wp\/v2\/types\/page"}],"author":[{"embeddable":true,"href":"https:\/\/kpi.pt\/index.php\/wp-json\/wp\/v2\/users\/1"}],"replies":[{"embeddable":true,"href":"https:\/\/kpi.pt\/index.php\/wp-json\/wp\/v2\/comments?post=100"}],"version-history":[{"count":3,"href":"https:\/\/kpi.pt\/index.php\/wp-json\/wp\/v2\/pages\/100\/revisions"}],"predecessor-version":[{"id":2137,"href":"https:\/\/kpi.pt\/index.php\/wp-json\/wp\/v2\/pages\/100\/revisions\/2137"}],"wp:attachment":[{"href":"https:\/\/kpi.pt\/index.php\/wp-json\/wp\/v2\/media?parent=100"}],"curies":[{"name":"wp","href":"https:\/\/api.w.org\/{rel}","templated":true}]}}