{"id":102,"date":"2023-09-26T13:45:56","date_gmt":"2023-09-26T16:45:56","guid":{"rendered":"https:\/\/kpi.pt\/?page_id=102"},"modified":"2023-12-08T17:40:23","modified_gmt":"2023-12-08T20:40:23","slug":"protese-removivel","status":"publish","type":"page","link":"https:\/\/kpi.pt\/index.php\/protese-removivel\/","title":{"rendered":"PR\u00d3TESE REMOV\u00cdVEL"},"content":{"rendered":"\t\t<div data-elementor-type=\"wp-page\" data-elementor-id=\"102\" class=\"elementor elementor-102\" data-elementor-post-type=\"page\">\n\t\t\t\t<div class=\"elementor-element elementor-element-8d23f82 e-flex e-con-boxed wpr-particle-no wpr-jarallax-no wpr-parallax-no wpr-sticky-section-no wpr-equal-height-no e-con e-parent\" data-id=\"8d23f82\" data-element_type=\"container\" data-e-type=\"container\" data-settings=\"{&quot;background_background&quot;:&quot;classic&quot;}\">\n\t\t\t\t\t<div class=\"e-con-inner\">\n\t\t\t\t<div class=\"elementor-element elementor-element-05308a1 elementor-invisible elementor-widget elementor-widget-heading\" data-id=\"05308a1\" data-element_type=\"widget\" data-e-type=\"widget\" data-settings=\"{&quot;_animation&quot;:&quot;fadeInUp&quot;}\" data-widget_type=\"heading.default\">\n\t\t\t\t<div class=\"elementor-widget-container\">\n\t\t\t\t\t<h1 class=\"elementor-heading-title elementor-size-default\">PR\u00d3TESE REMOV\u00cdVEL<\/h1>\t\t\t\t<\/div>\n\t\t\t\t<\/div>\n\t\t\t\t\t<\/div>\n\t\t\t\t<\/div>\n\t\t<div class=\"elementor-element elementor-element-caa2eee e-flex e-con-boxed wpr-particle-no wpr-jarallax-no wpr-parallax-no wpr-sticky-section-no wpr-equal-height-no e-con e-parent\" data-id=\"caa2eee\" data-element_type=\"container\" data-e-type=\"container\">\n\t\t\t\t\t<div class=\"e-con-inner\">\n\t\t\t\t<div class=\"elementor-element elementor-element-158024c elementor-widget elementor-widget-spacer\" data-id=\"158024c\" data-element_type=\"widget\" data-e-type=\"widget\" data-widget_type=\"spacer.default\">\n\t\t\t\t<div class=\"elementor-widget-container\">\n\t\t\t\t\t\t\t<div class=\"elementor-spacer\">\n\t\t\t<div class=\"elementor-spacer-inner\"><\/div>\n\t\t<\/div>\n\t\t\t\t\t\t<\/div>\n\t\t\t\t<\/div>\n\t\t\t\t<div class=\"elementor-element elementor-element-63b6857 elementor-widget elementor-widget-text-editor\" data-id=\"63b6857\" data-element_type=\"widget\" data-e-type=\"widget\" data-widget_type=\"text-editor.default\">\n\t\t\t\t<div class=\"elementor-widget-container\">\n\t\t\t\t\t\t\t\t\t<p>As pr\u00f3teses remov\u00edveis desempenham um papel importante na odontologia, especialmente para pacientes que n\u00e3o s\u00e3o candidatos a implantes dent\u00e1rios fixos ou que preferem uma op\u00e7\u00e3o mais econ\u00f3mica. No entanto, \u00e9 fundamental cuidar bem das pr\u00f3teses remov\u00edveis, limpando-as regularmente e seguindo as instru\u00e7\u00f5es do dentista para garantir a sua durabilidade e conforto, bem como a sa\u00fade geral da boca. Al\u00e9m disso, as pr\u00f3teses remov\u00edveis podem exigir ajustes peri\u00f3dicos \u00e0 medida que a boca do paciente muda com o tempo.<\/p>\t\t\t\t\t\t\t\t<\/div>\n\t\t\t\t<\/div>\n\t\t\t\t<div class=\"elementor-element elementor-element-e1c9e24 elementor-widget elementor-widget-video\" data-id=\"e1c9e24\" data-element_type=\"widget\" data-e-type=\"widget\" data-settings=\"{&quot;video_type&quot;:&quot;hosted&quot;,&quot;autoplay&quot;:&quot;yes&quot;,&quot;play_on_mobile&quot;:&quot;yes&quot;,&quot;mute&quot;:&quot;yes&quot;,&quot;loop&quot;:&quot;yes&quot;}\" data-widget_type=\"video.default\">\n\t\t\t\t<div class=\"elementor-widget-container\">\n\t\t\t\t\t\t\t<div class=\"e-hosted-video elementor-wrapper elementor-open-inline\">\n\t\t\t\t\t<video class=\"elementor-video\" src=\"https:\/\/kpi.pt\/wp-content\/uploads\/2023\/12\/removable-prosthesis1.mp4\" autoplay=\"\" loop=\"\" muted=\"muted\" playsinline=\"\" controlsList=\"nodownload\"><\/video>\n\t\t\t\t<\/div>\n\t\t\t\t\t\t<\/div>\n\t\t\t\t<\/div>\n\t\t\t\t<div class=\"elementor-element elementor-element-151642c elementor-widget elementor-widget-spacer\" data-id=\"151642c\" data-element_type=\"widget\" data-e-type=\"widget\" data-widget_type=\"spacer.default\">\n\t\t\t\t<div class=\"elementor-widget-container\">\n\t\t\t\t\t\t\t<div class=\"elementor-spacer\">\n\t\t\t<div class=\"elementor-spacer-inner\"><\/div>\n\t\t<\/div>\n\t\t\t\t\t\t<\/div>\n\t\t\t\t<\/div>\n\t\t\t\t\t<\/div>\n\t\t\t\t<\/div>\n\t\t<div class=\"elementor-element elementor-element-449e5cd e-flex e-con-boxed wpr-particle-no wpr-jarallax-no wpr-parallax-no wpr-sticky-section-no wpr-equal-height-no e-con e-parent\" data-id=\"449e5cd\" data-element_type=\"container\" data-e-type=\"container\" data-settings=\"{&quot;background_background&quot;:&quot;classic&quot;}\">\n\t\t\t\t\t<div class=\"e-con-inner\">\n\t\t<div class=\"elementor-element elementor-element-1b2b5ac e-con-full e-flex wpr-particle-no wpr-jarallax-no wpr-parallax-no wpr-sticky-section-no wpr-equal-height-no e-con e-child\" data-id=\"1b2b5ac\" data-element_type=\"container\" data-e-type=\"container\">\n\t\t\t\t<div class=\"elementor-element elementor-element-7979824 elementor-invisible elementor-widget elementor-widget-heading\" data-id=\"7979824\" data-element_type=\"widget\" data-e-type=\"widget\" data-settings=\"{&quot;_animation&quot;:&quot;fadeInUp&quot;}\" data-widget_type=\"heading.default\">\n\t\t\t\t<div class=\"elementor-widget-container\">\n\t\t\t\t\t<p class=\"elementor-heading-title elementor-size-default\">Seja atendido pelos melhores especialistas!<\/p>\t\t\t\t<\/div>\n\t\t\t\t<\/div>\n\t\t\t\t<div class=\"elementor-element elementor-element-e0bd4f0 elementor-align-center elementor-invisible elementor-widget elementor-widget-button\" data-id=\"e0bd4f0\" data-element_type=\"widget\" data-e-type=\"widget\" data-settings=\"{&quot;_animation&quot;:&quot;fadeInUp&quot;}\" data-widget_type=\"button.default\">\n\t\t\t\t<div class=\"elementor-widget-container\">\n\t\t\t\t\t\t\t\t\t<div class=\"elementor-button-wrapper\">\n\t\t\t\t\t<a class=\"elementor-button elementor-button-link elementor-size-sm\" href=\"https:\/\/kpi.pt\/index.php\/consulta\/\">\n\t\t\t\t\t\t<span class=\"elementor-button-content-wrapper\">\n\t\t\t\t\t\t\t\t\t<span class=\"elementor-button-text\">Marque a sua consulta<\/span>\n\t\t\t\t\t<\/span>\n\t\t\t\t\t<\/a>\n\t\t\t\t<\/div>\n\t\t\t\t\t\t\t\t<\/div>\n\t\t\t\t<\/div>\n\t\t\t\t<\/div>\n\t\t\t\t\t<\/div>\n\t\t\t\t<\/div>\n\t\t\t\t<\/div>\n\t\t","protected":false},"excerpt":{"rendered":"<p>As pr\u00f3teses remov\u00edveis desempenham um papel importante na odontologia, especialmente para pacientes que n\u00e3o s\u00e3o candidatos a implantes dent\u00e1rios fixos ou que preferem uma op\u00e7\u00e3o mais econ\u00f3mica. No entanto, \u00e9 fundamental cuidar bem das pr\u00f3teses remov\u00edveis, limpando-as regularmente e seguindo as instru\u00e7\u00f5es do dentista para garantir a sua durabilidade e conforto, bem como a sa\u00fade geral da boca. Al\u00e9m disso, as pr\u00f3teses remov\u00edveis podem exigir ajustes peri\u00f3dicos \u00e0 medida que a boca do paciente muda com o tempo. https:\/\/kpi.pt\/wp-content\/uploads\/2023\/12\/removable-prosthesis1.mp4 Seja atendido pelos melhores especialistas! Marque a sua consulta<\/p>\n","protected":false},"author":1,"featured_media":0,"parent":0,"menu_order":0,"comment_status":"closed","ping_status":"closed","template":"","meta":{"footnotes":""},"class_list":["post-102","page","type-page","status-publish","hentry"],"yoast_head":"<!-- This site is optimized with the Yoast SEO plugin v27.4 - https:\/\/yoast.com\/product\/yoast-seo-wordpress\/ -->\n<title>PR\u00d3TESE REMOV\u00cdVEL - KLINICA PERIOIMPLANTOLOGICA<\/title>\n<meta name=\"robots\" content=\"index, follow, max-snippet:-1, max-image-preview:large, max-video-preview:-1\" \/>\n<link rel=\"canonical\" href=\"https:\/\/kpi.pt\/index.php\/protese-removivel\/\" \/>\n<meta property=\"og:locale\" content=\"pt_BR\" \/>\n<meta property=\"og:type\" content=\"article\" \/>\n<meta property=\"og:title\" content=\"PR\u00d3TESE REMOV\u00cdVEL - KLINICA PERIOIMPLANTOLOGICA\" \/>\n<meta property=\"og:description\" content=\"As pr\u00f3teses remov\u00edveis desempenham um papel importante na odontologia, especialmente para pacientes que n\u00e3o s\u00e3o candidatos a implantes dent\u00e1rios fixos ou que preferem uma op\u00e7\u00e3o mais econ\u00f3mica. No entanto, \u00e9 fundamental cuidar bem das pr\u00f3teses remov\u00edveis, limpando-as regularmente e seguindo as instru\u00e7\u00f5es do dentista para garantir a sua durabilidade e conforto, bem como a sa\u00fade geral da boca. Al\u00e9m disso, as pr\u00f3teses remov\u00edveis podem exigir ajustes peri\u00f3dicos \u00e0 medida que a boca do paciente muda com o tempo. https:\/\/kpi.pt\/wp-content\/uploads\/2023\/12\/removable-prosthesis1.mp4 Seja atendido pelos melhores especialistas! Marque a sua consulta\" \/>\n<meta property=\"og:url\" content=\"https:\/\/kpi.pt\/index.php\/protese-removivel\/\" \/>\n<meta property=\"og:site_name\" content=\"KLINICA PERIOIMPLANTOLOGICA\" \/>\n<meta property=\"article:publisher\" content=\"https:\/\/www.instagram.com\/klinicaperioimplantologica\/\" \/>\n<meta property=\"article:modified_time\" content=\"2023-12-08T20:40:23+00:00\" \/>\n<meta name=\"twitter:card\" content=\"summary_large_image\" \/>\n<meta name=\"twitter:label1\" content=\"Est. tempo de leitura\" \/>\n\t<meta name=\"twitter:data1\" content=\"1 minuto\" \/>\n<script type=\"application\/ld+json\" class=\"yoast-schema-graph\">{\"@context\":\"https:\\\/\\\/schema.org\",\"@graph\":[{\"@type\":\"WebPage\",\"@id\":\"https:\\\/\\\/kpi.pt\\\/index.php\\\/protese-removivel\\\/\",\"url\":\"https:\\\/\\\/kpi.pt\\\/index.php\\\/protese-removivel\\\/\",\"name\":\"PR\u00d3TESE REMOV\u00cdVEL - KLINICA PERIOIMPLANTOLOGICA\",\"isPartOf\":{\"@id\":\"https:\\\/\\\/kpi.pt\\\/#website\"},\"datePublished\":\"2023-09-26T16:45:56+00:00\",\"dateModified\":\"2023-12-08T20:40:23+00:00\",\"breadcrumb\":{\"@id\":\"https:\\\/\\\/kpi.pt\\\/index.php\\\/protese-removivel\\\/#breadcrumb\"},\"inLanguage\":\"pt-BR\",\"potentialAction\":[{\"@type\":\"ReadAction\",\"target\":[\"https:\\\/\\\/kpi.pt\\\/index.php\\\/protese-removivel\\\/\"]}]},{\"@type\":\"BreadcrumbList\",\"@id\":\"https:\\\/\\\/kpi.pt\\\/index.php\\\/protese-removivel\\\/#breadcrumb\",\"itemListElement\":[{\"@type\":\"ListItem\",\"position\":1,\"name\":\"Home\",\"item\":\"https:\\\/\\\/kpi.pt\\\/\"},{\"@type\":\"ListItem\",\"position\":2,\"name\":\"PR\u00d3TESE REMOV\u00cdVEL\"}]},{\"@type\":\"WebSite\",\"@id\":\"https:\\\/\\\/kpi.pt\\\/#website\",\"url\":\"https:\\\/\\\/kpi.pt\\\/\",\"name\":\"KLINICA PERIOIMPLANTOLOGICA\",\"description\":\"\",\"publisher\":{\"@id\":\"https:\\\/\\\/kpi.pt\\\/#organization\"},\"potentialAction\":[{\"@type\":\"SearchAction\",\"target\":{\"@type\":\"EntryPoint\",\"urlTemplate\":\"https:\\\/\\\/kpi.pt\\\/?s={search_term_string}\"},\"query-input\":{\"@type\":\"PropertyValueSpecification\",\"valueRequired\":true,\"valueName\":\"search_term_string\"}}],\"inLanguage\":\"pt-BR\"},{\"@type\":\"Organization\",\"@id\":\"https:\\\/\\\/kpi.pt\\\/#organization\",\"name\":\"KLINICA PERIOIMPLANTOLOGICA\",\"url\":\"https:\\\/\\\/kpi.pt\\\/\",\"logo\":{\"@type\":\"ImageObject\",\"inLanguage\":\"pt-BR\",\"@id\":\"https:\\\/\\\/kpi.pt\\\/#\\\/schema\\\/logo\\\/image\\\/\",\"url\":\"https:\\\/\\\/kpi.pt\\\/wp-content\\\/uploads\\\/2023\\\/10\\\/logo-copiar.png\",\"contentUrl\":\"https:\\\/\\\/kpi.pt\\\/wp-content\\\/uploads\\\/2023\\\/10\\\/logo-copiar.png\",\"width\":290,\"height\":160,\"caption\":\"KLINICA PERIOIMPLANTOLOGICA\"},\"image\":{\"@id\":\"https:\\\/\\\/kpi.pt\\\/#\\\/schema\\\/logo\\\/image\\\/\"},\"sameAs\":[\"https:\\\/\\\/www.instagram.com\\\/klinicaperioimplantologica\\\/\"]}]}<\/script>\n<!-- \/ Yoast SEO plugin. -->","yoast_head_json":{"title":"PR\u00d3TESE REMOV\u00cdVEL - KLINICA PERIOIMPLANTOLOGICA","robots":{"index":"index","follow":"follow","max-snippet":"max-snippet:-1","max-image-preview":"max-image-preview:large","max-video-preview":"max-video-preview:-1"},"canonical":"https:\/\/kpi.pt\/index.php\/protese-removivel\/","og_locale":"pt_BR","og_type":"article","og_title":"PR\u00d3TESE REMOV\u00cdVEL - KLINICA PERIOIMPLANTOLOGICA","og_description":"As pr\u00f3teses remov\u00edveis desempenham um papel importante na odontologia, especialmente para pacientes que n\u00e3o s\u00e3o candidatos a implantes dent\u00e1rios fixos ou que preferem uma op\u00e7\u00e3o mais econ\u00f3mica. No entanto, \u00e9 fundamental cuidar bem das pr\u00f3teses remov\u00edveis, limpando-as regularmente e seguindo as instru\u00e7\u00f5es do dentista para garantir a sua durabilidade e conforto, bem como a sa\u00fade geral da boca. Al\u00e9m disso, as pr\u00f3teses remov\u00edveis podem exigir ajustes peri\u00f3dicos \u00e0 medida que a boca do paciente muda com o tempo. https:\/\/kpi.pt\/wp-content\/uploads\/2023\/12\/removable-prosthesis1.mp4 Seja atendido pelos melhores especialistas! Marque a sua consulta","og_url":"https:\/\/kpi.pt\/index.php\/protese-removivel\/","og_site_name":"KLINICA PERIOIMPLANTOLOGICA","article_publisher":"https:\/\/www.instagram.com\/klinicaperioimplantologica\/","article_modified_time":"2023-12-08T20:40:23+00:00","twitter_card":"summary_large_image","twitter_misc":{"Est. tempo de leitura":"1 minuto"},"schema":{"@context":"https:\/\/schema.org","@graph":[{"@type":"WebPage","@id":"https:\/\/kpi.pt\/index.php\/protese-removivel\/","url":"https:\/\/kpi.pt\/index.php\/protese-removivel\/","name":"PR\u00d3TESE REMOV\u00cdVEL - KLINICA PERIOIMPLANTOLOGICA","isPartOf":{"@id":"https:\/\/kpi.pt\/#website"},"datePublished":"2023-09-26T16:45:56+00:00","dateModified":"2023-12-08T20:40:23+00:00","breadcrumb":{"@id":"https:\/\/kpi.pt\/index.php\/protese-removivel\/#breadcrumb"},"inLanguage":"pt-BR","potentialAction":[{"@type":"ReadAction","target":["https:\/\/kpi.pt\/index.php\/protese-removivel\/"]}]},{"@type":"BreadcrumbList","@id":"https:\/\/kpi.pt\/index.php\/protese-removivel\/#breadcrumb","itemListElement":[{"@type":"ListItem","position":1,"name":"Home","item":"https:\/\/kpi.pt\/"},{"@type":"ListItem","position":2,"name":"PR\u00d3TESE REMOV\u00cdVEL"}]},{"@type":"WebSite","@id":"https:\/\/kpi.pt\/#website","url":"https:\/\/kpi.pt\/","name":"KLINICA PERIOIMPLANTOLOGICA","description":"","publisher":{"@id":"https:\/\/kpi.pt\/#organization"},"potentialAction":[{"@type":"SearchAction","target":{"@type":"EntryPoint","urlTemplate":"https:\/\/kpi.pt\/?s={search_term_string}"},"query-input":{"@type":"PropertyValueSpecification","valueRequired":true,"valueName":"search_term_string"}}],"inLanguage":"pt-BR"},{"@type":"Organization","@id":"https:\/\/kpi.pt\/#organization","name":"KLINICA PERIOIMPLANTOLOGICA","url":"https:\/\/kpi.pt\/","logo":{"@type":"ImageObject","inLanguage":"pt-BR","@id":"https:\/\/kpi.pt\/#\/schema\/logo\/image\/","url":"https:\/\/kpi.pt\/wp-content\/uploads\/2023\/10\/logo-copiar.png","contentUrl":"https:\/\/kpi.pt\/wp-content\/uploads\/2023\/10\/logo-copiar.png","width":290,"height":160,"caption":"KLINICA PERIOIMPLANTOLOGICA"},"image":{"@id":"https:\/\/kpi.pt\/#\/schema\/logo\/image\/"},"sameAs":["https:\/\/www.instagram.com\/klinicaperioimplantologica\/"]}]}},"_links":{"self":[{"href":"https:\/\/kpi.pt\/index.php\/wp-json\/wp\/v2\/pages\/102","targetHints":{"allow":["GET"]}}],"collection":[{"href":"https:\/\/kpi.pt\/index.php\/wp-json\/wp\/v2\/pages"}],"about":[{"href":"https:\/\/kpi.pt\/index.php\/wp-json\/wp\/v2\/types\/page"}],"author":[{"embeddable":true,"href":"https:\/\/kpi.pt\/index.php\/wp-json\/wp\/v2\/users\/1"}],"replies":[{"embeddable":true,"href":"https:\/\/kpi.pt\/index.php\/wp-json\/wp\/v2\/comments?post=102"}],"version-history":[{"count":3,"href":"https:\/\/kpi.pt\/index.php\/wp-json\/wp\/v2\/pages\/102\/revisions"}],"predecessor-version":[{"id":2140,"href":"https:\/\/kpi.pt\/index.php\/wp-json\/wp\/v2\/pages\/102\/revisions\/2140"}],"wp:attachment":[{"href":"https:\/\/kpi.pt\/index.php\/wp-json\/wp\/v2\/media?parent=102"}],"curies":[{"name":"wp","href":"https:\/\/api.w.org\/{rel}","templated":true}]}}