{"id":110,"date":"2023-09-26T13:49:04","date_gmt":"2023-09-26T16:49:04","guid":{"rendered":"https:\/\/kpi.pt\/?page_id=110"},"modified":"2023-12-08T17:21:38","modified_gmt":"2023-12-08T20:21:38","slug":"endodontia","status":"publish","type":"page","link":"https:\/\/kpi.pt\/index.php\/endodontia\/","title":{"rendered":"ENDODONTIA"},"content":{"rendered":"\t\t<div data-elementor-type=\"wp-page\" data-elementor-id=\"110\" class=\"elementor elementor-110\" data-elementor-post-type=\"page\">\n\t\t\t\t<div class=\"elementor-element elementor-element-81c8c43 e-flex e-con-boxed wpr-particle-no wpr-jarallax-no wpr-parallax-no wpr-sticky-section-no wpr-equal-height-no e-con e-parent\" data-id=\"81c8c43\" data-element_type=\"container\" data-e-type=\"container\" data-settings=\"{&quot;background_background&quot;:&quot;classic&quot;}\">\n\t\t\t\t\t<div class=\"e-con-inner\">\n\t\t\t\t<div class=\"elementor-element elementor-element-7829cff elementor-invisible elementor-widget elementor-widget-heading\" data-id=\"7829cff\" data-element_type=\"widget\" data-e-type=\"widget\" data-settings=\"{&quot;_animation&quot;:&quot;fadeInUp&quot;}\" data-widget_type=\"heading.default\">\n\t\t\t\t<div class=\"elementor-widget-container\">\n\t\t\t\t\t<h1 class=\"elementor-heading-title elementor-size-default\">ENDODONTIA<\/h1>\t\t\t\t<\/div>\n\t\t\t\t<\/div>\n\t\t\t\t\t<\/div>\n\t\t\t\t<\/div>\n\t\t<div class=\"elementor-element elementor-element-745fbda e-flex e-con-boxed wpr-particle-no wpr-jarallax-no wpr-parallax-no wpr-sticky-section-no wpr-equal-height-no e-con e-parent\" data-id=\"745fbda\" data-element_type=\"container\" data-e-type=\"container\">\n\t\t\t\t\t<div class=\"e-con-inner\">\n\t\t\t\t<div class=\"elementor-element elementor-element-7d750d4 elementor-widget elementor-widget-spacer\" data-id=\"7d750d4\" data-element_type=\"widget\" data-e-type=\"widget\" data-widget_type=\"spacer.default\">\n\t\t\t\t<div class=\"elementor-widget-container\">\n\t\t\t\t\t\t\t<div class=\"elementor-spacer\">\n\t\t\t<div class=\"elementor-spacer-inner\"><\/div>\n\t\t<\/div>\n\t\t\t\t\t\t<\/div>\n\t\t\t\t<\/div>\n\t\t\t\t<div class=\"elementor-element elementor-element-8fa7a19 elementor-widget elementor-widget-text-editor\" data-id=\"8fa7a19\" data-element_type=\"widget\" data-e-type=\"widget\" data-widget_type=\"text-editor.default\">\n\t\t\t\t<div class=\"elementor-widget-container\">\n\t\t\t\t\t\t\t\t\t<p>A Endodontia \u00e9 uma \u00e1rea especializada da Medicina Dent\u00e1ria que se concentra no diagn\u00f3stico, tratamento e preven\u00e7\u00e3o de doen\u00e7as que afetam a polpa dent\u00e1ria, o tecido interno dos dentes. A especialidade \u00e9 mais conhecida por desvitaliza\u00e7\u00e3o ou tratamento de canal, um procedimento em que se remove a polpa dent\u00e1ria danificada ou infetada e se limpa, preenche e sela o espa\u00e7o vazio para manter o dente.<\/p>\t\t\t\t\t\t\t\t<\/div>\n\t\t\t\t<\/div>\n\t\t\t\t<div class=\"elementor-element elementor-element-e84759e elementor-widget elementor-widget-video\" data-id=\"e84759e\" data-element_type=\"widget\" data-e-type=\"widget\" data-settings=\"{&quot;video_type&quot;:&quot;hosted&quot;,&quot;autoplay&quot;:&quot;yes&quot;,&quot;play_on_mobile&quot;:&quot;yes&quot;,&quot;mute&quot;:&quot;yes&quot;,&quot;loop&quot;:&quot;yes&quot;}\" data-widget_type=\"video.default\">\n\t\t\t\t<div class=\"elementor-widget-container\">\n\t\t\t\t\t\t\t<div class=\"e-hosted-video elementor-wrapper elementor-open-inline\">\n\t\t\t\t\t<video class=\"elementor-video\" src=\"https:\/\/kpi.pt\/wp-content\/uploads\/2023\/12\/endodontics-2.mp4\" autoplay=\"\" loop=\"\" muted=\"muted\" playsinline=\"\" controlsList=\"nodownload\"><\/video>\n\t\t\t\t<\/div>\n\t\t\t\t\t\t<\/div>\n\t\t\t\t<\/div>\n\t\t\t\t<div class=\"elementor-element elementor-element-8e7cbf2 elementor-widget elementor-widget-spacer\" data-id=\"8e7cbf2\" data-element_type=\"widget\" data-e-type=\"widget\" data-widget_type=\"spacer.default\">\n\t\t\t\t<div class=\"elementor-widget-container\">\n\t\t\t\t\t\t\t<div class=\"elementor-spacer\">\n\t\t\t<div class=\"elementor-spacer-inner\"><\/div>\n\t\t<\/div>\n\t\t\t\t\t\t<\/div>\n\t\t\t\t<\/div>\n\t\t\t\t\t<\/div>\n\t\t\t\t<\/div>\n\t\t<div class=\"elementor-element elementor-element-a0d254e e-flex e-con-boxed wpr-particle-no wpr-jarallax-no wpr-parallax-no wpr-sticky-section-no wpr-equal-height-no e-con e-parent\" data-id=\"a0d254e\" data-element_type=\"container\" data-e-type=\"container\" data-settings=\"{&quot;background_background&quot;:&quot;classic&quot;}\">\n\t\t\t\t\t<div class=\"e-con-inner\">\n\t\t<div class=\"elementor-element elementor-element-b2587a9 e-con-full e-flex wpr-particle-no wpr-jarallax-no wpr-parallax-no wpr-sticky-section-no wpr-equal-height-no e-con e-child\" data-id=\"b2587a9\" data-element_type=\"container\" data-e-type=\"container\">\n\t\t\t\t<div class=\"elementor-element elementor-element-ccf6cdb elementor-invisible elementor-widget elementor-widget-heading\" data-id=\"ccf6cdb\" data-element_type=\"widget\" data-e-type=\"widget\" data-settings=\"{&quot;_animation&quot;:&quot;fadeInUp&quot;}\" data-widget_type=\"heading.default\">\n\t\t\t\t<div class=\"elementor-widget-container\">\n\t\t\t\t\t<p class=\"elementor-heading-title elementor-size-default\">Seja atendido pelos melhores especialistas!<\/p>\t\t\t\t<\/div>\n\t\t\t\t<\/div>\n\t\t\t\t<div class=\"elementor-element elementor-element-52f92c5 elementor-align-center elementor-invisible elementor-widget elementor-widget-button\" data-id=\"52f92c5\" data-element_type=\"widget\" data-e-type=\"widget\" data-settings=\"{&quot;_animation&quot;:&quot;fadeInUp&quot;}\" data-widget_type=\"button.default\">\n\t\t\t\t<div class=\"elementor-widget-container\">\n\t\t\t\t\t\t\t\t\t<div class=\"elementor-button-wrapper\">\n\t\t\t\t\t<a class=\"elementor-button elementor-button-link elementor-size-sm\" href=\"https:\/\/kpi.pt\/index.php\/consulta\/\">\n\t\t\t\t\t\t<span class=\"elementor-button-content-wrapper\">\n\t\t\t\t\t\t\t\t\t<span class=\"elementor-button-text\">Marque a sua consulta<\/span>\n\t\t\t\t\t<\/span>\n\t\t\t\t\t<\/a>\n\t\t\t\t<\/div>\n\t\t\t\t\t\t\t\t<\/div>\n\t\t\t\t<\/div>\n\t\t\t\t<\/div>\n\t\t\t\t\t<\/div>\n\t\t\t\t<\/div>\n\t\t\t\t<\/div>\n\t\t","protected":false},"excerpt":{"rendered":"<p>A Endodontia \u00e9 uma \u00e1rea especializada da Medicina Dent\u00e1ria que se concentra no diagn\u00f3stico, tratamento e preven\u00e7\u00e3o de doen\u00e7as que afetam a polpa dent\u00e1ria, o tecido interno dos dentes. A especialidade \u00e9 mais conhecida por desvitaliza\u00e7\u00e3o ou tratamento de canal, um procedimento em que se remove a polpa dent\u00e1ria danificada ou infetada e se limpa, preenche e sela o espa\u00e7o vazio para manter o dente. https:\/\/kpi.pt\/wp-content\/uploads\/2023\/12\/endodontics-2.mp4 Seja atendido pelos melhores especialistas! Marque a sua consulta<\/p>\n","protected":false},"author":1,"featured_media":0,"parent":0,"menu_order":0,"comment_status":"closed","ping_status":"closed","template":"","meta":{"footnotes":""},"class_list":["post-110","page","type-page","status-publish","hentry"],"yoast_head":"<!-- This site is optimized with the Yoast SEO plugin v27.4 - https:\/\/yoast.com\/product\/yoast-seo-wordpress\/ -->\n<title>ENDODONTIA - KLINICA PERIOIMPLANTOLOGICA<\/title>\n<meta name=\"robots\" content=\"index, follow, max-snippet:-1, max-image-preview:large, max-video-preview:-1\" \/>\n<link rel=\"canonical\" href=\"https:\/\/kpi.pt\/index.php\/endodontia\/\" \/>\n<meta property=\"og:locale\" content=\"pt_BR\" \/>\n<meta property=\"og:type\" content=\"article\" \/>\n<meta property=\"og:title\" content=\"ENDODONTIA - KLINICA PERIOIMPLANTOLOGICA\" \/>\n<meta property=\"og:description\" content=\"A Endodontia \u00e9 uma \u00e1rea especializada da Medicina Dent\u00e1ria que se concentra no diagn\u00f3stico, tratamento e preven\u00e7\u00e3o de doen\u00e7as que afetam a polpa dent\u00e1ria, o tecido interno dos dentes. A especialidade \u00e9 mais conhecida por desvitaliza\u00e7\u00e3o ou tratamento de canal, um procedimento em que se remove a polpa dent\u00e1ria danificada ou infetada e se limpa, preenche e sela o espa\u00e7o vazio para manter o dente. https:\/\/kpi.pt\/wp-content\/uploads\/2023\/12\/endodontics-2.mp4 Seja atendido pelos melhores especialistas! Marque a sua consulta\" \/>\n<meta property=\"og:url\" content=\"https:\/\/kpi.pt\/index.php\/endodontia\/\" \/>\n<meta property=\"og:site_name\" content=\"KLINICA PERIOIMPLANTOLOGICA\" \/>\n<meta property=\"article:publisher\" content=\"https:\/\/www.instagram.com\/klinicaperioimplantologica\/\" \/>\n<meta property=\"article:modified_time\" content=\"2023-12-08T20:21:38+00:00\" \/>\n<meta name=\"twitter:card\" content=\"summary_large_image\" \/>\n<script type=\"application\/ld+json\" class=\"yoast-schema-graph\">{\"@context\":\"https:\\\/\\\/schema.org\",\"@graph\":[{\"@type\":\"WebPage\",\"@id\":\"https:\\\/\\\/kpi.pt\\\/index.php\\\/endodontia\\\/\",\"url\":\"https:\\\/\\\/kpi.pt\\\/index.php\\\/endodontia\\\/\",\"name\":\"ENDODONTIA - KLINICA PERIOIMPLANTOLOGICA\",\"isPartOf\":{\"@id\":\"https:\\\/\\\/kpi.pt\\\/#website\"},\"datePublished\":\"2023-09-26T16:49:04+00:00\",\"dateModified\":\"2023-12-08T20:21:38+00:00\",\"breadcrumb\":{\"@id\":\"https:\\\/\\\/kpi.pt\\\/index.php\\\/endodontia\\\/#breadcrumb\"},\"inLanguage\":\"pt-BR\",\"potentialAction\":[{\"@type\":\"ReadAction\",\"target\":[\"https:\\\/\\\/kpi.pt\\\/index.php\\\/endodontia\\\/\"]}]},{\"@type\":\"BreadcrumbList\",\"@id\":\"https:\\\/\\\/kpi.pt\\\/index.php\\\/endodontia\\\/#breadcrumb\",\"itemListElement\":[{\"@type\":\"ListItem\",\"position\":1,\"name\":\"Home\",\"item\":\"https:\\\/\\\/kpi.pt\\\/\"},{\"@type\":\"ListItem\",\"position\":2,\"name\":\"ENDODONTIA\"}]},{\"@type\":\"WebSite\",\"@id\":\"https:\\\/\\\/kpi.pt\\\/#website\",\"url\":\"https:\\\/\\\/kpi.pt\\\/\",\"name\":\"KLINICA PERIOIMPLANTOLOGICA\",\"description\":\"\",\"publisher\":{\"@id\":\"https:\\\/\\\/kpi.pt\\\/#organization\"},\"potentialAction\":[{\"@type\":\"SearchAction\",\"target\":{\"@type\":\"EntryPoint\",\"urlTemplate\":\"https:\\\/\\\/kpi.pt\\\/?s={search_term_string}\"},\"query-input\":{\"@type\":\"PropertyValueSpecification\",\"valueRequired\":true,\"valueName\":\"search_term_string\"}}],\"inLanguage\":\"pt-BR\"},{\"@type\":\"Organization\",\"@id\":\"https:\\\/\\\/kpi.pt\\\/#organization\",\"name\":\"KLINICA PERIOIMPLANTOLOGICA\",\"url\":\"https:\\\/\\\/kpi.pt\\\/\",\"logo\":{\"@type\":\"ImageObject\",\"inLanguage\":\"pt-BR\",\"@id\":\"https:\\\/\\\/kpi.pt\\\/#\\\/schema\\\/logo\\\/image\\\/\",\"url\":\"https:\\\/\\\/kpi.pt\\\/wp-content\\\/uploads\\\/2023\\\/10\\\/logo-copiar.png\",\"contentUrl\":\"https:\\\/\\\/kpi.pt\\\/wp-content\\\/uploads\\\/2023\\\/10\\\/logo-copiar.png\",\"width\":290,\"height\":160,\"caption\":\"KLINICA PERIOIMPLANTOLOGICA\"},\"image\":{\"@id\":\"https:\\\/\\\/kpi.pt\\\/#\\\/schema\\\/logo\\\/image\\\/\"},\"sameAs\":[\"https:\\\/\\\/www.instagram.com\\\/klinicaperioimplantologica\\\/\"]}]}<\/script>\n<!-- \/ Yoast SEO plugin. -->","yoast_head_json":{"title":"ENDODONTIA - KLINICA PERIOIMPLANTOLOGICA","robots":{"index":"index","follow":"follow","max-snippet":"max-snippet:-1","max-image-preview":"max-image-preview:large","max-video-preview":"max-video-preview:-1"},"canonical":"https:\/\/kpi.pt\/index.php\/endodontia\/","og_locale":"pt_BR","og_type":"article","og_title":"ENDODONTIA - KLINICA PERIOIMPLANTOLOGICA","og_description":"A Endodontia \u00e9 uma \u00e1rea especializada da Medicina Dent\u00e1ria que se concentra no diagn\u00f3stico, tratamento e preven\u00e7\u00e3o de doen\u00e7as que afetam a polpa dent\u00e1ria, o tecido interno dos dentes. A especialidade \u00e9 mais conhecida por desvitaliza\u00e7\u00e3o ou tratamento de canal, um procedimento em que se remove a polpa dent\u00e1ria danificada ou infetada e se limpa, preenche e sela o espa\u00e7o vazio para manter o dente. https:\/\/kpi.pt\/wp-content\/uploads\/2023\/12\/endodontics-2.mp4 Seja atendido pelos melhores especialistas! Marque a sua consulta","og_url":"https:\/\/kpi.pt\/index.php\/endodontia\/","og_site_name":"KLINICA PERIOIMPLANTOLOGICA","article_publisher":"https:\/\/www.instagram.com\/klinicaperioimplantologica\/","article_modified_time":"2023-12-08T20:21:38+00:00","twitter_card":"summary_large_image","schema":{"@context":"https:\/\/schema.org","@graph":[{"@type":"WebPage","@id":"https:\/\/kpi.pt\/index.php\/endodontia\/","url":"https:\/\/kpi.pt\/index.php\/endodontia\/","name":"ENDODONTIA - KLINICA PERIOIMPLANTOLOGICA","isPartOf":{"@id":"https:\/\/kpi.pt\/#website"},"datePublished":"2023-09-26T16:49:04+00:00","dateModified":"2023-12-08T20:21:38+00:00","breadcrumb":{"@id":"https:\/\/kpi.pt\/index.php\/endodontia\/#breadcrumb"},"inLanguage":"pt-BR","potentialAction":[{"@type":"ReadAction","target":["https:\/\/kpi.pt\/index.php\/endodontia\/"]}]},{"@type":"BreadcrumbList","@id":"https:\/\/kpi.pt\/index.php\/endodontia\/#breadcrumb","itemListElement":[{"@type":"ListItem","position":1,"name":"Home","item":"https:\/\/kpi.pt\/"},{"@type":"ListItem","position":2,"name":"ENDODONTIA"}]},{"@type":"WebSite","@id":"https:\/\/kpi.pt\/#website","url":"https:\/\/kpi.pt\/","name":"KLINICA PERIOIMPLANTOLOGICA","description":"","publisher":{"@id":"https:\/\/kpi.pt\/#organization"},"potentialAction":[{"@type":"SearchAction","target":{"@type":"EntryPoint","urlTemplate":"https:\/\/kpi.pt\/?s={search_term_string}"},"query-input":{"@type":"PropertyValueSpecification","valueRequired":true,"valueName":"search_term_string"}}],"inLanguage":"pt-BR"},{"@type":"Organization","@id":"https:\/\/kpi.pt\/#organization","name":"KLINICA PERIOIMPLANTOLOGICA","url":"https:\/\/kpi.pt\/","logo":{"@type":"ImageObject","inLanguage":"pt-BR","@id":"https:\/\/kpi.pt\/#\/schema\/logo\/image\/","url":"https:\/\/kpi.pt\/wp-content\/uploads\/2023\/10\/logo-copiar.png","contentUrl":"https:\/\/kpi.pt\/wp-content\/uploads\/2023\/10\/logo-copiar.png","width":290,"height":160,"caption":"KLINICA PERIOIMPLANTOLOGICA"},"image":{"@id":"https:\/\/kpi.pt\/#\/schema\/logo\/image\/"},"sameAs":["https:\/\/www.instagram.com\/klinicaperioimplantologica\/"]}]}},"_links":{"self":[{"href":"https:\/\/kpi.pt\/index.php\/wp-json\/wp\/v2\/pages\/110","targetHints":{"allow":["GET"]}}],"collection":[{"href":"https:\/\/kpi.pt\/index.php\/wp-json\/wp\/v2\/pages"}],"about":[{"href":"https:\/\/kpi.pt\/index.php\/wp-json\/wp\/v2\/types\/page"}],"author":[{"embeddable":true,"href":"https:\/\/kpi.pt\/index.php\/wp-json\/wp\/v2\/users\/1"}],"replies":[{"embeddable":true,"href":"https:\/\/kpi.pt\/index.php\/wp-json\/wp\/v2\/comments?post=110"}],"version-history":[{"count":3,"href":"https:\/\/kpi.pt\/index.php\/wp-json\/wp\/v2\/pages\/110\/revisions"}],"predecessor-version":[{"id":2101,"href":"https:\/\/kpi.pt\/index.php\/wp-json\/wp\/v2\/pages\/110\/revisions\/2101"}],"wp:attachment":[{"href":"https:\/\/kpi.pt\/index.php\/wp-json\/wp\/v2\/media?parent=110"}],"curies":[{"name":"wp","href":"https:\/\/api.w.org\/{rel}","templated":true}]}}