{"id":112,"date":"2023-09-26T13:49:23","date_gmt":"2023-09-26T16:49:23","guid":{"rendered":"https:\/\/kpi.pt\/?page_id=112"},"modified":"2023-10-09T15:11:21","modified_gmt":"2023-10-09T18:11:21","slug":"patologia-oral","status":"publish","type":"page","link":"https:\/\/kpi.pt\/index.php\/patologia-oral\/","title":{"rendered":"PATOLOGIA ORAL"},"content":{"rendered":"\t\t<div data-elementor-type=\"wp-page\" data-elementor-id=\"112\" class=\"elementor elementor-112\" data-elementor-post-type=\"page\">\n\t\t\t\t<div class=\"elementor-element elementor-element-1d7e35e e-flex e-con-boxed wpr-particle-no wpr-jarallax-no wpr-parallax-no wpr-sticky-section-no wpr-equal-height-no e-con e-parent\" data-id=\"1d7e35e\" data-element_type=\"container\" data-e-type=\"container\" data-settings=\"{&quot;background_background&quot;:&quot;classic&quot;}\">\n\t\t\t\t\t<div class=\"e-con-inner\">\n\t\t\t\t<div class=\"elementor-element elementor-element-865e5e0 elementor-invisible elementor-widget elementor-widget-heading\" data-id=\"865e5e0\" data-element_type=\"widget\" data-e-type=\"widget\" data-settings=\"{&quot;_animation&quot;:&quot;fadeInUp&quot;}\" data-widget_type=\"heading.default\">\n\t\t\t\t<div class=\"elementor-widget-container\">\n\t\t\t\t\t<h1 class=\"elementor-heading-title elementor-size-default\">PATOLOGIA ORAL<\/h1>\t\t\t\t<\/div>\n\t\t\t\t<\/div>\n\t\t\t\t\t<\/div>\n\t\t\t\t<\/div>\n\t\t<div class=\"elementor-element elementor-element-29399cd e-flex e-con-boxed wpr-particle-no wpr-jarallax-no wpr-parallax-no wpr-sticky-section-no wpr-equal-height-no e-con e-parent\" data-id=\"29399cd\" data-element_type=\"container\" data-e-type=\"container\">\n\t\t\t\t\t<div class=\"e-con-inner\">\n\t\t\t\t<div class=\"elementor-element elementor-element-04ebe00 elementor-widget elementor-widget-spacer\" data-id=\"04ebe00\" data-element_type=\"widget\" data-e-type=\"widget\" data-widget_type=\"spacer.default\">\n\t\t\t\t<div class=\"elementor-widget-container\">\n\t\t\t\t\t\t\t<div class=\"elementor-spacer\">\n\t\t\t<div class=\"elementor-spacer-inner\"><\/div>\n\t\t<\/div>\n\t\t\t\t\t\t<\/div>\n\t\t\t\t<\/div>\n\t\t\t\t<div class=\"elementor-element elementor-element-b3c9fb3 elementor-widget elementor-widget-text-editor\" data-id=\"b3c9fb3\" data-element_type=\"widget\" data-e-type=\"widget\" data-widget_type=\"text-editor.default\">\n\t\t\t\t<div class=\"elementor-widget-container\">\n\t\t\t\t\t\t\t\t\t<p>A patologia oral \u00e9 uma \u00e1rea da odontologia que se concentra no estudo, diagn\u00f3stico e tratamento de doen\u00e7as e condi\u00e7\u00f5es que afetam a boca e as estruturas associadas, como l\u00e1bios, l\u00edngua, palato, gl\u00e2ndulas salivares e gengivas. Esta \u00e1rea da odontologia est\u00e1 preocupada em identificar e tratar uma ampla variedade de doen\u00e7as e dist\u00farbios que podem ocorrer na cavidade oral.<\/p>\t\t\t\t\t\t\t\t<\/div>\n\t\t\t\t<\/div>\n\t\t\t\t<div class=\"elementor-element elementor-element-3aa4391 elementor-widget elementor-widget-spacer\" data-id=\"3aa4391\" data-element_type=\"widget\" data-e-type=\"widget\" data-widget_type=\"spacer.default\">\n\t\t\t\t<div class=\"elementor-widget-container\">\n\t\t\t\t\t\t\t<div class=\"elementor-spacer\">\n\t\t\t<div class=\"elementor-spacer-inner\"><\/div>\n\t\t<\/div>\n\t\t\t\t\t\t<\/div>\n\t\t\t\t<\/div>\n\t\t\t\t\t<\/div>\n\t\t\t\t<\/div>\n\t\t<div class=\"elementor-element elementor-element-93f1c22 e-flex e-con-boxed wpr-particle-no wpr-jarallax-no wpr-parallax-no wpr-sticky-section-no wpr-equal-height-no e-con e-parent\" data-id=\"93f1c22\" data-element_type=\"container\" data-e-type=\"container\" data-settings=\"{&quot;background_background&quot;:&quot;classic&quot;}\">\n\t\t\t\t\t<div class=\"e-con-inner\">\n\t\t<div class=\"elementor-element elementor-element-da57f2c e-con-full e-flex wpr-particle-no wpr-jarallax-no wpr-parallax-no wpr-sticky-section-no wpr-equal-height-no e-con e-child\" data-id=\"da57f2c\" data-element_type=\"container\" data-e-type=\"container\">\n\t\t\t\t<div class=\"elementor-element elementor-element-c04a131 elementor-invisible elementor-widget elementor-widget-heading\" data-id=\"c04a131\" data-element_type=\"widget\" data-e-type=\"widget\" data-settings=\"{&quot;_animation&quot;:&quot;fadeInUp&quot;}\" data-widget_type=\"heading.default\">\n\t\t\t\t<div class=\"elementor-widget-container\">\n\t\t\t\t\t<p class=\"elementor-heading-title elementor-size-default\">Seja atendido pelos melhores especialistas!<\/p>\t\t\t\t<\/div>\n\t\t\t\t<\/div>\n\t\t\t\t<div class=\"elementor-element elementor-element-135fba1 elementor-align-center elementor-invisible elementor-widget elementor-widget-button\" data-id=\"135fba1\" data-element_type=\"widget\" data-e-type=\"widget\" data-settings=\"{&quot;_animation&quot;:&quot;fadeInUp&quot;}\" data-widget_type=\"button.default\">\n\t\t\t\t<div class=\"elementor-widget-container\">\n\t\t\t\t\t\t\t\t\t<div class=\"elementor-button-wrapper\">\n\t\t\t\t\t<a class=\"elementor-button elementor-button-link elementor-size-sm\" href=\"https:\/\/kpi.pt\/index.php\/consulta\/\">\n\t\t\t\t\t\t<span class=\"elementor-button-content-wrapper\">\n\t\t\t\t\t\t\t\t\t<span class=\"elementor-button-text\">Marque a sua consulta<\/span>\n\t\t\t\t\t<\/span>\n\t\t\t\t\t<\/a>\n\t\t\t\t<\/div>\n\t\t\t\t\t\t\t\t<\/div>\n\t\t\t\t<\/div>\n\t\t\t\t<\/div>\n\t\t\t\t\t<\/div>\n\t\t\t\t<\/div>\n\t\t\t\t<\/div>\n\t\t","protected":false},"excerpt":{"rendered":"<p>A patologia oral \u00e9 uma \u00e1rea da odontologia que se concentra no estudo, diagn\u00f3stico e tratamento de doen\u00e7as e condi\u00e7\u00f5es que afetam a boca e as estruturas associadas, como l\u00e1bios, l\u00edngua, palato, gl\u00e2ndulas salivares e gengivas. Esta \u00e1rea da odontologia est\u00e1 preocupada em identificar e tratar uma ampla variedade de doen\u00e7as e dist\u00farbios que podem ocorrer na cavidade oral. Seja atendido pelos melhores especialistas! Marque a sua consulta<\/p>\n","protected":false},"author":1,"featured_media":0,"parent":0,"menu_order":0,"comment_status":"closed","ping_status":"closed","template":"","meta":{"footnotes":""},"class_list":["post-112","page","type-page","status-publish","hentry"],"yoast_head":"<!-- This site is optimized with the Yoast SEO plugin v27.4 - https:\/\/yoast.com\/product\/yoast-seo-wordpress\/ -->\n<title>PATOLOGIA ORAL - KLINICA PERIOIMPLANTOLOGICA<\/title>\n<meta name=\"robots\" content=\"index, follow, max-snippet:-1, max-image-preview:large, max-video-preview:-1\" \/>\n<link rel=\"canonical\" href=\"https:\/\/kpi.pt\/index.php\/patologia-oral\/\" \/>\n<meta property=\"og:locale\" content=\"pt_BR\" \/>\n<meta property=\"og:type\" content=\"article\" \/>\n<meta property=\"og:title\" content=\"PATOLOGIA ORAL - KLINICA PERIOIMPLANTOLOGICA\" \/>\n<meta property=\"og:description\" content=\"A patologia oral \u00e9 uma \u00e1rea da odontologia que se concentra no estudo, diagn\u00f3stico e tratamento de doen\u00e7as e condi\u00e7\u00f5es que afetam a boca e as estruturas associadas, como l\u00e1bios, l\u00edngua, palato, gl\u00e2ndulas salivares e gengivas. Esta \u00e1rea da odontologia est\u00e1 preocupada em identificar e tratar uma ampla variedade de doen\u00e7as e dist\u00farbios que podem ocorrer na cavidade oral. Seja atendido pelos melhores especialistas! Marque a sua consulta\" \/>\n<meta property=\"og:url\" content=\"https:\/\/kpi.pt\/index.php\/patologia-oral\/\" \/>\n<meta property=\"og:site_name\" content=\"KLINICA PERIOIMPLANTOLOGICA\" \/>\n<meta property=\"article:publisher\" content=\"https:\/\/www.instagram.com\/klinicaperioimplantologica\/\" \/>\n<meta property=\"article:modified_time\" content=\"2023-10-09T18:11:21+00:00\" \/>\n<meta name=\"twitter:card\" content=\"summary_large_image\" \/>\n<script type=\"application\/ld+json\" class=\"yoast-schema-graph\">{\"@context\":\"https:\\\/\\\/schema.org\",\"@graph\":[{\"@type\":\"WebPage\",\"@id\":\"https:\\\/\\\/kpi.pt\\\/index.php\\\/patologia-oral\\\/\",\"url\":\"https:\\\/\\\/kpi.pt\\\/index.php\\\/patologia-oral\\\/\",\"name\":\"PATOLOGIA ORAL - KLINICA PERIOIMPLANTOLOGICA\",\"isPartOf\":{\"@id\":\"https:\\\/\\\/kpi.pt\\\/#website\"},\"datePublished\":\"2023-09-26T16:49:23+00:00\",\"dateModified\":\"2023-10-09T18:11:21+00:00\",\"breadcrumb\":{\"@id\":\"https:\\\/\\\/kpi.pt\\\/index.php\\\/patologia-oral\\\/#breadcrumb\"},\"inLanguage\":\"pt-BR\",\"potentialAction\":[{\"@type\":\"ReadAction\",\"target\":[\"https:\\\/\\\/kpi.pt\\\/index.php\\\/patologia-oral\\\/\"]}]},{\"@type\":\"BreadcrumbList\",\"@id\":\"https:\\\/\\\/kpi.pt\\\/index.php\\\/patologia-oral\\\/#breadcrumb\",\"itemListElement\":[{\"@type\":\"ListItem\",\"position\":1,\"name\":\"Home\",\"item\":\"https:\\\/\\\/kpi.pt\\\/\"},{\"@type\":\"ListItem\",\"position\":2,\"name\":\"PATOLOGIA ORAL\"}]},{\"@type\":\"WebSite\",\"@id\":\"https:\\\/\\\/kpi.pt\\\/#website\",\"url\":\"https:\\\/\\\/kpi.pt\\\/\",\"name\":\"KLINICA PERIOIMPLANTOLOGICA\",\"description\":\"\",\"publisher\":{\"@id\":\"https:\\\/\\\/kpi.pt\\\/#organization\"},\"potentialAction\":[{\"@type\":\"SearchAction\",\"target\":{\"@type\":\"EntryPoint\",\"urlTemplate\":\"https:\\\/\\\/kpi.pt\\\/?s={search_term_string}\"},\"query-input\":{\"@type\":\"PropertyValueSpecification\",\"valueRequired\":true,\"valueName\":\"search_term_string\"}}],\"inLanguage\":\"pt-BR\"},{\"@type\":\"Organization\",\"@id\":\"https:\\\/\\\/kpi.pt\\\/#organization\",\"name\":\"KLINICA PERIOIMPLANTOLOGICA\",\"url\":\"https:\\\/\\\/kpi.pt\\\/\",\"logo\":{\"@type\":\"ImageObject\",\"inLanguage\":\"pt-BR\",\"@id\":\"https:\\\/\\\/kpi.pt\\\/#\\\/schema\\\/logo\\\/image\\\/\",\"url\":\"https:\\\/\\\/kpi.pt\\\/wp-content\\\/uploads\\\/2023\\\/10\\\/logo-copiar.png\",\"contentUrl\":\"https:\\\/\\\/kpi.pt\\\/wp-content\\\/uploads\\\/2023\\\/10\\\/logo-copiar.png\",\"width\":290,\"height\":160,\"caption\":\"KLINICA PERIOIMPLANTOLOGICA\"},\"image\":{\"@id\":\"https:\\\/\\\/kpi.pt\\\/#\\\/schema\\\/logo\\\/image\\\/\"},\"sameAs\":[\"https:\\\/\\\/www.instagram.com\\\/klinicaperioimplantologica\\\/\"]}]}<\/script>\n<!-- \/ Yoast SEO plugin. -->","yoast_head_json":{"title":"PATOLOGIA ORAL - KLINICA PERIOIMPLANTOLOGICA","robots":{"index":"index","follow":"follow","max-snippet":"max-snippet:-1","max-image-preview":"max-image-preview:large","max-video-preview":"max-video-preview:-1"},"canonical":"https:\/\/kpi.pt\/index.php\/patologia-oral\/","og_locale":"pt_BR","og_type":"article","og_title":"PATOLOGIA ORAL - KLINICA PERIOIMPLANTOLOGICA","og_description":"A patologia oral \u00e9 uma \u00e1rea da odontologia que se concentra no estudo, diagn\u00f3stico e tratamento de doen\u00e7as e condi\u00e7\u00f5es que afetam a boca e as estruturas associadas, como l\u00e1bios, l\u00edngua, palato, gl\u00e2ndulas salivares e gengivas. Esta \u00e1rea da odontologia est\u00e1 preocupada em identificar e tratar uma ampla variedade de doen\u00e7as e dist\u00farbios que podem ocorrer na cavidade oral. Seja atendido pelos melhores especialistas! Marque a sua consulta","og_url":"https:\/\/kpi.pt\/index.php\/patologia-oral\/","og_site_name":"KLINICA PERIOIMPLANTOLOGICA","article_publisher":"https:\/\/www.instagram.com\/klinicaperioimplantologica\/","article_modified_time":"2023-10-09T18:11:21+00:00","twitter_card":"summary_large_image","schema":{"@context":"https:\/\/schema.org","@graph":[{"@type":"WebPage","@id":"https:\/\/kpi.pt\/index.php\/patologia-oral\/","url":"https:\/\/kpi.pt\/index.php\/patologia-oral\/","name":"PATOLOGIA ORAL - KLINICA PERIOIMPLANTOLOGICA","isPartOf":{"@id":"https:\/\/kpi.pt\/#website"},"datePublished":"2023-09-26T16:49:23+00:00","dateModified":"2023-10-09T18:11:21+00:00","breadcrumb":{"@id":"https:\/\/kpi.pt\/index.php\/patologia-oral\/#breadcrumb"},"inLanguage":"pt-BR","potentialAction":[{"@type":"ReadAction","target":["https:\/\/kpi.pt\/index.php\/patologia-oral\/"]}]},{"@type":"BreadcrumbList","@id":"https:\/\/kpi.pt\/index.php\/patologia-oral\/#breadcrumb","itemListElement":[{"@type":"ListItem","position":1,"name":"Home","item":"https:\/\/kpi.pt\/"},{"@type":"ListItem","position":2,"name":"PATOLOGIA ORAL"}]},{"@type":"WebSite","@id":"https:\/\/kpi.pt\/#website","url":"https:\/\/kpi.pt\/","name":"KLINICA PERIOIMPLANTOLOGICA","description":"","publisher":{"@id":"https:\/\/kpi.pt\/#organization"},"potentialAction":[{"@type":"SearchAction","target":{"@type":"EntryPoint","urlTemplate":"https:\/\/kpi.pt\/?s={search_term_string}"},"query-input":{"@type":"PropertyValueSpecification","valueRequired":true,"valueName":"search_term_string"}}],"inLanguage":"pt-BR"},{"@type":"Organization","@id":"https:\/\/kpi.pt\/#organization","name":"KLINICA PERIOIMPLANTOLOGICA","url":"https:\/\/kpi.pt\/","logo":{"@type":"ImageObject","inLanguage":"pt-BR","@id":"https:\/\/kpi.pt\/#\/schema\/logo\/image\/","url":"https:\/\/kpi.pt\/wp-content\/uploads\/2023\/10\/logo-copiar.png","contentUrl":"https:\/\/kpi.pt\/wp-content\/uploads\/2023\/10\/logo-copiar.png","width":290,"height":160,"caption":"KLINICA PERIOIMPLANTOLOGICA"},"image":{"@id":"https:\/\/kpi.pt\/#\/schema\/logo\/image\/"},"sameAs":["https:\/\/www.instagram.com\/klinicaperioimplantologica\/"]}]}},"_links":{"self":[{"href":"https:\/\/kpi.pt\/index.php\/wp-json\/wp\/v2\/pages\/112","targetHints":{"allow":["GET"]}}],"collection":[{"href":"https:\/\/kpi.pt\/index.php\/wp-json\/wp\/v2\/pages"}],"about":[{"href":"https:\/\/kpi.pt\/index.php\/wp-json\/wp\/v2\/types\/page"}],"author":[{"embeddable":true,"href":"https:\/\/kpi.pt\/index.php\/wp-json\/wp\/v2\/users\/1"}],"replies":[{"embeddable":true,"href":"https:\/\/kpi.pt\/index.php\/wp-json\/wp\/v2\/comments?post=112"}],"version-history":[{"count":0,"href":"https:\/\/kpi.pt\/index.php\/wp-json\/wp\/v2\/pages\/112\/revisions"}],"wp:attachment":[{"href":"https:\/\/kpi.pt\/index.php\/wp-json\/wp\/v2\/media?parent=112"}],"curies":[{"name":"wp","href":"https:\/\/api.w.org\/{rel}","templated":true}]}}