{"id":116,"date":"2023-09-26T13:50:02","date_gmt":"2023-09-26T16:50:02","guid":{"rendered":"https:\/\/kpi.pt\/?page_id=116"},"modified":"2023-12-08T17:26:54","modified_gmt":"2023-12-08T20:26:54","slug":"fisioterapia-da-disfuncao-temporomandibular","status":"publish","type":"page","link":"https:\/\/kpi.pt\/index.php\/fisioterapia-da-disfuncao-temporomandibular\/","title":{"rendered":"FISIOTERAPIA DA DISFUN\u00c7\u00c3O TEMPOROMANDIBULAR"},"content":{"rendered":"\t\t<div data-elementor-type=\"wp-page\" data-elementor-id=\"116\" class=\"elementor elementor-116\" data-elementor-post-type=\"page\">\n\t\t\t\t<div class=\"elementor-element elementor-element-17f878c e-flex e-con-boxed wpr-particle-no wpr-jarallax-no wpr-parallax-no wpr-sticky-section-no wpr-equal-height-no e-con e-parent\" data-id=\"17f878c\" data-element_type=\"container\" data-e-type=\"container\" data-settings=\"{&quot;background_background&quot;:&quot;classic&quot;}\">\n\t\t\t\t\t<div class=\"e-con-inner\">\n\t\t\t\t<div class=\"elementor-element elementor-element-c27e6e4 elementor-invisible elementor-widget elementor-widget-heading\" data-id=\"c27e6e4\" data-element_type=\"widget\" data-e-type=\"widget\" data-settings=\"{&quot;_animation&quot;:&quot;fadeInUp&quot;}\" data-widget_type=\"heading.default\">\n\t\t\t\t<div class=\"elementor-widget-container\">\n\t\t\t\t\t<h1 class=\"elementor-heading-title elementor-size-default\">FISIOTERAPIA DA DISFUN\u00c7\u00c3O TEMPOROMANDIBULAR<\/h1>\t\t\t\t<\/div>\n\t\t\t\t<\/div>\n\t\t\t\t\t<\/div>\n\t\t\t\t<\/div>\n\t\t<div class=\"elementor-element elementor-element-9b6a392 e-flex e-con-boxed wpr-particle-no wpr-jarallax-no wpr-parallax-no wpr-sticky-section-no wpr-equal-height-no e-con e-parent\" data-id=\"9b6a392\" data-element_type=\"container\" data-e-type=\"container\">\n\t\t\t\t\t<div class=\"e-con-inner\">\n\t\t\t\t<div class=\"elementor-element elementor-element-c03cd24 elementor-widget elementor-widget-spacer\" data-id=\"c03cd24\" data-element_type=\"widget\" data-e-type=\"widget\" data-widget_type=\"spacer.default\">\n\t\t\t\t<div class=\"elementor-widget-container\">\n\t\t\t\t\t\t\t<div class=\"elementor-spacer\">\n\t\t\t<div class=\"elementor-spacer-inner\"><\/div>\n\t\t<\/div>\n\t\t\t\t\t\t<\/div>\n\t\t\t\t<\/div>\n\t\t\t\t<div class=\"elementor-element elementor-element-af8ce7d elementor-widget elementor-widget-text-editor\" data-id=\"af8ce7d\" data-element_type=\"widget\" data-e-type=\"widget\" data-widget_type=\"text-editor.default\">\n\t\t\t\t<div class=\"elementor-widget-container\">\n\t\t\t\t\t\t\t\t\t<p><b>A Fisioterapia na Disfun\u00e7\u00e3o Temporomandibular (DTM)<\/b><\/p><p>A DTM consiste no conjunto de sinais e sintomas, como dor na face e boca, dor de cabe\u00e7a, dor e ru\u00eddos\/estalidos articulares e ranger\/apertar os dentes (bruxismo), relacionados com a articula\u00e7\u00e3o que permite o movimento da boca (articula\u00e7\u00e3o temporomandibular). No correto tratamento desta disfun\u00e7\u00e3o, tendo em conta a diversidade de factores envolvidos, devem ser considerados aspectos funcionais, estruturais, psicol\u00f3gicos e sociais.<br \/>A interven\u00e7\u00e3o da fisioterapia enquadra-se no tratamento multidisciplinar (m\u00e9dico- dentista, Fisioterapeuta, psic\u00f3logo, Cirurgi\u00e3o maxilo-facial) caracter\u00edstico da melhor abordagem a esta condi\u00e7\u00e3o.<\/p><p><b>Em que circunst\u00e2ncia sou avaliado\/a por um Fisioterapeuta?<\/b><\/p><p>O utente apresentando os sinais e sintomas acima descritos \u00e9 encaminhado pelo m\u00e9dico para um fisioterapeuta iniciando assim a terap\u00eautica adequada ao seu caso. O utente pode tamb\u00e9m procurar directamente a avalia\u00e7\u00e3o em Fisioterapia podendo mediante a sua especificidade necessitar da avalia\u00e7\u00e3o e interven\u00e7\u00e3o m\u00e9dica.<\/p><p><b>No que consiste a avalia\u00e7\u00e3o em Fisioterapia num caso de<br \/>DTM?<\/b><\/p><p>A avalia\u00e7\u00e3o em Fisioterapia passa sempre pelo enquadramento biopsicossocial do utente tal como determinado internacionalmente pelo DC TMD (Diagnostic Criteria 2015), assim esta inicia-se com uma entrevista buscando os dados relacionados com as queixas apresentadas, \u00e9 feita uma revis\u00e3o dos restantes sistemas e posteriormente o utente \u00e9 questionado acerca do seu dia a dia profissional e social visando desta forma compreender aquilo que faz e que promove ou perpetua a sua condi\u00e7\u00e3o. Na fase seguinte o utente \u00e9 avaliado fisicamente em particular aspectos do seu controlo postural e motor. Aqui ganha particular import\u00e2ncia a postura do utente bem como o movimento da boca e a rela\u00e7\u00e3o deste com a coluna cervical e ombros.<br \/><b><\/b><\/p><p>Que estrat\u00e9gias de tratamento s\u00e3o utilizadas pelo Fisioterapeuta num caso de DTM?<\/p><p>Na Kl\u00ednica Perioimplantol\u00f3gica Rainha D.Leonor fazemos quest\u00e3o de fazer uma abordagem personalizada e como tal cada utente \u00e9 tratado como \u00fanico podendo as estrat\u00e9gias utilizadas variar.<br \/>De qualquer dos modos a Reeduca\u00e7\u00e3o Postural Global (RPG Souchard) tem na nossa cl\u00ednica especial relev\u00e2ncia pela sua capacidade de adequa\u00e7\u00e3o a cada utente. Outras estrat\u00e9gias como a electroterapia (TENS, Ultra-som, ETPS), calor e frio s\u00e3o tamb\u00e9m<br \/>utilizadas para optimizar resultados. Por fim o treino do movimento \u00e9 efetuado atrav\u00e9s de exerc\u00edcios que visam atingir o padr\u00e3o de movimento oral ideal.<\/p>\t\t\t\t\t\t\t\t<\/div>\n\t\t\t\t<\/div>\n\t\t\t\t<div class=\"elementor-element elementor-element-0de8f3b elementor-widget elementor-widget-video\" data-id=\"0de8f3b\" data-element_type=\"widget\" data-e-type=\"widget\" data-settings=\"{&quot;video_type&quot;:&quot;hosted&quot;,&quot;autoplay&quot;:&quot;yes&quot;,&quot;play_on_mobile&quot;:&quot;yes&quot;,&quot;mute&quot;:&quot;yes&quot;,&quot;loop&quot;:&quot;yes&quot;}\" data-widget_type=\"video.default\">\n\t\t\t\t<div class=\"elementor-widget-container\">\n\t\t\t\t\t\t\t<div class=\"e-hosted-video elementor-wrapper elementor-open-inline\">\n\t\t\t\t\t<video class=\"elementor-video\" src=\"https:\/\/kpi.pt\/wp-content\/uploads\/2023\/12\/Bruxism-3-1.mp4\" autoplay=\"\" loop=\"\" muted=\"muted\" playsinline=\"\" controlsList=\"nodownload\"><\/video>\n\t\t\t\t<\/div>\n\t\t\t\t\t\t<\/div>\n\t\t\t\t<\/div>\n\t\t\t\t<div class=\"elementor-element elementor-element-bff8ced elementor-widget elementor-widget-spacer\" data-id=\"bff8ced\" data-element_type=\"widget\" data-e-type=\"widget\" data-widget_type=\"spacer.default\">\n\t\t\t\t<div class=\"elementor-widget-container\">\n\t\t\t\t\t\t\t<div class=\"elementor-spacer\">\n\t\t\t<div class=\"elementor-spacer-inner\"><\/div>\n\t\t<\/div>\n\t\t\t\t\t\t<\/div>\n\t\t\t\t<\/div>\n\t\t\t\t\t<\/div>\n\t\t\t\t<\/div>\n\t\t<div class=\"elementor-element elementor-element-6379eea e-flex e-con-boxed wpr-particle-no wpr-jarallax-no wpr-parallax-no wpr-sticky-section-no wpr-equal-height-no e-con e-parent\" data-id=\"6379eea\" data-element_type=\"container\" data-e-type=\"container\" data-settings=\"{&quot;background_background&quot;:&quot;classic&quot;}\">\n\t\t\t\t\t<div class=\"e-con-inner\">\n\t\t<div class=\"elementor-element elementor-element-bcd5cd8 e-con-full e-flex wpr-particle-no wpr-jarallax-no wpr-parallax-no wpr-sticky-section-no wpr-equal-height-no e-con e-child\" data-id=\"bcd5cd8\" data-element_type=\"container\" data-e-type=\"container\">\n\t\t\t\t<div class=\"elementor-element elementor-element-64d80b7 elementor-invisible elementor-widget elementor-widget-heading\" data-id=\"64d80b7\" data-element_type=\"widget\" data-e-type=\"widget\" data-settings=\"{&quot;_animation&quot;:&quot;fadeInUp&quot;}\" data-widget_type=\"heading.default\">\n\t\t\t\t<div class=\"elementor-widget-container\">\n\t\t\t\t\t<p class=\"elementor-heading-title elementor-size-default\">Seja atendido pelos melhores especialistas!<\/p>\t\t\t\t<\/div>\n\t\t\t\t<\/div>\n\t\t\t\t<div class=\"elementor-element elementor-element-7815ff4 elementor-align-center elementor-invisible elementor-widget elementor-widget-button\" data-id=\"7815ff4\" data-element_type=\"widget\" data-e-type=\"widget\" data-settings=\"{&quot;_animation&quot;:&quot;fadeInUp&quot;}\" data-widget_type=\"button.default\">\n\t\t\t\t<div class=\"elementor-widget-container\">\n\t\t\t\t\t\t\t\t\t<div class=\"elementor-button-wrapper\">\n\t\t\t\t\t<a class=\"elementor-button elementor-button-link elementor-size-sm\" href=\"https:\/\/kpi.pt\/index.php\/consulta\/\">\n\t\t\t\t\t\t<span class=\"elementor-button-content-wrapper\">\n\t\t\t\t\t\t\t\t\t<span class=\"elementor-button-text\">Marque a sua consulta<\/span>\n\t\t\t\t\t<\/span>\n\t\t\t\t\t<\/a>\n\t\t\t\t<\/div>\n\t\t\t\t\t\t\t\t<\/div>\n\t\t\t\t<\/div>\n\t\t\t\t<\/div>\n\t\t\t\t\t<\/div>\n\t\t\t\t<\/div>\n\t\t\t\t<\/div>\n\t\t","protected":false},"excerpt":{"rendered":"<p>A Fisioterapia na Disfun\u00e7\u00e3o Temporomandibular (DTM) A DTM consiste no conjunto de sinais e sintomas, como dor na face e boca, dor de cabe\u00e7a, dor e ru\u00eddos\/estalidos articulares e ranger\/apertar os dentes (bruxismo), relacionados com a articula\u00e7\u00e3o que permite o movimento da boca (articula\u00e7\u00e3o temporomandibular). No correto tratamento desta disfun\u00e7\u00e3o, tendo em conta a diversidade de factores envolvidos, devem ser considerados aspectos funcionais, estruturais, psicol\u00f3gicos e sociais.A interven\u00e7\u00e3o da fisioterapia enquadra-se no tratamento multidisciplinar (m\u00e9dico- dentista, Fisioterapeuta, psic\u00f3logo, Cirurgi\u00e3o maxilo-facial) caracter\u00edstico da melhor abordagem a esta condi\u00e7\u00e3o. Em que circunst\u00e2ncia sou avaliado\/a por um Fisioterapeuta? O utente apresentando os sinais e sintomas acima descritos \u00e9 encaminhado pelo m\u00e9dico para um fisioterapeuta iniciando assim a terap\u00eautica adequada ao seu caso. O utente pode tamb\u00e9m procurar directamente a avalia\u00e7\u00e3o em Fisioterapia podendo mediante a sua especificidade necessitar da avalia\u00e7\u00e3o e interven\u00e7\u00e3o m\u00e9dica. No que consiste a avalia\u00e7\u00e3o em Fisioterapia num caso deDTM? A avalia\u00e7\u00e3o em Fisioterapia passa sempre pelo enquadramento biopsicossocial do utente tal como determinado internacionalmente pelo DC TMD (Diagnostic Criteria 2015), assim esta inicia-se com uma entrevista buscando os dados relacionados com as queixas apresentadas, \u00e9 feita uma revis\u00e3o dos restantes sistemas e posteriormente o utente \u00e9 questionado acerca do seu dia a dia profissional e social visando desta forma compreender aquilo que faz e que promove ou perpetua a sua condi\u00e7\u00e3o. Na fase seguinte o utente \u00e9 avaliado fisicamente em particular aspectos do seu controlo postural e motor. Aqui ganha particular import\u00e2ncia a postura do utente bem como o movimento da boca e a rela\u00e7\u00e3o deste com a coluna cervical e ombros. Que estrat\u00e9gias de tratamento s\u00e3o utilizadas pelo Fisioterapeuta num caso de DTM? Na Kl\u00ednica Perioimplantol\u00f3gica Rainha D.Leonor fazemos quest\u00e3o de fazer uma abordagem personalizada e como tal cada utente \u00e9 tratado como \u00fanico podendo as estrat\u00e9gias utilizadas variar.De qualquer dos modos a Reeduca\u00e7\u00e3o Postural Global (RPG Souchard) tem na nossa cl\u00ednica especial relev\u00e2ncia pela sua capacidade de adequa\u00e7\u00e3o a cada utente. Outras estrat\u00e9gias como a electroterapia (TENS, Ultra-som, ETPS), calor e frio s\u00e3o tamb\u00e9mutilizadas para optimizar resultados. Por fim o treino do movimento \u00e9 efetuado atrav\u00e9s de exerc\u00edcios que visam atingir o padr\u00e3o de movimento oral ideal. https:\/\/kpi.pt\/wp-content\/uploads\/2023\/12\/Bruxism-3-1.mp4 Seja atendido pelos melhores especialistas! Marque a sua consulta<\/p>\n","protected":false},"author":1,"featured_media":0,"parent":0,"menu_order":0,"comment_status":"closed","ping_status":"closed","template":"","meta":{"footnotes":""},"class_list":["post-116","page","type-page","status-publish","hentry"],"yoast_head":"<!-- This site is optimized with the Yoast SEO plugin v27.4 - https:\/\/yoast.com\/product\/yoast-seo-wordpress\/ -->\n<title>FISIOTERAPIA DA DISFUN\u00c7\u00c3O TEMPOROMANDIBULAR - KLINICA PERIOIMPLANTOLOGICA<\/title>\n<meta name=\"robots\" content=\"index, follow, max-snippet:-1, max-image-preview:large, max-video-preview:-1\" \/>\n<link rel=\"canonical\" href=\"https:\/\/kpi.pt\/index.php\/fisioterapia-da-disfuncao-temporomandibular\/\" \/>\n<meta property=\"og:locale\" content=\"pt_BR\" \/>\n<meta property=\"og:type\" content=\"article\" \/>\n<meta property=\"og:title\" content=\"FISIOTERAPIA DA DISFUN\u00c7\u00c3O TEMPOROMANDIBULAR - KLINICA PERIOIMPLANTOLOGICA\" \/>\n<meta property=\"og:description\" content=\"A Fisioterapia na Disfun\u00e7\u00e3o Temporomandibular (DTM) A DTM consiste no conjunto de sinais e sintomas, como dor na face e boca, dor de cabe\u00e7a, dor e ru\u00eddos\/estalidos articulares e ranger\/apertar os dentes (bruxismo), relacionados com a articula\u00e7\u00e3o que permite o movimento da boca (articula\u00e7\u00e3o temporomandibular). No correto tratamento desta disfun\u00e7\u00e3o, tendo em conta a diversidade de factores envolvidos, devem ser considerados aspectos funcionais, estruturais, psicol\u00f3gicos e sociais.A interven\u00e7\u00e3o da fisioterapia enquadra-se no tratamento multidisciplinar (m\u00e9dico- dentista, Fisioterapeuta, psic\u00f3logo, Cirurgi\u00e3o maxilo-facial) caracter\u00edstico da melhor abordagem a esta condi\u00e7\u00e3o. Em que circunst\u00e2ncia sou avaliado\/a por um Fisioterapeuta? O utente apresentando os sinais e sintomas acima descritos \u00e9 encaminhado pelo m\u00e9dico para um fisioterapeuta iniciando assim a terap\u00eautica adequada ao seu caso. O utente pode tamb\u00e9m procurar directamente a avalia\u00e7\u00e3o em Fisioterapia podendo mediante a sua especificidade necessitar da avalia\u00e7\u00e3o e interven\u00e7\u00e3o m\u00e9dica. No que consiste a avalia\u00e7\u00e3o em Fisioterapia num caso deDTM? A avalia\u00e7\u00e3o em Fisioterapia passa sempre pelo enquadramento biopsicossocial do utente tal como determinado internacionalmente pelo DC TMD (Diagnostic Criteria 2015), assim esta inicia-se com uma entrevista buscando os dados relacionados com as queixas apresentadas, \u00e9 feita uma revis\u00e3o dos restantes sistemas e posteriormente o utente \u00e9 questionado acerca do seu dia a dia profissional e social visando desta forma compreender aquilo que faz e que promove ou perpetua a sua condi\u00e7\u00e3o. Na fase seguinte o utente \u00e9 avaliado fisicamente em particular aspectos do seu controlo postural e motor. Aqui ganha particular import\u00e2ncia a postura do utente bem como o movimento da boca e a rela\u00e7\u00e3o deste com a coluna cervical e ombros. Que estrat\u00e9gias de tratamento s\u00e3o utilizadas pelo Fisioterapeuta num caso de DTM? Na Kl\u00ednica Perioimplantol\u00f3gica Rainha D.Leonor fazemos quest\u00e3o de fazer uma abordagem personalizada e como tal cada utente \u00e9 tratado como \u00fanico podendo as estrat\u00e9gias utilizadas variar.De qualquer dos modos a Reeduca\u00e7\u00e3o Postural Global (RPG Souchard) tem na nossa cl\u00ednica especial relev\u00e2ncia pela sua capacidade de adequa\u00e7\u00e3o a cada utente. Outras estrat\u00e9gias como a electroterapia (TENS, Ultra-som, ETPS), calor e frio s\u00e3o tamb\u00e9mutilizadas para optimizar resultados. Por fim o treino do movimento \u00e9 efetuado atrav\u00e9s de exerc\u00edcios que visam atingir o padr\u00e3o de movimento oral ideal. https:\/\/kpi.pt\/wp-content\/uploads\/2023\/12\/Bruxism-3-1.mp4 Seja atendido pelos melhores especialistas! Marque a sua consulta\" \/>\n<meta property=\"og:url\" content=\"https:\/\/kpi.pt\/index.php\/fisioterapia-da-disfuncao-temporomandibular\/\" \/>\n<meta property=\"og:site_name\" content=\"KLINICA PERIOIMPLANTOLOGICA\" \/>\n<meta property=\"article:publisher\" content=\"https:\/\/www.instagram.com\/klinicaperioimplantologica\/\" \/>\n<meta property=\"article:modified_time\" content=\"2023-12-08T20:26:54+00:00\" \/>\n<meta name=\"twitter:card\" content=\"summary_large_image\" \/>\n<meta name=\"twitter:label1\" content=\"Est. tempo de leitura\" \/>\n\t<meta name=\"twitter:data1\" content=\"2 minutos\" \/>\n<script type=\"application\/ld+json\" class=\"yoast-schema-graph\">{\"@context\":\"https:\\\/\\\/schema.org\",\"@graph\":[{\"@type\":\"WebPage\",\"@id\":\"https:\\\/\\\/kpi.pt\\\/index.php\\\/fisioterapia-da-disfuncao-temporomandibular\\\/\",\"url\":\"https:\\\/\\\/kpi.pt\\\/index.php\\\/fisioterapia-da-disfuncao-temporomandibular\\\/\",\"name\":\"FISIOTERAPIA DA DISFUN\u00c7\u00c3O TEMPOROMANDIBULAR - KLINICA PERIOIMPLANTOLOGICA\",\"isPartOf\":{\"@id\":\"https:\\\/\\\/kpi.pt\\\/#website\"},\"datePublished\":\"2023-09-26T16:50:02+00:00\",\"dateModified\":\"2023-12-08T20:26:54+00:00\",\"breadcrumb\":{\"@id\":\"https:\\\/\\\/kpi.pt\\\/index.php\\\/fisioterapia-da-disfuncao-temporomandibular\\\/#breadcrumb\"},\"inLanguage\":\"pt-BR\",\"potentialAction\":[{\"@type\":\"ReadAction\",\"target\":[\"https:\\\/\\\/kpi.pt\\\/index.php\\\/fisioterapia-da-disfuncao-temporomandibular\\\/\"]}]},{\"@type\":\"BreadcrumbList\",\"@id\":\"https:\\\/\\\/kpi.pt\\\/index.php\\\/fisioterapia-da-disfuncao-temporomandibular\\\/#breadcrumb\",\"itemListElement\":[{\"@type\":\"ListItem\",\"position\":1,\"name\":\"Home\",\"item\":\"https:\\\/\\\/kpi.pt\\\/\"},{\"@type\":\"ListItem\",\"position\":2,\"name\":\"FISIOTERAPIA DA DISFUN\u00c7\u00c3O TEMPOROMANDIBULAR\"}]},{\"@type\":\"WebSite\",\"@id\":\"https:\\\/\\\/kpi.pt\\\/#website\",\"url\":\"https:\\\/\\\/kpi.pt\\\/\",\"name\":\"KLINICA PERIOIMPLANTOLOGICA\",\"description\":\"\",\"publisher\":{\"@id\":\"https:\\\/\\\/kpi.pt\\\/#organization\"},\"potentialAction\":[{\"@type\":\"SearchAction\",\"target\":{\"@type\":\"EntryPoint\",\"urlTemplate\":\"https:\\\/\\\/kpi.pt\\\/?s={search_term_string}\"},\"query-input\":{\"@type\":\"PropertyValueSpecification\",\"valueRequired\":true,\"valueName\":\"search_term_string\"}}],\"inLanguage\":\"pt-BR\"},{\"@type\":\"Organization\",\"@id\":\"https:\\\/\\\/kpi.pt\\\/#organization\",\"name\":\"KLINICA PERIOIMPLANTOLOGICA\",\"url\":\"https:\\\/\\\/kpi.pt\\\/\",\"logo\":{\"@type\":\"ImageObject\",\"inLanguage\":\"pt-BR\",\"@id\":\"https:\\\/\\\/kpi.pt\\\/#\\\/schema\\\/logo\\\/image\\\/\",\"url\":\"https:\\\/\\\/kpi.pt\\\/wp-content\\\/uploads\\\/2023\\\/10\\\/logo-copiar.png\",\"contentUrl\":\"https:\\\/\\\/kpi.pt\\\/wp-content\\\/uploads\\\/2023\\\/10\\\/logo-copiar.png\",\"width\":290,\"height\":160,\"caption\":\"KLINICA PERIOIMPLANTOLOGICA\"},\"image\":{\"@id\":\"https:\\\/\\\/kpi.pt\\\/#\\\/schema\\\/logo\\\/image\\\/\"},\"sameAs\":[\"https:\\\/\\\/www.instagram.com\\\/klinicaperioimplantologica\\\/\"]}]}<\/script>\n<!-- \/ Yoast SEO plugin. -->","yoast_head_json":{"title":"FISIOTERAPIA DA DISFUN\u00c7\u00c3O TEMPOROMANDIBULAR - KLINICA PERIOIMPLANTOLOGICA","robots":{"index":"index","follow":"follow","max-snippet":"max-snippet:-1","max-image-preview":"max-image-preview:large","max-video-preview":"max-video-preview:-1"},"canonical":"https:\/\/kpi.pt\/index.php\/fisioterapia-da-disfuncao-temporomandibular\/","og_locale":"pt_BR","og_type":"article","og_title":"FISIOTERAPIA DA DISFUN\u00c7\u00c3O TEMPOROMANDIBULAR - KLINICA PERIOIMPLANTOLOGICA","og_description":"A Fisioterapia na Disfun\u00e7\u00e3o Temporomandibular (DTM) A DTM consiste no conjunto de sinais e sintomas, como dor na face e boca, dor de cabe\u00e7a, dor e ru\u00eddos\/estalidos articulares e ranger\/apertar os dentes (bruxismo), relacionados com a articula\u00e7\u00e3o que permite o movimento da boca (articula\u00e7\u00e3o temporomandibular). No correto tratamento desta disfun\u00e7\u00e3o, tendo em conta a diversidade de factores envolvidos, devem ser considerados aspectos funcionais, estruturais, psicol\u00f3gicos e sociais.A interven\u00e7\u00e3o da fisioterapia enquadra-se no tratamento multidisciplinar (m\u00e9dico- dentista, Fisioterapeuta, psic\u00f3logo, Cirurgi\u00e3o maxilo-facial) caracter\u00edstico da melhor abordagem a esta condi\u00e7\u00e3o. Em que circunst\u00e2ncia sou avaliado\/a por um Fisioterapeuta? O utente apresentando os sinais e sintomas acima descritos \u00e9 encaminhado pelo m\u00e9dico para um fisioterapeuta iniciando assim a terap\u00eautica adequada ao seu caso. O utente pode tamb\u00e9m procurar directamente a avalia\u00e7\u00e3o em Fisioterapia podendo mediante a sua especificidade necessitar da avalia\u00e7\u00e3o e interven\u00e7\u00e3o m\u00e9dica. No que consiste a avalia\u00e7\u00e3o em Fisioterapia num caso deDTM? A avalia\u00e7\u00e3o em Fisioterapia passa sempre pelo enquadramento biopsicossocial do utente tal como determinado internacionalmente pelo DC TMD (Diagnostic Criteria 2015), assim esta inicia-se com uma entrevista buscando os dados relacionados com as queixas apresentadas, \u00e9 feita uma revis\u00e3o dos restantes sistemas e posteriormente o utente \u00e9 questionado acerca do seu dia a dia profissional e social visando desta forma compreender aquilo que faz e que promove ou perpetua a sua condi\u00e7\u00e3o. Na fase seguinte o utente \u00e9 avaliado fisicamente em particular aspectos do seu controlo postural e motor. Aqui ganha particular import\u00e2ncia a postura do utente bem como o movimento da boca e a rela\u00e7\u00e3o deste com a coluna cervical e ombros. Que estrat\u00e9gias de tratamento s\u00e3o utilizadas pelo Fisioterapeuta num caso de DTM? Na Kl\u00ednica Perioimplantol\u00f3gica Rainha D.Leonor fazemos quest\u00e3o de fazer uma abordagem personalizada e como tal cada utente \u00e9 tratado como \u00fanico podendo as estrat\u00e9gias utilizadas variar.De qualquer dos modos a Reeduca\u00e7\u00e3o Postural Global (RPG Souchard) tem na nossa cl\u00ednica especial relev\u00e2ncia pela sua capacidade de adequa\u00e7\u00e3o a cada utente. Outras estrat\u00e9gias como a electroterapia (TENS, Ultra-som, ETPS), calor e frio s\u00e3o tamb\u00e9mutilizadas para optimizar resultados. Por fim o treino do movimento \u00e9 efetuado atrav\u00e9s de exerc\u00edcios que visam atingir o padr\u00e3o de movimento oral ideal. https:\/\/kpi.pt\/wp-content\/uploads\/2023\/12\/Bruxism-3-1.mp4 Seja atendido pelos melhores especialistas! Marque a sua consulta","og_url":"https:\/\/kpi.pt\/index.php\/fisioterapia-da-disfuncao-temporomandibular\/","og_site_name":"KLINICA PERIOIMPLANTOLOGICA","article_publisher":"https:\/\/www.instagram.com\/klinicaperioimplantologica\/","article_modified_time":"2023-12-08T20:26:54+00:00","twitter_card":"summary_large_image","twitter_misc":{"Est. tempo de leitura":"2 minutos"},"schema":{"@context":"https:\/\/schema.org","@graph":[{"@type":"WebPage","@id":"https:\/\/kpi.pt\/index.php\/fisioterapia-da-disfuncao-temporomandibular\/","url":"https:\/\/kpi.pt\/index.php\/fisioterapia-da-disfuncao-temporomandibular\/","name":"FISIOTERAPIA DA DISFUN\u00c7\u00c3O TEMPOROMANDIBULAR - KLINICA PERIOIMPLANTOLOGICA","isPartOf":{"@id":"https:\/\/kpi.pt\/#website"},"datePublished":"2023-09-26T16:50:02+00:00","dateModified":"2023-12-08T20:26:54+00:00","breadcrumb":{"@id":"https:\/\/kpi.pt\/index.php\/fisioterapia-da-disfuncao-temporomandibular\/#breadcrumb"},"inLanguage":"pt-BR","potentialAction":[{"@type":"ReadAction","target":["https:\/\/kpi.pt\/index.php\/fisioterapia-da-disfuncao-temporomandibular\/"]}]},{"@type":"BreadcrumbList","@id":"https:\/\/kpi.pt\/index.php\/fisioterapia-da-disfuncao-temporomandibular\/#breadcrumb","itemListElement":[{"@type":"ListItem","position":1,"name":"Home","item":"https:\/\/kpi.pt\/"},{"@type":"ListItem","position":2,"name":"FISIOTERAPIA DA DISFUN\u00c7\u00c3O TEMPOROMANDIBULAR"}]},{"@type":"WebSite","@id":"https:\/\/kpi.pt\/#website","url":"https:\/\/kpi.pt\/","name":"KLINICA PERIOIMPLANTOLOGICA","description":"","publisher":{"@id":"https:\/\/kpi.pt\/#organization"},"potentialAction":[{"@type":"SearchAction","target":{"@type":"EntryPoint","urlTemplate":"https:\/\/kpi.pt\/?s={search_term_string}"},"query-input":{"@type":"PropertyValueSpecification","valueRequired":true,"valueName":"search_term_string"}}],"inLanguage":"pt-BR"},{"@type":"Organization","@id":"https:\/\/kpi.pt\/#organization","name":"KLINICA PERIOIMPLANTOLOGICA","url":"https:\/\/kpi.pt\/","logo":{"@type":"ImageObject","inLanguage":"pt-BR","@id":"https:\/\/kpi.pt\/#\/schema\/logo\/image\/","url":"https:\/\/kpi.pt\/wp-content\/uploads\/2023\/10\/logo-copiar.png","contentUrl":"https:\/\/kpi.pt\/wp-content\/uploads\/2023\/10\/logo-copiar.png","width":290,"height":160,"caption":"KLINICA PERIOIMPLANTOLOGICA"},"image":{"@id":"https:\/\/kpi.pt\/#\/schema\/logo\/image\/"},"sameAs":["https:\/\/www.instagram.com\/klinicaperioimplantologica\/"]}]}},"_links":{"self":[{"href":"https:\/\/kpi.pt\/index.php\/wp-json\/wp\/v2\/pages\/116","targetHints":{"allow":["GET"]}}],"collection":[{"href":"https:\/\/kpi.pt\/index.php\/wp-json\/wp\/v2\/pages"}],"about":[{"href":"https:\/\/kpi.pt\/index.php\/wp-json\/wp\/v2\/types\/page"}],"author":[{"embeddable":true,"href":"https:\/\/kpi.pt\/index.php\/wp-json\/wp\/v2\/users\/1"}],"replies":[{"embeddable":true,"href":"https:\/\/kpi.pt\/index.php\/wp-json\/wp\/v2\/comments?post=116"}],"version-history":[{"count":3,"href":"https:\/\/kpi.pt\/index.php\/wp-json\/wp\/v2\/pages\/116\/revisions"}],"predecessor-version":[{"id":2109,"href":"https:\/\/kpi.pt\/index.php\/wp-json\/wp\/v2\/pages\/116\/revisions\/2109"}],"wp:attachment":[{"href":"https:\/\/kpi.pt\/index.php\/wp-json\/wp\/v2\/media?parent=116"}],"curies":[{"name":"wp","href":"https:\/\/api.w.org\/{rel}","templated":true}]}}