{"id":2999,"date":"2025-07-29T09:50:37","date_gmt":"2025-07-29T12:50:37","guid":{"rendered":"https:\/\/kpi.pt\/?page_id=2999"},"modified":"2026-03-04T23:18:20","modified_gmt":"2026-03-05T02:18:20","slug":"articulacao-temporo-mandibular","status":"publish","type":"page","link":"https:\/\/kpi.pt\/index.php\/articulacao-temporo-mandibular\/","title":{"rendered":"ARTICULA\u00c7\u00c3O TEMPORO-MANDIBULAR"},"content":{"rendered":"\t\t<div data-elementor-type=\"wp-page\" data-elementor-id=\"2999\" class=\"elementor elementor-2999\" data-elementor-post-type=\"page\">\n\t\t\t\t<div class=\"elementor-element elementor-element-0b2d864 e-flex e-con-boxed wpr-particle-no wpr-jarallax-no wpr-parallax-no wpr-sticky-section-no wpr-equal-height-no e-con e-parent\" data-id=\"0b2d864\" data-element_type=\"container\" data-e-type=\"container\" data-settings=\"{&quot;background_background&quot;:&quot;classic&quot;}\">\n\t\t\t\t\t<div class=\"e-con-inner\">\n\t\t\t\t<div class=\"elementor-element elementor-element-d69191a elementor-invisible elementor-widget elementor-widget-heading\" data-id=\"d69191a\" data-element_type=\"widget\" data-e-type=\"widget\" data-settings=\"{&quot;_animation&quot;:&quot;fadeInUp&quot;}\" data-widget_type=\"heading.default\">\n\t\t\t\t<div class=\"elementor-widget-container\">\n\t\t\t\t\t<h1 class=\"elementor-heading-title elementor-size-default\">ARTICULA\u00c7\u00c3O TEMPORO-MANDIBULAR<\/h1>\t\t\t\t<\/div>\n\t\t\t\t<\/div>\n\t\t\t\t\t<\/div>\n\t\t\t\t<\/div>\n\t\t<div class=\"elementor-element elementor-element-f7e1d37 e-flex e-con-boxed wpr-particle-no wpr-jarallax-no wpr-parallax-no wpr-sticky-section-no wpr-equal-height-no e-con e-parent\" data-id=\"f7e1d37\" data-element_type=\"container\" data-e-type=\"container\">\n\t\t\t\t\t<div class=\"e-con-inner\">\n\t\t\t\t<div class=\"elementor-element elementor-element-0ed9cd5 elementor-widget elementor-widget-spacer\" data-id=\"0ed9cd5\" data-element_type=\"widget\" data-e-type=\"widget\" data-widget_type=\"spacer.default\">\n\t\t\t\t<div class=\"elementor-widget-container\">\n\t\t\t\t\t\t\t<div class=\"elementor-spacer\">\n\t\t\t<div class=\"elementor-spacer-inner\"><\/div>\n\t\t<\/div>\n\t\t\t\t\t\t<\/div>\n\t\t\t\t<\/div>\n\t\t\t\t<div class=\"elementor-element elementor-element-5f7c60b elementor-widget elementor-widget-text-editor\" data-id=\"5f7c60b\" data-element_type=\"widget\" data-e-type=\"widget\" data-widget_type=\"text-editor.default\">\n\t\t\t\t<div class=\"elementor-widget-container\">\n\t\t\t\t\t\t\t\t\t<p>As articula\u00e7\u00f5es temporomandibulares (ATM) s\u00e3o distintas da maioria das outras articula\u00e7\u00f5es sinoviais do corpo pela coincid\u00eancia de certas caracter\u00edsticas. As suas superf\u00edcies articulares n\u00e3o s\u00e3o cobertas por cartilagens hialinas como em qualquer outro lugar. Os dois componentes articulados transportam os dentes da forma, posi\u00e7\u00e3o e oclus\u00e3o dos quais t\u00eam uma influ\u00eancia \u00fanica em posi\u00e7\u00f5es e movimentos espec\u00edficos dentro da articula\u00e7\u00e3o. Um disco fibrocartilaginoso \u00e9 interposto entre superf\u00edcies articulares superiores e inferiores; este disco compensa as incongru\u00eancias nas partes opostas e permite movimentos de deslizamento, de rota\u00e7\u00e3o e de rota\u00e7\u00e3o entre os componentes \u00f3sseos.&nbsp;<\/p>\n<p>A ATM \u00e9 uma articula\u00e7\u00e3o possui com tr\u00eas camadas de amortecimento de fibrocartilagem no disco, bem como em zonas sub-articulares na fossa e cabe\u00e7a da mandibula. A superf\u00edcie articular com peri\u00f3steo produz fibrocartilagem para resistir a cargas pesadas, e possui propriedades reparadoras e adaptativas \u00fanicas para manter fun\u00e7\u00f5es de suporte de vida em condi\u00e7\u00f5es ambientais adversas.<\/p>\n<p>O movimento da mand\u00edbula \u00e9 analisado como a a\u00e7\u00e3o entre dois componentes r\u00edgidos unidos de uma forma particular, a mand\u00edbula m\u00f3vel contra o cr\u00e2nio estabilizado.<\/p>\n<p>As ATM desempenham pap\u00e9is cruciais na mastiga\u00e7\u00e3o e mobilidade da mand\u00edbula, e na express\u00e3o verbal e emocional.<\/p>\n<p>Os dist\u00farbios temporomandibulares (DTM), apresentam uma preval\u00eancia de 5 a 12 % e incluem v\u00e1rias desordens que podem levar a sintomas de dor orofacial e limita\u00e7\u00e3o funcional.<\/p>\t\t\t\t\t\t\t\t<\/div>\n\t\t\t\t<\/div>\n\t\t\t\t<div class=\"elementor-element elementor-element-0551a74 elementor-widget elementor-widget-button\" data-id=\"0551a74\" data-element_type=\"widget\" data-e-type=\"widget\" data-widget_type=\"button.default\">\n\t\t\t\t<div class=\"elementor-widget-container\">\n\t\t\t\t\t\t\t\t\t<div class=\"elementor-button-wrapper\">\n\t\t\t\t\t<a class=\"elementor-button elementor-button-link elementor-size-sm\" href=\"https:\/\/kpi.pt\/wp-content\/uploads\/2023\/10\/Articulacao-Termo-Mandibular.pdf\" target=\"_blank\">\n\t\t\t\t\t\t<span class=\"elementor-button-content-wrapper\">\n\t\t\t\t\t\t\t\t\t<span class=\"elementor-button-text\">PDF Articulacao Termo-Mandibular<\/span>\n\t\t\t\t\t<\/span>\n\t\t\t\t\t<\/a>\n\t\t\t\t<\/div>\n\t\t\t\t\t\t\t\t<\/div>\n\t\t\t\t<\/div>\n\t\t\t\t<div class=\"elementor-element elementor-element-70e0b52 elementor-widget elementor-widget-video\" data-id=\"70e0b52\" data-element_type=\"widget\" data-e-type=\"widget\" data-settings=\"{&quot;video_type&quot;:&quot;hosted&quot;,&quot;autoplay&quot;:&quot;yes&quot;,&quot;play_on_mobile&quot;:&quot;yes&quot;,&quot;mute&quot;:&quot;yes&quot;,&quot;loop&quot;:&quot;yes&quot;}\" data-widget_type=\"video.default\">\n\t\t\t\t<div class=\"elementor-widget-container\">\n\t\t\t\t\t\t\t<div class=\"e-hosted-video elementor-wrapper elementor-open-inline\">\n\t\t\t\t\t<video class=\"elementor-video\" src=\"https:\/\/kpi.pt\/wp-content\/uploads\/2023\/12\/bruxism-4.mp4\" autoplay=\"\" loop=\"\" muted=\"muted\" playsinline=\"\" controlsList=\"nodownload\"><\/video>\n\t\t\t\t<\/div>\n\t\t\t\t\t\t<\/div>\n\t\t\t\t<\/div>\n\t\t\t\t<div class=\"elementor-element elementor-element-0bac63a elementor-widget elementor-widget-spacer\" data-id=\"0bac63a\" data-element_type=\"widget\" data-e-type=\"widget\" data-widget_type=\"spacer.default\">\n\t\t\t\t<div class=\"elementor-widget-container\">\n\t\t\t\t\t\t\t<div class=\"elementor-spacer\">\n\t\t\t<div class=\"elementor-spacer-inner\"><\/div>\n\t\t<\/div>\n\t\t\t\t\t\t<\/div>\n\t\t\t\t<\/div>\n\t\t\t\t\t<\/div>\n\t\t\t\t<\/div>\n\t\t<div class=\"elementor-element elementor-element-bfe008d e-flex e-con-boxed wpr-particle-no wpr-jarallax-no wpr-parallax-no wpr-sticky-section-no wpr-equal-height-no e-con e-parent\" data-id=\"bfe008d\" data-element_type=\"container\" data-e-type=\"container\" data-settings=\"{&quot;background_background&quot;:&quot;classic&quot;}\">\n\t\t\t\t\t<div class=\"e-con-inner\">\n\t\t<div class=\"elementor-element elementor-element-7c52427 e-con-full e-flex wpr-particle-no wpr-jarallax-no wpr-parallax-no wpr-sticky-section-no wpr-equal-height-no e-con e-child\" data-id=\"7c52427\" data-element_type=\"container\" data-e-type=\"container\">\n\t\t\t\t<div class=\"elementor-element elementor-element-1be1691 elementor-invisible elementor-widget elementor-widget-heading\" data-id=\"1be1691\" data-element_type=\"widget\" data-e-type=\"widget\" data-settings=\"{&quot;_animation&quot;:&quot;fadeInUp&quot;}\" data-widget_type=\"heading.default\">\n\t\t\t\t<div class=\"elementor-widget-container\">\n\t\t\t\t\t<p class=\"elementor-heading-title elementor-size-default\">Seja atendido pelos melhores especialistas!<\/p>\t\t\t\t<\/div>\n\t\t\t\t<\/div>\n\t\t\t\t<div class=\"elementor-element elementor-element-9e7aa29 elementor-align-center elementor-invisible elementor-widget elementor-widget-button\" data-id=\"9e7aa29\" data-element_type=\"widget\" data-e-type=\"widget\" data-settings=\"{&quot;_animation&quot;:&quot;fadeInUp&quot;}\" data-widget_type=\"button.default\">\n\t\t\t\t<div class=\"elementor-widget-container\">\n\t\t\t\t\t\t\t\t\t<div class=\"elementor-button-wrapper\">\n\t\t\t\t\t<a class=\"elementor-button elementor-button-link elementor-size-sm\" href=\"https:\/\/kpi.pt\/index.php\/consulta\/\">\n\t\t\t\t\t\t<span class=\"elementor-button-content-wrapper\">\n\t\t\t\t\t\t\t\t\t<span class=\"elementor-button-text\">Marque a sua consulta<\/span>\n\t\t\t\t\t<\/span>\n\t\t\t\t\t<\/a>\n\t\t\t\t<\/div>\n\t\t\t\t\t\t\t\t<\/div>\n\t\t\t\t<\/div>\n\t\t\t\t<\/div>\n\t\t\t\t\t<\/div>\n\t\t\t\t<\/div>\n\t\t\t\t<\/div>\n\t\t","protected":false},"excerpt":{"rendered":"<p>As articula\u00e7\u00f5es temporomandibulares (ATM) s\u00e3o distintas da maioria das outras articula\u00e7\u00f5es sinoviais do corpo pela coincid\u00eancia de certas caracter\u00edsticas. As suas superf\u00edcies articulares n\u00e3o s\u00e3o cobertas por cartilagens hialinas como em qualquer outro lugar. Os dois componentes articulados transportam os dentes da forma, posi\u00e7\u00e3o e oclus\u00e3o dos quais t\u00eam uma influ\u00eancia \u00fanica em posi\u00e7\u00f5es e movimentos espec\u00edficos dentro da articula\u00e7\u00e3o. Um disco fibrocartilaginoso \u00e9 interposto entre superf\u00edcies articulares superiores e inferiores; este disco compensa as incongru\u00eancias nas partes opostas e permite movimentos de deslizamento, de rota\u00e7\u00e3o e de rota\u00e7\u00e3o entre os componentes \u00f3sseos.&nbsp; A ATM \u00e9 uma articula\u00e7\u00e3o possui com tr\u00eas camadas de amortecimento de fibrocartilagem no disco, bem como em zonas sub-articulares na fossa e cabe\u00e7a da mandibula. A superf\u00edcie articular com peri\u00f3steo produz fibrocartilagem para resistir a cargas pesadas, e possui propriedades reparadoras e adaptativas \u00fanicas para manter fun\u00e7\u00f5es de suporte de vida em condi\u00e7\u00f5es ambientais adversas. O movimento da mand\u00edbula \u00e9 analisado como a a\u00e7\u00e3o entre dois componentes r\u00edgidos unidos de uma forma particular, a mand\u00edbula m\u00f3vel contra o cr\u00e2nio estabilizado. As ATM desempenham pap\u00e9is cruciais na mastiga\u00e7\u00e3o e mobilidade da mand\u00edbula, e na express\u00e3o verbal e emocional. Os dist\u00farbios temporomandibulares (DTM), apresentam uma preval\u00eancia de 5 a 12 % e incluem v\u00e1rias desordens que podem levar a sintomas de dor orofacial e limita\u00e7\u00e3o funcional. PDF Articulacao Termo-Mandibular https:\/\/kpi.pt\/wp-content\/uploads\/2023\/12\/bruxism-4.mp4 Seja atendido pelos melhores especialistas! Marque a sua consulta<\/p>\n","protected":false},"author":1,"featured_media":0,"parent":0,"menu_order":0,"comment_status":"closed","ping_status":"closed","template":"","meta":{"footnotes":""},"class_list":["post-2999","page","type-page","status-publish","hentry"],"yoast_head":"<!-- This site is optimized with the Yoast SEO plugin v27.4 - https:\/\/yoast.com\/product\/yoast-seo-wordpress\/ -->\n<title>ARTICULA\u00c7\u00c3O TEMPORO-MANDIBULAR - KLINICA PERIOIMPLANTOLOGICA<\/title>\n<meta name=\"description\" content=\"As articula\u00e7\u00f5es temporomandibulares (ATM) s\u00e3o distintas da maioria das outras articula\u00e7\u00f5es sinoviais do corpo pela coincid\u00eancia\" \/>\n<meta name=\"robots\" content=\"index, follow, max-snippet:-1, max-image-preview:large, max-video-preview:-1\" \/>\n<link rel=\"canonical\" href=\"https:\/\/kpi.pt\/index.php\/articulacao-temporo-mandibular\/\" \/>\n<meta property=\"og:locale\" content=\"pt_BR\" \/>\n<meta property=\"og:type\" content=\"article\" \/>\n<meta property=\"og:title\" content=\"ARTICULA\u00c7\u00c3O TEMPORO-MANDIBULAR - KLINICA PERIOIMPLANTOLOGICA\" \/>\n<meta property=\"og:description\" content=\"As articula\u00e7\u00f5es temporomandibulares (ATM) s\u00e3o distintas da maioria das outras articula\u00e7\u00f5es sinoviais do corpo pela coincid\u00eancia\" \/>\n<meta property=\"og:url\" content=\"https:\/\/kpi.pt\/index.php\/articulacao-temporo-mandibular\/\" \/>\n<meta property=\"og:site_name\" content=\"KLINICA PERIOIMPLANTOLOGICA\" \/>\n<meta property=\"article:publisher\" content=\"https:\/\/www.instagram.com\/klinicaperioimplantologica\/\" \/>\n<meta property=\"article:modified_time\" content=\"2026-03-05T02:18:20+00:00\" \/>\n<meta name=\"twitter:card\" content=\"summary_large_image\" \/>\n<meta name=\"twitter:label1\" content=\"Est. tempo de leitura\" \/>\n\t<meta name=\"twitter:data1\" content=\"2 minutos\" \/>\n<script type=\"application\/ld+json\" class=\"yoast-schema-graph\">{\"@context\":\"https:\\\/\\\/schema.org\",\"@graph\":[{\"@type\":[\"WebPage\",\"ItemPage\"],\"@id\":\"https:\\\/\\\/kpi.pt\\\/index.php\\\/articulacao-temporo-mandibular\\\/\",\"url\":\"https:\\\/\\\/kpi.pt\\\/index.php\\\/articulacao-temporo-mandibular\\\/\",\"name\":\"ARTICULA\u00c7\u00c3O TEMPORO-MANDIBULAR - KLINICA PERIOIMPLANTOLOGICA\",\"isPartOf\":{\"@id\":\"https:\\\/\\\/kpi.pt\\\/#website\"},\"datePublished\":\"2025-07-29T12:50:37+00:00\",\"dateModified\":\"2026-03-05T02:18:20+00:00\",\"description\":\"As articula\u00e7\u00f5es temporomandibulares (ATM) s\u00e3o distintas da maioria das outras articula\u00e7\u00f5es sinoviais do corpo pela coincid\u00eancia\",\"breadcrumb\":{\"@id\":\"https:\\\/\\\/kpi.pt\\\/index.php\\\/articulacao-temporo-mandibular\\\/#breadcrumb\"},\"inLanguage\":\"pt-BR\",\"potentialAction\":[{\"@type\":\"ReadAction\",\"target\":[\"https:\\\/\\\/kpi.pt\\\/index.php\\\/articulacao-temporo-mandibular\\\/\"]}]},{\"@type\":\"BreadcrumbList\",\"@id\":\"https:\\\/\\\/kpi.pt\\\/index.php\\\/articulacao-temporo-mandibular\\\/#breadcrumb\",\"itemListElement\":[{\"@type\":\"ListItem\",\"position\":1,\"name\":\"Home\",\"item\":\"https:\\\/\\\/kpi.pt\\\/\"},{\"@type\":\"ListItem\",\"position\":2,\"name\":\"ARTICULA\u00c7\u00c3O TEMPORO-MANDIBULAR\"}]},{\"@type\":\"WebSite\",\"@id\":\"https:\\\/\\\/kpi.pt\\\/#website\",\"url\":\"https:\\\/\\\/kpi.pt\\\/\",\"name\":\"KLINICA PERIOIMPLANTOLOGICA\",\"description\":\"\",\"publisher\":{\"@id\":\"https:\\\/\\\/kpi.pt\\\/#organization\"},\"potentialAction\":[{\"@type\":\"SearchAction\",\"target\":{\"@type\":\"EntryPoint\",\"urlTemplate\":\"https:\\\/\\\/kpi.pt\\\/?s={search_term_string}\"},\"query-input\":{\"@type\":\"PropertyValueSpecification\",\"valueRequired\":true,\"valueName\":\"search_term_string\"}}],\"inLanguage\":\"pt-BR\"},{\"@type\":\"Organization\",\"@id\":\"https:\\\/\\\/kpi.pt\\\/#organization\",\"name\":\"KLINICA PERIOIMPLANTOLOGICA\",\"url\":\"https:\\\/\\\/kpi.pt\\\/\",\"logo\":{\"@type\":\"ImageObject\",\"inLanguage\":\"pt-BR\",\"@id\":\"https:\\\/\\\/kpi.pt\\\/#\\\/schema\\\/logo\\\/image\\\/\",\"url\":\"https:\\\/\\\/kpi.pt\\\/wp-content\\\/uploads\\\/2023\\\/10\\\/logo-copiar.png\",\"contentUrl\":\"https:\\\/\\\/kpi.pt\\\/wp-content\\\/uploads\\\/2023\\\/10\\\/logo-copiar.png\",\"width\":290,\"height\":160,\"caption\":\"KLINICA PERIOIMPLANTOLOGICA\"},\"image\":{\"@id\":\"https:\\\/\\\/kpi.pt\\\/#\\\/schema\\\/logo\\\/image\\\/\"},\"sameAs\":[\"https:\\\/\\\/www.instagram.com\\\/klinicaperioimplantologica\\\/\"]}]}<\/script>\n<!-- \/ Yoast SEO plugin. -->","yoast_head_json":{"title":"ARTICULA\u00c7\u00c3O TEMPORO-MANDIBULAR - KLINICA PERIOIMPLANTOLOGICA","description":"As articula\u00e7\u00f5es temporomandibulares (ATM) s\u00e3o distintas da maioria das outras articula\u00e7\u00f5es sinoviais do corpo pela coincid\u00eancia","robots":{"index":"index","follow":"follow","max-snippet":"max-snippet:-1","max-image-preview":"max-image-preview:large","max-video-preview":"max-video-preview:-1"},"canonical":"https:\/\/kpi.pt\/index.php\/articulacao-temporo-mandibular\/","og_locale":"pt_BR","og_type":"article","og_title":"ARTICULA\u00c7\u00c3O TEMPORO-MANDIBULAR - KLINICA PERIOIMPLANTOLOGICA","og_description":"As articula\u00e7\u00f5es temporomandibulares (ATM) s\u00e3o distintas da maioria das outras articula\u00e7\u00f5es sinoviais do corpo pela coincid\u00eancia","og_url":"https:\/\/kpi.pt\/index.php\/articulacao-temporo-mandibular\/","og_site_name":"KLINICA PERIOIMPLANTOLOGICA","article_publisher":"https:\/\/www.instagram.com\/klinicaperioimplantologica\/","article_modified_time":"2026-03-05T02:18:20+00:00","twitter_card":"summary_large_image","twitter_misc":{"Est. tempo de leitura":"2 minutos"},"schema":{"@context":"https:\/\/schema.org","@graph":[{"@type":["WebPage","ItemPage"],"@id":"https:\/\/kpi.pt\/index.php\/articulacao-temporo-mandibular\/","url":"https:\/\/kpi.pt\/index.php\/articulacao-temporo-mandibular\/","name":"ARTICULA\u00c7\u00c3O TEMPORO-MANDIBULAR - KLINICA PERIOIMPLANTOLOGICA","isPartOf":{"@id":"https:\/\/kpi.pt\/#website"},"datePublished":"2025-07-29T12:50:37+00:00","dateModified":"2026-03-05T02:18:20+00:00","description":"As articula\u00e7\u00f5es temporomandibulares (ATM) s\u00e3o distintas da maioria das outras articula\u00e7\u00f5es sinoviais do corpo pela coincid\u00eancia","breadcrumb":{"@id":"https:\/\/kpi.pt\/index.php\/articulacao-temporo-mandibular\/#breadcrumb"},"inLanguage":"pt-BR","potentialAction":[{"@type":"ReadAction","target":["https:\/\/kpi.pt\/index.php\/articulacao-temporo-mandibular\/"]}]},{"@type":"BreadcrumbList","@id":"https:\/\/kpi.pt\/index.php\/articulacao-temporo-mandibular\/#breadcrumb","itemListElement":[{"@type":"ListItem","position":1,"name":"Home","item":"https:\/\/kpi.pt\/"},{"@type":"ListItem","position":2,"name":"ARTICULA\u00c7\u00c3O TEMPORO-MANDIBULAR"}]},{"@type":"WebSite","@id":"https:\/\/kpi.pt\/#website","url":"https:\/\/kpi.pt\/","name":"KLINICA PERIOIMPLANTOLOGICA","description":"","publisher":{"@id":"https:\/\/kpi.pt\/#organization"},"potentialAction":[{"@type":"SearchAction","target":{"@type":"EntryPoint","urlTemplate":"https:\/\/kpi.pt\/?s={search_term_string}"},"query-input":{"@type":"PropertyValueSpecification","valueRequired":true,"valueName":"search_term_string"}}],"inLanguage":"pt-BR"},{"@type":"Organization","@id":"https:\/\/kpi.pt\/#organization","name":"KLINICA PERIOIMPLANTOLOGICA","url":"https:\/\/kpi.pt\/","logo":{"@type":"ImageObject","inLanguage":"pt-BR","@id":"https:\/\/kpi.pt\/#\/schema\/logo\/image\/","url":"https:\/\/kpi.pt\/wp-content\/uploads\/2023\/10\/logo-copiar.png","contentUrl":"https:\/\/kpi.pt\/wp-content\/uploads\/2023\/10\/logo-copiar.png","width":290,"height":160,"caption":"KLINICA PERIOIMPLANTOLOGICA"},"image":{"@id":"https:\/\/kpi.pt\/#\/schema\/logo\/image\/"},"sameAs":["https:\/\/www.instagram.com\/klinicaperioimplantologica\/"]}]}},"_links":{"self":[{"href":"https:\/\/kpi.pt\/index.php\/wp-json\/wp\/v2\/pages\/2999","targetHints":{"allow":["GET"]}}],"collection":[{"href":"https:\/\/kpi.pt\/index.php\/wp-json\/wp\/v2\/pages"}],"about":[{"href":"https:\/\/kpi.pt\/index.php\/wp-json\/wp\/v2\/types\/page"}],"author":[{"embeddable":true,"href":"https:\/\/kpi.pt\/index.php\/wp-json\/wp\/v2\/users\/1"}],"replies":[{"embeddable":true,"href":"https:\/\/kpi.pt\/index.php\/wp-json\/wp\/v2\/comments?post=2999"}],"version-history":[{"count":6,"href":"https:\/\/kpi.pt\/index.php\/wp-json\/wp\/v2\/pages\/2999\/revisions"}],"predecessor-version":[{"id":3153,"href":"https:\/\/kpi.pt\/index.php\/wp-json\/wp\/v2\/pages\/2999\/revisions\/3153"}],"wp:attachment":[{"href":"https:\/\/kpi.pt\/index.php\/wp-json\/wp\/v2\/media?parent=2999"}],"curies":[{"name":"wp","href":"https:\/\/api.w.org\/{rel}","templated":true}]}}