{"id":350,"date":"2023-10-02T14:55:19","date_gmt":"2023-10-02T17:55:19","guid":{"rendered":"https:\/\/kpi.pt\/?page_id=350"},"modified":"2023-10-10T14:17:16","modified_gmt":"2023-10-10T17:17:16","slug":"clinica-dentaria-caldas-da-rainha","status":"publish","type":"page","link":"https:\/\/kpi.pt\/index.php\/clinica-dentaria-caldas-da-rainha\/","title":{"rendered":"CL\u00cdNICA DENT\u00c1RIA CALDAS DA RAINHA"},"content":{"rendered":"\t\t<div data-elementor-type=\"wp-page\" data-elementor-id=\"350\" class=\"elementor elementor-350\" data-elementor-post-type=\"page\">\n\t\t\t\t<div class=\"elementor-element elementor-element-7c8b4f3 e-flex e-con-boxed wpr-particle-no wpr-jarallax-no wpr-parallax-no wpr-sticky-section-no wpr-equal-height-no e-con e-parent\" data-id=\"7c8b4f3\" data-element_type=\"container\" data-e-type=\"container\">\n\t\t\t\t\t<div class=\"e-con-inner\">\n\t\t\t\t\t<\/div>\n\t\t\t\t<\/div>\n\t\t<div class=\"elementor-element elementor-element-49bca2f e-flex e-con-boxed wpr-particle-no wpr-jarallax-no wpr-parallax-no wpr-sticky-section-no wpr-equal-height-no e-con e-parent\" data-id=\"49bca2f\" data-element_type=\"container\" data-e-type=\"container\">\n\t\t\t\t\t<div class=\"e-con-inner\">\n\t\t\t\t<div class=\"elementor-element elementor-element-9af0704 elementor-widget elementor-widget-spacer\" data-id=\"9af0704\" data-element_type=\"widget\" data-e-type=\"widget\" data-widget_type=\"spacer.default\">\n\t\t\t\t<div class=\"elementor-widget-container\">\n\t\t\t\t\t\t\t<div class=\"elementor-spacer\">\n\t\t\t<div class=\"elementor-spacer-inner\"><\/div>\n\t\t<\/div>\n\t\t\t\t\t\t<\/div>\n\t\t\t\t<\/div>\n\t\t\t\t<div class=\"elementor-element elementor-element-eebb216 elementor-widget elementor-widget-heading\" data-id=\"eebb216\" data-element_type=\"widget\" data-e-type=\"widget\" data-widget_type=\"heading.default\">\n\t\t\t\t<div class=\"elementor-widget-container\">\n\t\t\t\t\t<h4 class=\"elementor-heading-title elementor-size-default\">CL\u00cdNICA DENT\u00c1RIA CALDAS DA RAINHA<\/h4>\t\t\t\t<\/div>\n\t\t\t\t<\/div>\n\t\t\t\t<div class=\"elementor-element elementor-element-1892b17 elementor-widget elementor-widget-text-editor\" data-id=\"1892b17\" data-element_type=\"widget\" data-e-type=\"widget\" data-widget_type=\"text-editor.default\">\n\t\t\t\t<div class=\"elementor-widget-container\">\n\t\t\t\t\t\t\t\t\t<p>Situada na pra\u00e7a 5 de Outubro (antiga pra\u00e7a do peixe), a Klinica em Caldas da Rainha oferece uma localiza\u00e7\u00e3o central, facilmente acess\u00edvel de autom\u00f3vel, ou por transportes p\u00fablicos, utilizando o TOMA. Junto \u00e0 Klinica existe um estacionamento subterr\u00e2neo, que os nossos pacientes podem utilizar, sendo gratuito durante os primeiros 30 minutos.<\/p>\t\t\t\t\t\t\t\t<\/div>\n\t\t\t\t<\/div>\n\t\t\t\t<div class=\"elementor-element elementor-element-7820fdf elementor-icon-list--layout-inline elementor-align-center elementor-list-item-link-full_width elementor-widget elementor-widget-icon-list\" data-id=\"7820fdf\" data-element_type=\"widget\" data-e-type=\"widget\" data-widget_type=\"icon-list.default\">\n\t\t\t\t<div class=\"elementor-widget-container\">\n\t\t\t\t\t\t\t<ul class=\"elementor-icon-list-items elementor-inline-items\">\n\t\t\t\t\t\t\t<li class=\"elementor-icon-list-item elementor-inline-item\">\n\t\t\t\t\t\t\t\t\t\t\t<span class=\"elementor-icon-list-icon\">\n\t\t\t\t\t\t\t<svg xmlns=\"http:\/\/www.w3.org\/2000\/svg\" width=\"16\" height=\"16\" fill=\"currentColor\" class=\"bi bi-geo-alt\" viewBox=\"0 0 16 16\"><path d=\"M12.166 8.94c-.524 1.062-1.234 2.12-1.96 3.07A31.493 31.493 0 0 1 8 14.58a31.481 31.481 0 0 1-2.206-2.57c-.726-.95-1.436-2.008-1.96-3.07C3.304 7.867 3 6.862 3 6a5 5 0 0 1 10 0c0 .862-.305 1.867-.834 2.94zM8 16s6-5.686 6-10A6 6 0 0 0 2 6c0 4.314 6 10 6 10z\"><\/path><path d=\"M8 8a2 2 0 1 1 0-4 2 2 0 0 1 0 4zm0 1a3 3 0 1 0 0-6 3 3 0 0 0 0 6z\"><\/path><\/svg>\t\t\t\t\t\t<\/span>\n\t\t\t\t\t\t\t\t\t\t<span class=\"elementor-icon-list-text\">Pra\u00e7a 5 de Outubro 15A 15B, 2500-111 Caldas da Rainha<\/span>\n\t\t\t\t\t\t\t\t\t<\/li>\n\t\t\t\t\t\t\t\t<li class=\"elementor-icon-list-item elementor-inline-item\">\n\t\t\t\t\t\t\t\t\t\t\t<span class=\"elementor-icon-list-icon\">\n\t\t\t\t\t\t\t<svg xmlns=\"http:\/\/www.w3.org\/2000\/svg\" width=\"16\" height=\"16\" fill=\"currentColor\" class=\"bi bi-telephone\" viewBox=\"0 0 16 16\"><path d=\"M3.654 1.328a.678.678 0 0 0-1.015-.063L1.605 2.3c-.483.484-.661 1.169-.45 1.77a17.568 17.568 0 0 0 4.168 6.608 17.569 17.569 0 0 0 6.608 4.168c.601.211 1.286.033 1.77-.45l1.034-1.034a.678.678 0 0 0-.063-1.015l-2.307-1.794a.678.678 0 0 0-.58-.122l-2.19.547a1.745 1.745 0 0 1-1.657-.459L5.482 8.062a1.745 1.745 0 0 1-.46-1.657l.548-2.19a.678.678 0 0 0-.122-.58L3.654 1.328zM1.884.511a1.745 1.745 0 0 1 2.612.163L6.29 2.98c.329.423.445.974.315 1.494l-.547 2.19a.678.678 0 0 0 .178.643l2.457 2.457a.678.678 0 0 0 .644.178l2.189-.547a1.745 1.745 0 0 1 1.494.315l2.306 1.794c.829.645.905 1.87.163 2.611l-1.034 1.034c-.74.74-1.846 1.065-2.877.702a18.634 18.634 0 0 1-7.01-4.42 18.634 18.634 0 0 1-4.42-7.009c-.362-1.03-.037-2.137.703-2.877L1.885.511z\"><\/path><\/svg>\t\t\t\t\t\t<\/span>\n\t\t\t\t\t\t\t\t\t\t<span class=\"elementor-icon-list-text\">262 880 784 (Chamada para rede fixa nacional)<\/span>\n\t\t\t\t\t\t\t\t\t<\/li>\n\t\t\t\t\t\t\t\t<li class=\"elementor-icon-list-item elementor-inline-item\">\n\t\t\t\t\t\t\t\t\t\t\t<span class=\"elementor-icon-list-icon\">\n\t\t\t\t\t\t\t<svg xmlns=\"http:\/\/www.w3.org\/2000\/svg\" width=\"16\" height=\"16\" fill=\"currentColor\" class=\"bi bi-phone\" viewBox=\"0 0 16 16\"><path d=\"M11 1a1 1 0 0 1 1 1v12a1 1 0 0 1-1 1H5a1 1 0 0 1-1-1V2a1 1 0 0 1 1-1h6zM5 0a2 2 0 0 0-2 2v12a2 2 0 0 0 2 2h6a2 2 0 0 0 2-2V2a2 2 0 0 0-2-2H5z\"><\/path><path d=\"M8 14a1 1 0 1 0 0-2 1 1 0 0 0 0 2z\"><\/path><\/svg>\t\t\t\t\t\t<\/span>\n\t\t\t\t\t\t\t\t\t\t<span class=\"elementor-icon-list-text\">919 845 040 (Chamada para rede m\u00f3vel nacional)<\/span>\n\t\t\t\t\t\t\t\t\t<\/li>\n\t\t\t\t\t\t\t\t<li class=\"elementor-icon-list-item elementor-inline-item\">\n\t\t\t\t\t\t\t\t\t\t\t<span class=\"elementor-icon-list-icon\">\n\t\t\t\t\t\t\t<svg xmlns=\"http:\/\/www.w3.org\/2000\/svg\" width=\"16\" height=\"16\" fill=\"currentColor\" class=\"bi bi-alarm\" viewBox=\"0 0 16 16\"><path d=\"M8.5 5.5a.5.5 0 0 0-1 0v3.362l-1.429 2.38a.5.5 0 1 0 .858.515l1.5-2.5A.5.5 0 0 0 8.5 9V5.5z\"><\/path><path d=\"M6.5 0a.5.5 0 0 0 0 1H7v1.07a7.001 7.001 0 0 0-3.273 12.474l-.602.602a.5.5 0 0 0 .707.708l.746-.746A6.97 6.97 0 0 0 8 16a6.97 6.97 0 0 0 3.422-.892l.746.746a.5.5 0 0 0 .707-.708l-.601-.602A7.001 7.001 0 0 0 9 2.07V1h.5a.5.5 0 0 0 0-1h-3zm1.038 3.018a6.093 6.093 0 0 1 .924 0 6 6 0 1 1-.924 0zM0 3.5c0 .753.333 1.429.86 1.887A8.035 8.035 0 0 1 4.387 1.86 2.5 2.5 0 0 0 0 3.5zM13.5 1c-.753 0-1.429.333-1.887.86a8.035 8.035 0 0 1 3.527 3.527A2.5 2.5 0 0 0 13.5 1z\"><\/path><\/svg>\t\t\t\t\t\t<\/span>\n\t\t\t\t\t\t\t\t\t\t<span class=\"elementor-icon-list-text\">Segunda - Sexta: 9:00 - 19:00 \/ S\u00e1bado: 9:00 - 13:00<\/span>\n\t\t\t\t\t\t\t\t\t<\/li>\n\t\t\t\t\t\t<\/ul>\n\t\t\t\t\t\t<\/div>\n\t\t\t\t<\/div>\n\t\t\t\t<div class=\"elementor-element elementor-element-2c4f01d elementor-widget elementor-widget-spacer\" data-id=\"2c4f01d\" data-element_type=\"widget\" data-e-type=\"widget\" data-widget_type=\"spacer.default\">\n\t\t\t\t<div class=\"elementor-widget-container\">\n\t\t\t\t\t\t\t<div class=\"elementor-spacer\">\n\t\t\t<div class=\"elementor-spacer-inner\"><\/div>\n\t\t<\/div>\n\t\t\t\t\t\t<\/div>\n\t\t\t\t<\/div>\n\t\t\t\t\t<\/div>\n\t\t\t\t<\/div>\n\t\t<div class=\"elementor-element elementor-element-cbdc2ef e-con-full e-flex wpr-particle-no wpr-jarallax-no wpr-parallax-no wpr-sticky-section-no wpr-equal-height-no e-con e-parent\" data-id=\"cbdc2ef\" data-element_type=\"container\" data-e-type=\"container\">\n\t\t\t\t<div class=\"elementor-element elementor-element-3ef9b89 elementor-widget elementor-widget-html\" data-id=\"3ef9b89\" data-element_type=\"widget\" data-e-type=\"widget\" data-widget_type=\"html.default\">\n\t\t\t\t<div class=\"elementor-widget-container\">\n\t\t\t\t\t<iframe data-src=\"https:\/\/www.google.com\/maps\/embed?pb=!1m18!1m12!1m3!1d3082.9268076449025!2d-9.138556724839928!3d39.40316191670524!2m3!1f0!2f0!3f0!3m2!1i1024!2i768!4f13.1!3m3!1m2!1s0xd18b3a4e0b1850d%3A0x5e4825bdd61b7ab3!2sPra%C3%A7a%205%20de%20Outubro%2015A%2C%20Caldas%20da%20Rainha%2C%20Portugal!5e0!3m2!1spt-BR!2sbr!4v1696275172202!5m2!1spt-BR!2sbr\" width=\"200\" height=\"450\" style=\"border:0;\" allowfullscreen=\"\" referrerpolicy=\"no-referrer-when-downgrade\" src=\"data:image\/svg+xml;base64,PHN2ZyB3aWR0aD0iMSIgaGVpZ2h0PSIxIiB4bWxucz0iaHR0cDovL3d3dy53My5vcmcvMjAwMC9zdmciPjwvc3ZnPg==\" class=\"lazyload\" data-load-mode=\"1\"><\/iframe>\t\t\t\t<\/div>\n\t\t\t\t<\/div>\n\t\t\t\t<\/div>\n\t\t\t\t<\/div>\n\t\t","protected":false},"excerpt":{"rendered":"<p>CL\u00cdNICA DENT\u00c1RIA CALDAS DA RAINHA Situada na pra\u00e7a 5 de Outubro (antiga pra\u00e7a do peixe), a Klinica em Caldas da Rainha oferece uma localiza\u00e7\u00e3o central, facilmente acess\u00edvel de autom\u00f3vel, ou por transportes p\u00fablicos, utilizando o TOMA. Junto \u00e0 Klinica existe um estacionamento subterr\u00e2neo, que os nossos pacientes podem utilizar, sendo gratuito durante os primeiros 30 minutos. Pra\u00e7a 5 de Outubro 15A 15B, 2500-111 Caldas da Rainha 262 880 784 (Chamada para rede fixa nacional) 919 845 040 (Chamada para rede m\u00f3vel nacional) Segunda &#8211; Sexta: 9:00 &#8211; 19:00 \/ S\u00e1bado: 9:00 &#8211; 13:00<\/p>\n","protected":false},"author":1,"featured_media":0,"parent":0,"menu_order":0,"comment_status":"closed","ping_status":"closed","template":"","meta":{"footnotes":""},"class_list":["post-350","page","type-page","status-publish","hentry"],"yoast_head":"<!-- This site is optimized with the Yoast SEO plugin v27.4 - https:\/\/yoast.com\/product\/yoast-seo-wordpress\/ -->\n<title>CL\u00cdNICA DENT\u00c1RIA CALDAS DA RAINHA - KLINICA PERIOIMPLANTOLOGICA<\/title>\n<meta name=\"robots\" content=\"index, follow, max-snippet:-1, max-image-preview:large, max-video-preview:-1\" \/>\n<link rel=\"canonical\" href=\"https:\/\/kpi.pt\/index.php\/clinica-dentaria-caldas-da-rainha\/\" \/>\n<meta property=\"og:locale\" content=\"pt_BR\" \/>\n<meta property=\"og:type\" content=\"article\" \/>\n<meta property=\"og:title\" content=\"CL\u00cdNICA DENT\u00c1RIA CALDAS DA RAINHA - KLINICA PERIOIMPLANTOLOGICA\" \/>\n<meta property=\"og:description\" content=\"CL\u00cdNICA DENT\u00c1RIA CALDAS DA RAINHA Situada na pra\u00e7a 5 de Outubro (antiga pra\u00e7a do peixe), a Klinica em Caldas da Rainha oferece uma localiza\u00e7\u00e3o central, facilmente acess\u00edvel de autom\u00f3vel, ou por transportes p\u00fablicos, utilizando o TOMA. Junto \u00e0 Klinica existe um estacionamento subterr\u00e2neo, que os nossos pacientes podem utilizar, sendo gratuito durante os primeiros 30 minutos. Pra\u00e7a 5 de Outubro 15A 15B, 2500-111 Caldas da Rainha 262 880 784 (Chamada para rede fixa nacional) 919 845 040 (Chamada para rede m\u00f3vel nacional) Segunda &#8211; Sexta: 9:00 &#8211; 19:00 \/ S\u00e1bado: 9:00 &#8211; 13:00\" \/>\n<meta property=\"og:url\" content=\"https:\/\/kpi.pt\/index.php\/clinica-dentaria-caldas-da-rainha\/\" \/>\n<meta property=\"og:site_name\" content=\"KLINICA PERIOIMPLANTOLOGICA\" \/>\n<meta property=\"article:publisher\" content=\"https:\/\/www.instagram.com\/klinicaperioimplantologica\/\" \/>\n<meta property=\"article:modified_time\" content=\"2023-10-10T17:17:16+00:00\" \/>\n<meta name=\"twitter:card\" content=\"summary_large_image\" \/>\n<script type=\"application\/ld+json\" class=\"yoast-schema-graph\">{\"@context\":\"https:\\\/\\\/schema.org\",\"@graph\":[{\"@type\":\"WebPage\",\"@id\":\"https:\\\/\\\/kpi.pt\\\/index.php\\\/clinica-dentaria-caldas-da-rainha\\\/\",\"url\":\"https:\\\/\\\/kpi.pt\\\/index.php\\\/clinica-dentaria-caldas-da-rainha\\\/\",\"name\":\"CL\u00cdNICA DENT\u00c1RIA CALDAS DA RAINHA - KLINICA PERIOIMPLANTOLOGICA\",\"isPartOf\":{\"@id\":\"https:\\\/\\\/kpi.pt\\\/#website\"},\"datePublished\":\"2023-10-02T17:55:19+00:00\",\"dateModified\":\"2023-10-10T17:17:16+00:00\",\"breadcrumb\":{\"@id\":\"https:\\\/\\\/kpi.pt\\\/index.php\\\/clinica-dentaria-caldas-da-rainha\\\/#breadcrumb\"},\"inLanguage\":\"pt-BR\",\"potentialAction\":[{\"@type\":\"ReadAction\",\"target\":[\"https:\\\/\\\/kpi.pt\\\/index.php\\\/clinica-dentaria-caldas-da-rainha\\\/\"]}]},{\"@type\":\"BreadcrumbList\",\"@id\":\"https:\\\/\\\/kpi.pt\\\/index.php\\\/clinica-dentaria-caldas-da-rainha\\\/#breadcrumb\",\"itemListElement\":[{\"@type\":\"ListItem\",\"position\":1,\"name\":\"Home\",\"item\":\"https:\\\/\\\/kpi.pt\\\/\"},{\"@type\":\"ListItem\",\"position\":2,\"name\":\"CL\u00cdNICA DENT\u00c1RIA CALDAS DA RAINHA\"}]},{\"@type\":\"WebSite\",\"@id\":\"https:\\\/\\\/kpi.pt\\\/#website\",\"url\":\"https:\\\/\\\/kpi.pt\\\/\",\"name\":\"KLINICA PERIOIMPLANTOLOGICA\",\"description\":\"\",\"publisher\":{\"@id\":\"https:\\\/\\\/kpi.pt\\\/#organization\"},\"potentialAction\":[{\"@type\":\"SearchAction\",\"target\":{\"@type\":\"EntryPoint\",\"urlTemplate\":\"https:\\\/\\\/kpi.pt\\\/?s={search_term_string}\"},\"query-input\":{\"@type\":\"PropertyValueSpecification\",\"valueRequired\":true,\"valueName\":\"search_term_string\"}}],\"inLanguage\":\"pt-BR\"},{\"@type\":\"Organization\",\"@id\":\"https:\\\/\\\/kpi.pt\\\/#organization\",\"name\":\"KLINICA PERIOIMPLANTOLOGICA\",\"url\":\"https:\\\/\\\/kpi.pt\\\/\",\"logo\":{\"@type\":\"ImageObject\",\"inLanguage\":\"pt-BR\",\"@id\":\"https:\\\/\\\/kpi.pt\\\/#\\\/schema\\\/logo\\\/image\\\/\",\"url\":\"https:\\\/\\\/kpi.pt\\\/wp-content\\\/uploads\\\/2023\\\/10\\\/logo-copiar.png\",\"contentUrl\":\"https:\\\/\\\/kpi.pt\\\/wp-content\\\/uploads\\\/2023\\\/10\\\/logo-copiar.png\",\"width\":290,\"height\":160,\"caption\":\"KLINICA PERIOIMPLANTOLOGICA\"},\"image\":{\"@id\":\"https:\\\/\\\/kpi.pt\\\/#\\\/schema\\\/logo\\\/image\\\/\"},\"sameAs\":[\"https:\\\/\\\/www.instagram.com\\\/klinicaperioimplantologica\\\/\"]}]}<\/script>\n<!-- \/ Yoast SEO plugin. -->","yoast_head_json":{"title":"CL\u00cdNICA DENT\u00c1RIA CALDAS DA RAINHA - KLINICA PERIOIMPLANTOLOGICA","robots":{"index":"index","follow":"follow","max-snippet":"max-snippet:-1","max-image-preview":"max-image-preview:large","max-video-preview":"max-video-preview:-1"},"canonical":"https:\/\/kpi.pt\/index.php\/clinica-dentaria-caldas-da-rainha\/","og_locale":"pt_BR","og_type":"article","og_title":"CL\u00cdNICA DENT\u00c1RIA CALDAS DA RAINHA - KLINICA PERIOIMPLANTOLOGICA","og_description":"CL\u00cdNICA DENT\u00c1RIA CALDAS DA RAINHA Situada na pra\u00e7a 5 de Outubro (antiga pra\u00e7a do peixe), a Klinica em Caldas da Rainha oferece uma localiza\u00e7\u00e3o central, facilmente acess\u00edvel de autom\u00f3vel, ou por transportes p\u00fablicos, utilizando o TOMA. Junto \u00e0 Klinica existe um estacionamento subterr\u00e2neo, que os nossos pacientes podem utilizar, sendo gratuito durante os primeiros 30 minutos. Pra\u00e7a 5 de Outubro 15A 15B, 2500-111 Caldas da Rainha 262 880 784 (Chamada para rede fixa nacional) 919 845 040 (Chamada para rede m\u00f3vel nacional) Segunda &#8211; Sexta: 9:00 &#8211; 19:00 \/ S\u00e1bado: 9:00 &#8211; 13:00","og_url":"https:\/\/kpi.pt\/index.php\/clinica-dentaria-caldas-da-rainha\/","og_site_name":"KLINICA PERIOIMPLANTOLOGICA","article_publisher":"https:\/\/www.instagram.com\/klinicaperioimplantologica\/","article_modified_time":"2023-10-10T17:17:16+00:00","twitter_card":"summary_large_image","schema":{"@context":"https:\/\/schema.org","@graph":[{"@type":"WebPage","@id":"https:\/\/kpi.pt\/index.php\/clinica-dentaria-caldas-da-rainha\/","url":"https:\/\/kpi.pt\/index.php\/clinica-dentaria-caldas-da-rainha\/","name":"CL\u00cdNICA DENT\u00c1RIA CALDAS DA RAINHA - KLINICA PERIOIMPLANTOLOGICA","isPartOf":{"@id":"https:\/\/kpi.pt\/#website"},"datePublished":"2023-10-02T17:55:19+00:00","dateModified":"2023-10-10T17:17:16+00:00","breadcrumb":{"@id":"https:\/\/kpi.pt\/index.php\/clinica-dentaria-caldas-da-rainha\/#breadcrumb"},"inLanguage":"pt-BR","potentialAction":[{"@type":"ReadAction","target":["https:\/\/kpi.pt\/index.php\/clinica-dentaria-caldas-da-rainha\/"]}]},{"@type":"BreadcrumbList","@id":"https:\/\/kpi.pt\/index.php\/clinica-dentaria-caldas-da-rainha\/#breadcrumb","itemListElement":[{"@type":"ListItem","position":1,"name":"Home","item":"https:\/\/kpi.pt\/"},{"@type":"ListItem","position":2,"name":"CL\u00cdNICA DENT\u00c1RIA CALDAS DA RAINHA"}]},{"@type":"WebSite","@id":"https:\/\/kpi.pt\/#website","url":"https:\/\/kpi.pt\/","name":"KLINICA PERIOIMPLANTOLOGICA","description":"","publisher":{"@id":"https:\/\/kpi.pt\/#organization"},"potentialAction":[{"@type":"SearchAction","target":{"@type":"EntryPoint","urlTemplate":"https:\/\/kpi.pt\/?s={search_term_string}"},"query-input":{"@type":"PropertyValueSpecification","valueRequired":true,"valueName":"search_term_string"}}],"inLanguage":"pt-BR"},{"@type":"Organization","@id":"https:\/\/kpi.pt\/#organization","name":"KLINICA PERIOIMPLANTOLOGICA","url":"https:\/\/kpi.pt\/","logo":{"@type":"ImageObject","inLanguage":"pt-BR","@id":"https:\/\/kpi.pt\/#\/schema\/logo\/image\/","url":"https:\/\/kpi.pt\/wp-content\/uploads\/2023\/10\/logo-copiar.png","contentUrl":"https:\/\/kpi.pt\/wp-content\/uploads\/2023\/10\/logo-copiar.png","width":290,"height":160,"caption":"KLINICA PERIOIMPLANTOLOGICA"},"image":{"@id":"https:\/\/kpi.pt\/#\/schema\/logo\/image\/"},"sameAs":["https:\/\/www.instagram.com\/klinicaperioimplantologica\/"]}]}},"_links":{"self":[{"href":"https:\/\/kpi.pt\/index.php\/wp-json\/wp\/v2\/pages\/350","targetHints":{"allow":["GET"]}}],"collection":[{"href":"https:\/\/kpi.pt\/index.php\/wp-json\/wp\/v2\/pages"}],"about":[{"href":"https:\/\/kpi.pt\/index.php\/wp-json\/wp\/v2\/types\/page"}],"author":[{"embeddable":true,"href":"https:\/\/kpi.pt\/index.php\/wp-json\/wp\/v2\/users\/1"}],"replies":[{"embeddable":true,"href":"https:\/\/kpi.pt\/index.php\/wp-json\/wp\/v2\/comments?post=350"}],"version-history":[{"count":0,"href":"https:\/\/kpi.pt\/index.php\/wp-json\/wp\/v2\/pages\/350\/revisions"}],"wp:attachment":[{"href":"https:\/\/kpi.pt\/index.php\/wp-json\/wp\/v2\/media?parent=350"}],"curies":[{"name":"wp","href":"https:\/\/api.w.org\/{rel}","templated":true}]}}