{"id":73,"date":"2023-09-26T13:40:16","date_gmt":"2023-09-26T16:40:16","guid":{"rendered":"https:\/\/kpi.pt\/?page_id=73"},"modified":"2023-10-09T15:06:22","modified_gmt":"2023-10-09T18:06:22","slug":"puncao-seca","status":"publish","type":"page","link":"https:\/\/kpi.pt\/index.php\/puncao-seca\/","title":{"rendered":"PUN\u00c7\u00c3O SECA"},"content":{"rendered":"\t\t<div data-elementor-type=\"wp-page\" data-elementor-id=\"73\" class=\"elementor elementor-73\" data-elementor-post-type=\"page\">\n\t\t\t\t<div class=\"elementor-element elementor-element-07eee53 e-flex e-con-boxed wpr-particle-no wpr-jarallax-no wpr-parallax-no wpr-sticky-section-no wpr-equal-height-no e-con e-parent\" data-id=\"07eee53\" data-element_type=\"container\" data-e-type=\"container\" data-settings=\"{&quot;background_background&quot;:&quot;classic&quot;}\">\n\t\t\t\t\t<div class=\"e-con-inner\">\n\t\t\t\t<div class=\"elementor-element elementor-element-97a91f6 elementor-invisible elementor-widget elementor-widget-heading\" data-id=\"97a91f6\" data-element_type=\"widget\" data-e-type=\"widget\" data-settings=\"{&quot;_animation&quot;:&quot;fadeInUp&quot;}\" data-widget_type=\"heading.default\">\n\t\t\t\t<div class=\"elementor-widget-container\">\n\t\t\t\t\t<h1 class=\"elementor-heading-title elementor-size-default\">PUN\u00c7\u00c3O SECA<\/h1>\t\t\t\t<\/div>\n\t\t\t\t<\/div>\n\t\t\t\t\t<\/div>\n\t\t\t\t<\/div>\n\t\t<div class=\"elementor-element elementor-element-b6c1552 e-flex e-con-boxed wpr-particle-no wpr-jarallax-no wpr-parallax-no wpr-sticky-section-no wpr-equal-height-no e-con e-parent\" data-id=\"b6c1552\" data-element_type=\"container\" data-e-type=\"container\">\n\t\t\t\t\t<div class=\"e-con-inner\">\n\t\t\t\t<div class=\"elementor-element elementor-element-0e1c741 elementor-widget elementor-widget-spacer\" data-id=\"0e1c741\" data-element_type=\"widget\" data-e-type=\"widget\" data-widget_type=\"spacer.default\">\n\t\t\t\t<div class=\"elementor-widget-container\">\n\t\t\t\t\t\t\t<div class=\"elementor-spacer\">\n\t\t\t<div class=\"elementor-spacer-inner\"><\/div>\n\t\t<\/div>\n\t\t\t\t\t\t<\/div>\n\t\t\t\t<\/div>\n\t\t\t\t<div class=\"elementor-element elementor-element-79e5df8 elementor-widget elementor-widget-text-editor\" data-id=\"79e5df8\" data-element_type=\"widget\" data-e-type=\"widget\" data-widget_type=\"text-editor.default\">\n\t\t\t\t<div class=\"elementor-widget-container\">\n\t\t\t\t\t\t\t\t\t<p>Trata-se de uma t\u00e9cnica utilizada para tratar pontos de gatilho miofasciais, que s\u00e3o \u00e1reas dolorosas e tensas nos m\u00fasculos esquel\u00e9ticos. Esses pontos de gatilho podem causar dor localizada, referida (dor que \u00e9 sentida numa \u00e1rea diferente daquela onde o ponto de gatilho est\u00e1 localizado) e restri\u00e7\u00e3o de movimento.<br>A pun\u00e7\u00e3o seca envolve a inser\u00e7\u00e3o de uma agulha fina, semelhante \u00e0quelas usadas em acupuntura, no ponto de gatilho miofascial. O objetivo \u00e9 aliviar a tens\u00e3o muscular, reduzir a dor e melhorar a fun\u00e7\u00e3o. A agulha \u00e9 inserida no ponto de gatilho e, \u00e0s vezes, \u00e9 manipulada manualmente para quebrar os pontos de tens\u00e3o no m\u00fasculo.<br>Enquanto a pun\u00e7\u00e3o seca n\u00e3o \u00e9 uma t\u00e9cnica odontol\u00f3gica, ela pode ser usada como parte de um tratamento interdisciplinar quando a dor orofacial est\u00e1 relacionada a problemas musculares. Pacientes que sofrem de disfun\u00e7\u00e3o temporomandibular (DTM), por exemplo, podem experimentar dores musculares na regi\u00e3o da mand\u00edbula, pesco\u00e7o e cabe\u00e7a, e a pun\u00e7\u00e3o seca pode ser uma das abordagens utilizadas por fisioterapeutas e outros profissionais de sa\u00fade para aliviar essa dor.<br><br><\/p><p>\u00c9 importante destacar que a pun\u00e7\u00e3o seca deve ser realizada por profissionais de sa\u00fade devidamente treinados e qualificados, como fisioterapeutas, m\u00e9dicos ou outros especialistas, e n\u00e3o deve ser tentada sem supervis\u00e3o adequada. Se voc\u00ea estiver a enfrentar dores orofaciais, \u00e9 aconselh\u00e1vel procurar um dentista ou especialista em dor orofacial para avalia\u00e7\u00e3o e orienta\u00e7\u00e3o sobre o tratamento adequado.<\/p>\t\t\t\t\t\t\t\t<\/div>\n\t\t\t\t<\/div>\n\t\t\t\t<div class=\"elementor-element elementor-element-e944df3 elementor-widget elementor-widget-spacer\" data-id=\"e944df3\" data-element_type=\"widget\" data-e-type=\"widget\" data-widget_type=\"spacer.default\">\n\t\t\t\t<div class=\"elementor-widget-container\">\n\t\t\t\t\t\t\t<div class=\"elementor-spacer\">\n\t\t\t<div class=\"elementor-spacer-inner\"><\/div>\n\t\t<\/div>\n\t\t\t\t\t\t<\/div>\n\t\t\t\t<\/div>\n\t\t\t\t\t<\/div>\n\t\t\t\t<\/div>\n\t\t<div class=\"elementor-element elementor-element-fad1ecd e-flex e-con-boxed wpr-particle-no wpr-jarallax-no wpr-parallax-no wpr-sticky-section-no wpr-equal-height-no e-con e-parent\" data-id=\"fad1ecd\" data-element_type=\"container\" data-e-type=\"container\" data-settings=\"{&quot;background_background&quot;:&quot;classic&quot;}\">\n\t\t\t\t\t<div class=\"e-con-inner\">\n\t\t<div class=\"elementor-element elementor-element-77b035e e-con-full e-flex wpr-particle-no wpr-jarallax-no wpr-parallax-no wpr-sticky-section-no wpr-equal-height-no e-con e-child\" data-id=\"77b035e\" data-element_type=\"container\" data-e-type=\"container\">\n\t\t\t\t<div class=\"elementor-element elementor-element-9c6d9e2 elementor-invisible elementor-widget elementor-widget-heading\" data-id=\"9c6d9e2\" data-element_type=\"widget\" data-e-type=\"widget\" data-settings=\"{&quot;_animation&quot;:&quot;fadeInUp&quot;}\" data-widget_type=\"heading.default\">\n\t\t\t\t<div class=\"elementor-widget-container\">\n\t\t\t\t\t<p class=\"elementor-heading-title elementor-size-default\">Seja atendido pelos melhores especialistas!<\/p>\t\t\t\t<\/div>\n\t\t\t\t<\/div>\n\t\t\t\t<div class=\"elementor-element elementor-element-288cbf8 elementor-align-center elementor-invisible elementor-widget elementor-widget-button\" data-id=\"288cbf8\" data-element_type=\"widget\" data-e-type=\"widget\" data-settings=\"{&quot;_animation&quot;:&quot;fadeInUp&quot;}\" data-widget_type=\"button.default\">\n\t\t\t\t<div class=\"elementor-widget-container\">\n\t\t\t\t\t\t\t\t\t<div class=\"elementor-button-wrapper\">\n\t\t\t\t\t<a class=\"elementor-button elementor-button-link elementor-size-sm\" href=\"https:\/\/kpi.pt\/index.php\/consulta\/\">\n\t\t\t\t\t\t<span class=\"elementor-button-content-wrapper\">\n\t\t\t\t\t\t\t\t\t<span class=\"elementor-button-text\">Marque a sua consulta<\/span>\n\t\t\t\t\t<\/span>\n\t\t\t\t\t<\/a>\n\t\t\t\t<\/div>\n\t\t\t\t\t\t\t\t<\/div>\n\t\t\t\t<\/div>\n\t\t\t\t<\/div>\n\t\t\t\t\t<\/div>\n\t\t\t\t<\/div>\n\t\t\t\t<\/div>\n\t\t","protected":false},"excerpt":{"rendered":"<p>Trata-se de uma t\u00e9cnica utilizada para tratar pontos de gatilho miofasciais, que s\u00e3o \u00e1reas dolorosas e tensas nos m\u00fasculos esquel\u00e9ticos. Esses pontos de gatilho podem causar dor localizada, referida (dor que \u00e9 sentida numa \u00e1rea diferente daquela onde o ponto de gatilho est\u00e1 localizado) e restri\u00e7\u00e3o de movimento.A pun\u00e7\u00e3o seca envolve a inser\u00e7\u00e3o de uma agulha fina, semelhante \u00e0quelas usadas em acupuntura, no ponto de gatilho miofascial. O objetivo \u00e9 aliviar a tens\u00e3o muscular, reduzir a dor e melhorar a fun\u00e7\u00e3o. A agulha \u00e9 inserida no ponto de gatilho e, \u00e0s vezes, \u00e9 manipulada manualmente para quebrar os pontos de tens\u00e3o no m\u00fasculo.Enquanto a pun\u00e7\u00e3o seca n\u00e3o \u00e9 uma t\u00e9cnica odontol\u00f3gica, ela pode ser usada como parte de um tratamento interdisciplinar quando a dor orofacial est\u00e1 relacionada a problemas musculares. Pacientes que sofrem de disfun\u00e7\u00e3o temporomandibular (DTM), por exemplo, podem experimentar dores musculares na regi\u00e3o da mand\u00edbula, pesco\u00e7o e cabe\u00e7a, e a pun\u00e7\u00e3o seca pode ser uma das abordagens utilizadas por fisioterapeutas e outros profissionais de sa\u00fade para aliviar essa dor. \u00c9 importante destacar que a pun\u00e7\u00e3o seca deve ser realizada por profissionais de sa\u00fade devidamente treinados e qualificados, como fisioterapeutas, m\u00e9dicos ou outros especialistas, e n\u00e3o deve ser tentada sem supervis\u00e3o adequada. Se voc\u00ea estiver a enfrentar dores orofaciais, \u00e9 aconselh\u00e1vel procurar um dentista ou especialista em dor orofacial para avalia\u00e7\u00e3o e orienta\u00e7\u00e3o sobre o tratamento adequado. Seja atendido pelos melhores especialistas! Marque a sua consulta<\/p>\n","protected":false},"author":1,"featured_media":0,"parent":0,"menu_order":0,"comment_status":"closed","ping_status":"closed","template":"","meta":{"footnotes":""},"class_list":["post-73","page","type-page","status-publish","hentry"],"yoast_head":"<!-- This site is optimized with the Yoast SEO plugin v27.4 - https:\/\/yoast.com\/product\/yoast-seo-wordpress\/ -->\n<title>PUN\u00c7\u00c3O SECA - KLINICA PERIOIMPLANTOLOGICA<\/title>\n<meta name=\"robots\" content=\"index, follow, max-snippet:-1, max-image-preview:large, max-video-preview:-1\" \/>\n<link rel=\"canonical\" href=\"https:\/\/kpi.pt\/index.php\/puncao-seca\/\" \/>\n<meta property=\"og:locale\" content=\"pt_BR\" \/>\n<meta property=\"og:type\" content=\"article\" \/>\n<meta property=\"og:title\" content=\"PUN\u00c7\u00c3O SECA - KLINICA PERIOIMPLANTOLOGICA\" \/>\n<meta property=\"og:description\" content=\"Trata-se de uma t\u00e9cnica utilizada para tratar pontos de gatilho miofasciais, que s\u00e3o \u00e1reas dolorosas e tensas nos m\u00fasculos esquel\u00e9ticos. Esses pontos de gatilho podem causar dor localizada, referida (dor que \u00e9 sentida numa \u00e1rea diferente daquela onde o ponto de gatilho est\u00e1 localizado) e restri\u00e7\u00e3o de movimento.A pun\u00e7\u00e3o seca envolve a inser\u00e7\u00e3o de uma agulha fina, semelhante \u00e0quelas usadas em acupuntura, no ponto de gatilho miofascial. O objetivo \u00e9 aliviar a tens\u00e3o muscular, reduzir a dor e melhorar a fun\u00e7\u00e3o. A agulha \u00e9 inserida no ponto de gatilho e, \u00e0s vezes, \u00e9 manipulada manualmente para quebrar os pontos de tens\u00e3o no m\u00fasculo.Enquanto a pun\u00e7\u00e3o seca n\u00e3o \u00e9 uma t\u00e9cnica odontol\u00f3gica, ela pode ser usada como parte de um tratamento interdisciplinar quando a dor orofacial est\u00e1 relacionada a problemas musculares. Pacientes que sofrem de disfun\u00e7\u00e3o temporomandibular (DTM), por exemplo, podem experimentar dores musculares na regi\u00e3o da mand\u00edbula, pesco\u00e7o e cabe\u00e7a, e a pun\u00e7\u00e3o seca pode ser uma das abordagens utilizadas por fisioterapeutas e outros profissionais de sa\u00fade para aliviar essa dor. \u00c9 importante destacar que a pun\u00e7\u00e3o seca deve ser realizada por profissionais de sa\u00fade devidamente treinados e qualificados, como fisioterapeutas, m\u00e9dicos ou outros especialistas, e n\u00e3o deve ser tentada sem supervis\u00e3o adequada. Se voc\u00ea estiver a enfrentar dores orofaciais, \u00e9 aconselh\u00e1vel procurar um dentista ou especialista em dor orofacial para avalia\u00e7\u00e3o e orienta\u00e7\u00e3o sobre o tratamento adequado. Seja atendido pelos melhores especialistas! Marque a sua consulta\" \/>\n<meta property=\"og:url\" content=\"https:\/\/kpi.pt\/index.php\/puncao-seca\/\" \/>\n<meta property=\"og:site_name\" content=\"KLINICA PERIOIMPLANTOLOGICA\" \/>\n<meta property=\"article:publisher\" content=\"https:\/\/www.instagram.com\/klinicaperioimplantologica\/\" \/>\n<meta property=\"article:modified_time\" content=\"2023-10-09T18:06:22+00:00\" \/>\n<meta name=\"twitter:card\" content=\"summary_large_image\" \/>\n<meta name=\"twitter:label1\" content=\"Est. tempo de leitura\" \/>\n\t<meta name=\"twitter:data1\" content=\"1 minuto\" \/>\n<script type=\"application\/ld+json\" class=\"yoast-schema-graph\">{\"@context\":\"https:\\\/\\\/schema.org\",\"@graph\":[{\"@type\":\"WebPage\",\"@id\":\"https:\\\/\\\/kpi.pt\\\/index.php\\\/puncao-seca\\\/\",\"url\":\"https:\\\/\\\/kpi.pt\\\/index.php\\\/puncao-seca\\\/\",\"name\":\"PUN\u00c7\u00c3O SECA - KLINICA PERIOIMPLANTOLOGICA\",\"isPartOf\":{\"@id\":\"https:\\\/\\\/kpi.pt\\\/#website\"},\"datePublished\":\"2023-09-26T16:40:16+00:00\",\"dateModified\":\"2023-10-09T18:06:22+00:00\",\"breadcrumb\":{\"@id\":\"https:\\\/\\\/kpi.pt\\\/index.php\\\/puncao-seca\\\/#breadcrumb\"},\"inLanguage\":\"pt-BR\",\"potentialAction\":[{\"@type\":\"ReadAction\",\"target\":[\"https:\\\/\\\/kpi.pt\\\/index.php\\\/puncao-seca\\\/\"]}]},{\"@type\":\"BreadcrumbList\",\"@id\":\"https:\\\/\\\/kpi.pt\\\/index.php\\\/puncao-seca\\\/#breadcrumb\",\"itemListElement\":[{\"@type\":\"ListItem\",\"position\":1,\"name\":\"Home\",\"item\":\"https:\\\/\\\/kpi.pt\\\/\"},{\"@type\":\"ListItem\",\"position\":2,\"name\":\"PUN\u00c7\u00c3O SECA\"}]},{\"@type\":\"WebSite\",\"@id\":\"https:\\\/\\\/kpi.pt\\\/#website\",\"url\":\"https:\\\/\\\/kpi.pt\\\/\",\"name\":\"KLINICA PERIOIMPLANTOLOGICA\",\"description\":\"\",\"publisher\":{\"@id\":\"https:\\\/\\\/kpi.pt\\\/#organization\"},\"potentialAction\":[{\"@type\":\"SearchAction\",\"target\":{\"@type\":\"EntryPoint\",\"urlTemplate\":\"https:\\\/\\\/kpi.pt\\\/?s={search_term_string}\"},\"query-input\":{\"@type\":\"PropertyValueSpecification\",\"valueRequired\":true,\"valueName\":\"search_term_string\"}}],\"inLanguage\":\"pt-BR\"},{\"@type\":\"Organization\",\"@id\":\"https:\\\/\\\/kpi.pt\\\/#organization\",\"name\":\"KLINICA PERIOIMPLANTOLOGICA\",\"url\":\"https:\\\/\\\/kpi.pt\\\/\",\"logo\":{\"@type\":\"ImageObject\",\"inLanguage\":\"pt-BR\",\"@id\":\"https:\\\/\\\/kpi.pt\\\/#\\\/schema\\\/logo\\\/image\\\/\",\"url\":\"https:\\\/\\\/kpi.pt\\\/wp-content\\\/uploads\\\/2023\\\/10\\\/logo-copiar.png\",\"contentUrl\":\"https:\\\/\\\/kpi.pt\\\/wp-content\\\/uploads\\\/2023\\\/10\\\/logo-copiar.png\",\"width\":290,\"height\":160,\"caption\":\"KLINICA PERIOIMPLANTOLOGICA\"},\"image\":{\"@id\":\"https:\\\/\\\/kpi.pt\\\/#\\\/schema\\\/logo\\\/image\\\/\"},\"sameAs\":[\"https:\\\/\\\/www.instagram.com\\\/klinicaperioimplantologica\\\/\"]}]}<\/script>\n<!-- \/ Yoast SEO plugin. -->","yoast_head_json":{"title":"PUN\u00c7\u00c3O SECA - KLINICA PERIOIMPLANTOLOGICA","robots":{"index":"index","follow":"follow","max-snippet":"max-snippet:-1","max-image-preview":"max-image-preview:large","max-video-preview":"max-video-preview:-1"},"canonical":"https:\/\/kpi.pt\/index.php\/puncao-seca\/","og_locale":"pt_BR","og_type":"article","og_title":"PUN\u00c7\u00c3O SECA - KLINICA PERIOIMPLANTOLOGICA","og_description":"Trata-se de uma t\u00e9cnica utilizada para tratar pontos de gatilho miofasciais, que s\u00e3o \u00e1reas dolorosas e tensas nos m\u00fasculos esquel\u00e9ticos. Esses pontos de gatilho podem causar dor localizada, referida (dor que \u00e9 sentida numa \u00e1rea diferente daquela onde o ponto de gatilho est\u00e1 localizado) e restri\u00e7\u00e3o de movimento.A pun\u00e7\u00e3o seca envolve a inser\u00e7\u00e3o de uma agulha fina, semelhante \u00e0quelas usadas em acupuntura, no ponto de gatilho miofascial. O objetivo \u00e9 aliviar a tens\u00e3o muscular, reduzir a dor e melhorar a fun\u00e7\u00e3o. A agulha \u00e9 inserida no ponto de gatilho e, \u00e0s vezes, \u00e9 manipulada manualmente para quebrar os pontos de tens\u00e3o no m\u00fasculo.Enquanto a pun\u00e7\u00e3o seca n\u00e3o \u00e9 uma t\u00e9cnica odontol\u00f3gica, ela pode ser usada como parte de um tratamento interdisciplinar quando a dor orofacial est\u00e1 relacionada a problemas musculares. Pacientes que sofrem de disfun\u00e7\u00e3o temporomandibular (DTM), por exemplo, podem experimentar dores musculares na regi\u00e3o da mand\u00edbula, pesco\u00e7o e cabe\u00e7a, e a pun\u00e7\u00e3o seca pode ser uma das abordagens utilizadas por fisioterapeutas e outros profissionais de sa\u00fade para aliviar essa dor. \u00c9 importante destacar que a pun\u00e7\u00e3o seca deve ser realizada por profissionais de sa\u00fade devidamente treinados e qualificados, como fisioterapeutas, m\u00e9dicos ou outros especialistas, e n\u00e3o deve ser tentada sem supervis\u00e3o adequada. Se voc\u00ea estiver a enfrentar dores orofaciais, \u00e9 aconselh\u00e1vel procurar um dentista ou especialista em dor orofacial para avalia\u00e7\u00e3o e orienta\u00e7\u00e3o sobre o tratamento adequado. Seja atendido pelos melhores especialistas! Marque a sua consulta","og_url":"https:\/\/kpi.pt\/index.php\/puncao-seca\/","og_site_name":"KLINICA PERIOIMPLANTOLOGICA","article_publisher":"https:\/\/www.instagram.com\/klinicaperioimplantologica\/","article_modified_time":"2023-10-09T18:06:22+00:00","twitter_card":"summary_large_image","twitter_misc":{"Est. tempo de leitura":"1 minuto"},"schema":{"@context":"https:\/\/schema.org","@graph":[{"@type":"WebPage","@id":"https:\/\/kpi.pt\/index.php\/puncao-seca\/","url":"https:\/\/kpi.pt\/index.php\/puncao-seca\/","name":"PUN\u00c7\u00c3O SECA - KLINICA PERIOIMPLANTOLOGICA","isPartOf":{"@id":"https:\/\/kpi.pt\/#website"},"datePublished":"2023-09-26T16:40:16+00:00","dateModified":"2023-10-09T18:06:22+00:00","breadcrumb":{"@id":"https:\/\/kpi.pt\/index.php\/puncao-seca\/#breadcrumb"},"inLanguage":"pt-BR","potentialAction":[{"@type":"ReadAction","target":["https:\/\/kpi.pt\/index.php\/puncao-seca\/"]}]},{"@type":"BreadcrumbList","@id":"https:\/\/kpi.pt\/index.php\/puncao-seca\/#breadcrumb","itemListElement":[{"@type":"ListItem","position":1,"name":"Home","item":"https:\/\/kpi.pt\/"},{"@type":"ListItem","position":2,"name":"PUN\u00c7\u00c3O SECA"}]},{"@type":"WebSite","@id":"https:\/\/kpi.pt\/#website","url":"https:\/\/kpi.pt\/","name":"KLINICA PERIOIMPLANTOLOGICA","description":"","publisher":{"@id":"https:\/\/kpi.pt\/#organization"},"potentialAction":[{"@type":"SearchAction","target":{"@type":"EntryPoint","urlTemplate":"https:\/\/kpi.pt\/?s={search_term_string}"},"query-input":{"@type":"PropertyValueSpecification","valueRequired":true,"valueName":"search_term_string"}}],"inLanguage":"pt-BR"},{"@type":"Organization","@id":"https:\/\/kpi.pt\/#organization","name":"KLINICA PERIOIMPLANTOLOGICA","url":"https:\/\/kpi.pt\/","logo":{"@type":"ImageObject","inLanguage":"pt-BR","@id":"https:\/\/kpi.pt\/#\/schema\/logo\/image\/","url":"https:\/\/kpi.pt\/wp-content\/uploads\/2023\/10\/logo-copiar.png","contentUrl":"https:\/\/kpi.pt\/wp-content\/uploads\/2023\/10\/logo-copiar.png","width":290,"height":160,"caption":"KLINICA PERIOIMPLANTOLOGICA"},"image":{"@id":"https:\/\/kpi.pt\/#\/schema\/logo\/image\/"},"sameAs":["https:\/\/www.instagram.com\/klinicaperioimplantologica\/"]}]}},"_links":{"self":[{"href":"https:\/\/kpi.pt\/index.php\/wp-json\/wp\/v2\/pages\/73","targetHints":{"allow":["GET"]}}],"collection":[{"href":"https:\/\/kpi.pt\/index.php\/wp-json\/wp\/v2\/pages"}],"about":[{"href":"https:\/\/kpi.pt\/index.php\/wp-json\/wp\/v2\/types\/page"}],"author":[{"embeddable":true,"href":"https:\/\/kpi.pt\/index.php\/wp-json\/wp\/v2\/users\/1"}],"replies":[{"embeddable":true,"href":"https:\/\/kpi.pt\/index.php\/wp-json\/wp\/v2\/comments?post=73"}],"version-history":[{"count":0,"href":"https:\/\/kpi.pt\/index.php\/wp-json\/wp\/v2\/pages\/73\/revisions"}],"wp:attachment":[{"href":"https:\/\/kpi.pt\/index.php\/wp-json\/wp\/v2\/media?parent=73"}],"curies":[{"name":"wp","href":"https:\/\/api.w.org\/{rel}","templated":true}]}}