{"id":92,"date":"2023-09-26T13:44:33","date_gmt":"2023-09-26T16:44:33","guid":{"rendered":"https:\/\/kpi.pt\/?page_id=92"},"modified":"2023-10-09T15:07:21","modified_gmt":"2023-10-09T18:07:21","slug":"odontopediatria","status":"publish","type":"page","link":"https:\/\/kpi.pt\/index.php\/odontopediatria\/","title":{"rendered":"ODONTOPEDIATRIA"},"content":{"rendered":"\t\t<div data-elementor-type=\"wp-page\" data-elementor-id=\"92\" class=\"elementor elementor-92\" data-elementor-post-type=\"page\">\n\t\t\t\t<div class=\"elementor-element elementor-element-27961cc e-flex e-con-boxed wpr-particle-no wpr-jarallax-no wpr-parallax-no wpr-sticky-section-no e-con e-parent\" data-id=\"27961cc\" data-element_type=\"container\" data-e-type=\"container\" data-settings=\"{&quot;background_background&quot;:&quot;classic&quot;}\">\n\t\t\t\t\t<div class=\"e-con-inner\">\n\t\t\t\t<div class=\"elementor-element elementor-element-9b782be elementor-invisible elementor-widget elementor-widget-heading\" data-id=\"9b782be\" data-element_type=\"widget\" data-e-type=\"widget\" data-settings=\"{&quot;_animation&quot;:&quot;fadeInUp&quot;}\" data-widget_type=\"heading.default\">\n\t\t\t\t<div class=\"elementor-widget-container\">\n\t\t\t\t\t<h1 class=\"elementor-heading-title elementor-size-default\">ODONTOPEDIATRIA<\/h1>\t\t\t\t<\/div>\n\t\t\t\t<\/div>\n\t\t\t\t\t<\/div>\n\t\t\t\t<\/div>\n\t\t<div class=\"elementor-element elementor-element-d77d478 e-flex e-con-boxed wpr-particle-no wpr-jarallax-no wpr-parallax-no wpr-sticky-section-no e-con e-parent\" data-id=\"d77d478\" data-element_type=\"container\" data-e-type=\"container\">\n\t\t\t\t\t<div class=\"e-con-inner\">\n\t\t\t\t<div class=\"elementor-element elementor-element-642287f elementor-widget elementor-widget-spacer\" data-id=\"642287f\" data-element_type=\"widget\" data-e-type=\"widget\" data-widget_type=\"spacer.default\">\n\t\t\t\t<div class=\"elementor-widget-container\">\n\t\t\t\t\t\t\t<div class=\"elementor-spacer\">\n\t\t\t<div class=\"elementor-spacer-inner\"><\/div>\n\t\t<\/div>\n\t\t\t\t\t\t<\/div>\n\t\t\t\t<\/div>\n\t\t\t\t<div class=\"elementor-element elementor-element-e7e50c6 elementor-widget elementor-widget-text-editor\" data-id=\"e7e50c6\" data-element_type=\"widget\" data-e-type=\"widget\" data-widget_type=\"text-editor.default\">\n\t\t\t\t<div class=\"elementor-widget-container\">\n\t\t\t\t\t\t\t\t\t<p>A Odontopediatria \u00e9 uma \u00e1rea da medicina dent\u00e1ria especializada no cuidado da sa\u00fade oral de crian\u00e7as e adolescentes, desde o nascimento at\u00e9 \u00e0 adolesc\u00eancia. Os odontopediatras s\u00e3o dentistas que passaram por forma\u00e7\u00e3o adicional para lidar com as necessidades espec\u00edficas dessa faixa et\u00e1ria, incluindo beb\u00e9s, crian\u00e7as pequenas, crian\u00e7as em idade escolar e adolescentes.<br \/>O principal objetivo da Odontopediatria \u00e9 promover a sa\u00fade oral das crian\u00e7as e prevenir problemas dent\u00e1rios. Isso envolve n\u00e3o apenas a manuten\u00e7\u00e3o da higiene oral, mas tamb\u00e9m a educa\u00e7\u00e3o dos pais e das crian\u00e7as sobre os cuidados dent\u00e1rios adequados, a preven\u00e7\u00e3o de c\u00e1ries, o desenvolvimento adequado da denti\u00e7\u00e3o e a corre\u00e7\u00e3o de problemas dent\u00e1rios quando necess\u00e1rio.<br \/>Os odontopediatras tamb\u00e9m est\u00e3o preparados para lidar com quest\u00f5es espec\u00edficas que afetam as crian\u00e7as, como o medo do dentista (odontofobia) e comportamentos dif\u00edceis durante os tratamentos. Eles geralmente criam um ambiente amig\u00e1vel e acolhedor nos seus consult\u00f3rios para tornar as visitas ao dentista mais agrad\u00e1veis e menos stressantes para as crian\u00e7as.<\/p><p>Em resumo, a Odontopediatria \u00e9 uma especialidade da medicina dent\u00e1ria dedicada ao cuidado da sa\u00fade oral das crian\u00e7as, com foco na preven\u00e7\u00e3o e tratamento de problemas dent\u00e1rios num ambiente que seja adequado e confort\u00e1vel para elas.<\/p>\t\t\t\t\t\t\t\t<\/div>\n\t\t\t\t<\/div>\n\t\t\t\t<div class=\"elementor-element elementor-element-10f4a3c elementor-widget elementor-widget-spacer\" data-id=\"10f4a3c\" data-element_type=\"widget\" data-e-type=\"widget\" data-widget_type=\"spacer.default\">\n\t\t\t\t<div class=\"elementor-widget-container\">\n\t\t\t\t\t\t\t<div class=\"elementor-spacer\">\n\t\t\t<div class=\"elementor-spacer-inner\"><\/div>\n\t\t<\/div>\n\t\t\t\t\t\t<\/div>\n\t\t\t\t<\/div>\n\t\t\t\t\t<\/div>\n\t\t\t\t<\/div>\n\t\t<div class=\"elementor-element elementor-element-9eda223 e-flex e-con-boxed wpr-particle-no wpr-jarallax-no wpr-parallax-no wpr-sticky-section-no e-con e-parent\" data-id=\"9eda223\" data-element_type=\"container\" data-e-type=\"container\" data-settings=\"{&quot;background_background&quot;:&quot;classic&quot;}\">\n\t\t\t\t\t<div class=\"e-con-inner\">\n\t\t<div class=\"elementor-element elementor-element-971a6e1 e-con-full e-flex wpr-particle-no wpr-jarallax-no wpr-parallax-no wpr-sticky-section-no e-con e-child\" data-id=\"971a6e1\" data-element_type=\"container\" data-e-type=\"container\">\n\t\t\t\t<div class=\"elementor-element elementor-element-25511e5 elementor-invisible elementor-widget elementor-widget-heading\" data-id=\"25511e5\" data-element_type=\"widget\" data-e-type=\"widget\" data-settings=\"{&quot;_animation&quot;:&quot;fadeInUp&quot;}\" data-widget_type=\"heading.default\">\n\t\t\t\t<div class=\"elementor-widget-container\">\n\t\t\t\t\t<p class=\"elementor-heading-title elementor-size-default\">Seja atendido pelos melhores especialistas!<\/p>\t\t\t\t<\/div>\n\t\t\t\t<\/div>\n\t\t\t\t<div class=\"elementor-element elementor-element-215f392 elementor-align-center elementor-invisible elementor-widget elementor-widget-button\" data-id=\"215f392\" data-element_type=\"widget\" data-e-type=\"widget\" data-settings=\"{&quot;_animation&quot;:&quot;fadeInUp&quot;}\" data-widget_type=\"button.default\">\n\t\t\t\t<div class=\"elementor-widget-container\">\n\t\t\t\t\t\t\t\t\t<div class=\"elementor-button-wrapper\">\n\t\t\t\t\t<a class=\"elementor-button elementor-button-link elementor-size-sm\" href=\"https:\/\/kpi.pt\/index.php\/consulta\/\">\n\t\t\t\t\t\t<span class=\"elementor-button-content-wrapper\">\n\t\t\t\t\t\t\t\t\t<span class=\"elementor-button-text\">Marque a sua consulta<\/span>\n\t\t\t\t\t<\/span>\n\t\t\t\t\t<\/a>\n\t\t\t\t<\/div>\n\t\t\t\t\t\t\t\t<\/div>\n\t\t\t\t<\/div>\n\t\t\t\t<\/div>\n\t\t\t\t\t<\/div>\n\t\t\t\t<\/div>\n\t\t\t\t<\/div>\n\t\t","protected":false},"excerpt":{"rendered":"<p>A Odontopediatria \u00e9 uma \u00e1rea da medicina dent\u00e1ria especializada no cuidado da sa\u00fade oral de crian\u00e7as e adolescentes, desde o nascimento at\u00e9 \u00e0 adolesc\u00eancia. Os odontopediatras s\u00e3o dentistas que passaram por forma\u00e7\u00e3o adicional para lidar com as necessidades espec\u00edficas dessa faixa et\u00e1ria, incluindo beb\u00e9s, crian\u00e7as pequenas, crian\u00e7as em idade escolar e adolescentes.O principal objetivo da Odontopediatria \u00e9 promover a sa\u00fade oral das crian\u00e7as e prevenir problemas dent\u00e1rios. Isso envolve n\u00e3o apenas a manuten\u00e7\u00e3o da higiene oral, mas tamb\u00e9m a educa\u00e7\u00e3o dos pais e das crian\u00e7as sobre os cuidados dent\u00e1rios adequados, a preven\u00e7\u00e3o de c\u00e1ries, o desenvolvimento adequado da denti\u00e7\u00e3o e a corre\u00e7\u00e3o de problemas dent\u00e1rios quando necess\u00e1rio.Os odontopediatras tamb\u00e9m est\u00e3o preparados para lidar com quest\u00f5es espec\u00edficas que afetam as crian\u00e7as, como o medo do dentista (odontofobia) e comportamentos dif\u00edceis durante os tratamentos. Eles geralmente criam um ambiente amig\u00e1vel e acolhedor nos seus consult\u00f3rios para tornar as visitas ao dentista mais agrad\u00e1veis e menos stressantes para as crian\u00e7as. Em resumo, a Odontopediatria \u00e9 uma especialidade da medicina dent\u00e1ria dedicada ao cuidado da sa\u00fade oral das crian\u00e7as, com foco na preven\u00e7\u00e3o e tratamento de problemas dent\u00e1rios num ambiente que seja adequado e confort\u00e1vel para elas. Seja atendido pelos melhores especialistas! Marque a sua consulta<\/p>\n","protected":false},"author":1,"featured_media":0,"parent":0,"menu_order":0,"comment_status":"closed","ping_status":"closed","template":"","meta":{"footnotes":""},"class_list":["post-92","page","type-page","status-publish","hentry"],"yoast_head":"<!-- This site is optimized with the Yoast SEO plugin v27.1.1 - https:\/\/yoast.com\/product\/yoast-seo-wordpress\/ -->\n<title>ODONTOPEDIATRIA - KLINICA PERIOIMPLANTOLOGICA<\/title>\n<meta name=\"robots\" content=\"index, follow, max-snippet:-1, max-image-preview:large, max-video-preview:-1\" \/>\n<link rel=\"canonical\" href=\"https:\/\/kpi.pt\/index.php\/odontopediatria\/\" \/>\n<meta property=\"og:locale\" content=\"pt_BR\" \/>\n<meta property=\"og:type\" content=\"article\" \/>\n<meta property=\"og:title\" content=\"ODONTOPEDIATRIA - KLINICA PERIOIMPLANTOLOGICA\" \/>\n<meta property=\"og:description\" content=\"A Odontopediatria \u00e9 uma \u00e1rea da medicina dent\u00e1ria especializada no cuidado da sa\u00fade oral de crian\u00e7as e adolescentes, desde o nascimento at\u00e9 \u00e0 adolesc\u00eancia. Os odontopediatras s\u00e3o dentistas que passaram por forma\u00e7\u00e3o adicional para lidar com as necessidades espec\u00edficas dessa faixa et\u00e1ria, incluindo beb\u00e9s, crian\u00e7as pequenas, crian\u00e7as em idade escolar e adolescentes.O principal objetivo da Odontopediatria \u00e9 promover a sa\u00fade oral das crian\u00e7as e prevenir problemas dent\u00e1rios. Isso envolve n\u00e3o apenas a manuten\u00e7\u00e3o da higiene oral, mas tamb\u00e9m a educa\u00e7\u00e3o dos pais e das crian\u00e7as sobre os cuidados dent\u00e1rios adequados, a preven\u00e7\u00e3o de c\u00e1ries, o desenvolvimento adequado da denti\u00e7\u00e3o e a corre\u00e7\u00e3o de problemas dent\u00e1rios quando necess\u00e1rio.Os odontopediatras tamb\u00e9m est\u00e3o preparados para lidar com quest\u00f5es espec\u00edficas que afetam as crian\u00e7as, como o medo do dentista (odontofobia) e comportamentos dif\u00edceis durante os tratamentos. Eles geralmente criam um ambiente amig\u00e1vel e acolhedor nos seus consult\u00f3rios para tornar as visitas ao dentista mais agrad\u00e1veis e menos stressantes para as crian\u00e7as. Em resumo, a Odontopediatria \u00e9 uma especialidade da medicina dent\u00e1ria dedicada ao cuidado da sa\u00fade oral das crian\u00e7as, com foco na preven\u00e7\u00e3o e tratamento de problemas dent\u00e1rios num ambiente que seja adequado e confort\u00e1vel para elas. Seja atendido pelos melhores especialistas! Marque a sua consulta\" \/>\n<meta property=\"og:url\" content=\"https:\/\/kpi.pt\/index.php\/odontopediatria\/\" \/>\n<meta property=\"og:site_name\" content=\"KLINICA PERIOIMPLANTOLOGICA\" \/>\n<meta property=\"article:publisher\" content=\"https:\/\/www.instagram.com\/klinicaperioimplantologica\/\" \/>\n<meta property=\"article:modified_time\" content=\"2023-10-09T18:07:21+00:00\" \/>\n<meta name=\"twitter:card\" content=\"summary_large_image\" \/>\n<meta name=\"twitter:label1\" content=\"Est. tempo de leitura\" \/>\n\t<meta name=\"twitter:data1\" content=\"1 minuto\" \/>\n<script type=\"application\/ld+json\" class=\"yoast-schema-graph\">{\"@context\":\"https:\/\/schema.org\",\"@graph\":[{\"@type\":\"WebPage\",\"@id\":\"https:\/\/kpi.pt\/index.php\/odontopediatria\/\",\"url\":\"https:\/\/kpi.pt\/index.php\/odontopediatria\/\",\"name\":\"ODONTOPEDIATRIA - KLINICA PERIOIMPLANTOLOGICA\",\"isPartOf\":{\"@id\":\"https:\/\/kpi.pt\/#website\"},\"datePublished\":\"2023-09-26T16:44:33+00:00\",\"dateModified\":\"2023-10-09T18:07:21+00:00\",\"breadcrumb\":{\"@id\":\"https:\/\/kpi.pt\/index.php\/odontopediatria\/#breadcrumb\"},\"inLanguage\":\"pt-BR\",\"potentialAction\":[{\"@type\":\"ReadAction\",\"target\":[\"https:\/\/kpi.pt\/index.php\/odontopediatria\/\"]}]},{\"@type\":\"BreadcrumbList\",\"@id\":\"https:\/\/kpi.pt\/index.php\/odontopediatria\/#breadcrumb\",\"itemListElement\":[{\"@type\":\"ListItem\",\"position\":1,\"name\":\"Home\",\"item\":\"https:\/\/kpi.pt\/\"},{\"@type\":\"ListItem\",\"position\":2,\"name\":\"ODONTOPEDIATRIA\"}]},{\"@type\":\"WebSite\",\"@id\":\"https:\/\/kpi.pt\/#website\",\"url\":\"https:\/\/kpi.pt\/\",\"name\":\"KLINICA PERIOIMPLANTOLOGICA\",\"description\":\"\",\"publisher\":{\"@id\":\"https:\/\/kpi.pt\/#organization\"},\"potentialAction\":[{\"@type\":\"SearchAction\",\"target\":{\"@type\":\"EntryPoint\",\"urlTemplate\":\"https:\/\/kpi.pt\/?s={search_term_string}\"},\"query-input\":{\"@type\":\"PropertyValueSpecification\",\"valueRequired\":true,\"valueName\":\"search_term_string\"}}],\"inLanguage\":\"pt-BR\"},{\"@type\":\"Organization\",\"@id\":\"https:\/\/kpi.pt\/#organization\",\"name\":\"KLINICA PERIOIMPLANTOLOGICA\",\"url\":\"https:\/\/kpi.pt\/\",\"logo\":{\"@type\":\"ImageObject\",\"inLanguage\":\"pt-BR\",\"@id\":\"https:\/\/kpi.pt\/#\/schema\/logo\/image\/\",\"url\":\"https:\/\/kpi.pt\/wp-content\/uploads\/2023\/10\/logo-copiar.png\",\"contentUrl\":\"https:\/\/kpi.pt\/wp-content\/uploads\/2023\/10\/logo-copiar.png\",\"width\":290,\"height\":160,\"caption\":\"KLINICA PERIOIMPLANTOLOGICA\"},\"image\":{\"@id\":\"https:\/\/kpi.pt\/#\/schema\/logo\/image\/\"},\"sameAs\":[\"https:\/\/www.instagram.com\/klinicaperioimplantologica\/\"]}]}<\/script>\n<!-- \/ Yoast SEO plugin. -->","yoast_head_json":{"title":"ODONTOPEDIATRIA - KLINICA PERIOIMPLANTOLOGICA","robots":{"index":"index","follow":"follow","max-snippet":"max-snippet:-1","max-image-preview":"max-image-preview:large","max-video-preview":"max-video-preview:-1"},"canonical":"https:\/\/kpi.pt\/index.php\/odontopediatria\/","og_locale":"pt_BR","og_type":"article","og_title":"ODONTOPEDIATRIA - KLINICA PERIOIMPLANTOLOGICA","og_description":"A Odontopediatria \u00e9 uma \u00e1rea da medicina dent\u00e1ria especializada no cuidado da sa\u00fade oral de crian\u00e7as e adolescentes, desde o nascimento at\u00e9 \u00e0 adolesc\u00eancia. Os odontopediatras s\u00e3o dentistas que passaram por forma\u00e7\u00e3o adicional para lidar com as necessidades espec\u00edficas dessa faixa et\u00e1ria, incluindo beb\u00e9s, crian\u00e7as pequenas, crian\u00e7as em idade escolar e adolescentes.O principal objetivo da Odontopediatria \u00e9 promover a sa\u00fade oral das crian\u00e7as e prevenir problemas dent\u00e1rios. Isso envolve n\u00e3o apenas a manuten\u00e7\u00e3o da higiene oral, mas tamb\u00e9m a educa\u00e7\u00e3o dos pais e das crian\u00e7as sobre os cuidados dent\u00e1rios adequados, a preven\u00e7\u00e3o de c\u00e1ries, o desenvolvimento adequado da denti\u00e7\u00e3o e a corre\u00e7\u00e3o de problemas dent\u00e1rios quando necess\u00e1rio.Os odontopediatras tamb\u00e9m est\u00e3o preparados para lidar com quest\u00f5es espec\u00edficas que afetam as crian\u00e7as, como o medo do dentista (odontofobia) e comportamentos dif\u00edceis durante os tratamentos. Eles geralmente criam um ambiente amig\u00e1vel e acolhedor nos seus consult\u00f3rios para tornar as visitas ao dentista mais agrad\u00e1veis e menos stressantes para as crian\u00e7as. Em resumo, a Odontopediatria \u00e9 uma especialidade da medicina dent\u00e1ria dedicada ao cuidado da sa\u00fade oral das crian\u00e7as, com foco na preven\u00e7\u00e3o e tratamento de problemas dent\u00e1rios num ambiente que seja adequado e confort\u00e1vel para elas. Seja atendido pelos melhores especialistas! Marque a sua consulta","og_url":"https:\/\/kpi.pt\/index.php\/odontopediatria\/","og_site_name":"KLINICA PERIOIMPLANTOLOGICA","article_publisher":"https:\/\/www.instagram.com\/klinicaperioimplantologica\/","article_modified_time":"2023-10-09T18:07:21+00:00","twitter_card":"summary_large_image","twitter_misc":{"Est. tempo de leitura":"1 minuto"},"schema":{"@context":"https:\/\/schema.org","@graph":[{"@type":"WebPage","@id":"https:\/\/kpi.pt\/index.php\/odontopediatria\/","url":"https:\/\/kpi.pt\/index.php\/odontopediatria\/","name":"ODONTOPEDIATRIA - KLINICA PERIOIMPLANTOLOGICA","isPartOf":{"@id":"https:\/\/kpi.pt\/#website"},"datePublished":"2023-09-26T16:44:33+00:00","dateModified":"2023-10-09T18:07:21+00:00","breadcrumb":{"@id":"https:\/\/kpi.pt\/index.php\/odontopediatria\/#breadcrumb"},"inLanguage":"pt-BR","potentialAction":[{"@type":"ReadAction","target":["https:\/\/kpi.pt\/index.php\/odontopediatria\/"]}]},{"@type":"BreadcrumbList","@id":"https:\/\/kpi.pt\/index.php\/odontopediatria\/#breadcrumb","itemListElement":[{"@type":"ListItem","position":1,"name":"Home","item":"https:\/\/kpi.pt\/"},{"@type":"ListItem","position":2,"name":"ODONTOPEDIATRIA"}]},{"@type":"WebSite","@id":"https:\/\/kpi.pt\/#website","url":"https:\/\/kpi.pt\/","name":"KLINICA PERIOIMPLANTOLOGICA","description":"","publisher":{"@id":"https:\/\/kpi.pt\/#organization"},"potentialAction":[{"@type":"SearchAction","target":{"@type":"EntryPoint","urlTemplate":"https:\/\/kpi.pt\/?s={search_term_string}"},"query-input":{"@type":"PropertyValueSpecification","valueRequired":true,"valueName":"search_term_string"}}],"inLanguage":"pt-BR"},{"@type":"Organization","@id":"https:\/\/kpi.pt\/#organization","name":"KLINICA PERIOIMPLANTOLOGICA","url":"https:\/\/kpi.pt\/","logo":{"@type":"ImageObject","inLanguage":"pt-BR","@id":"https:\/\/kpi.pt\/#\/schema\/logo\/image\/","url":"https:\/\/kpi.pt\/wp-content\/uploads\/2023\/10\/logo-copiar.png","contentUrl":"https:\/\/kpi.pt\/wp-content\/uploads\/2023\/10\/logo-copiar.png","width":290,"height":160,"caption":"KLINICA PERIOIMPLANTOLOGICA"},"image":{"@id":"https:\/\/kpi.pt\/#\/schema\/logo\/image\/"},"sameAs":["https:\/\/www.instagram.com\/klinicaperioimplantologica\/"]}]}},"_links":{"self":[{"href":"https:\/\/kpi.pt\/index.php\/wp-json\/wp\/v2\/pages\/92","targetHints":{"allow":["GET"]}}],"collection":[{"href":"https:\/\/kpi.pt\/index.php\/wp-json\/wp\/v2\/pages"}],"about":[{"href":"https:\/\/kpi.pt\/index.php\/wp-json\/wp\/v2\/types\/page"}],"author":[{"embeddable":true,"href":"https:\/\/kpi.pt\/index.php\/wp-json\/wp\/v2\/users\/1"}],"replies":[{"embeddable":true,"href":"https:\/\/kpi.pt\/index.php\/wp-json\/wp\/v2\/comments?post=92"}],"version-history":[{"count":0,"href":"https:\/\/kpi.pt\/index.php\/wp-json\/wp\/v2\/pages\/92\/revisions"}],"wp:attachment":[{"href":"https:\/\/kpi.pt\/index.php\/wp-json\/wp\/v2\/media?parent=92"}],"curies":[{"name":"wp","href":"https:\/\/api.w.org\/{rel}","templated":true}]}}