{"id":96,"date":"2023-09-26T13:45:05","date_gmt":"2023-09-26T16:45:05","guid":{"rendered":"https:\/\/kpi.pt\/?page_id=96"},"modified":"2023-12-08T17:24:18","modified_gmt":"2023-12-08T20:24:18","slug":"estetica-dentaria","status":"publish","type":"page","link":"https:\/\/kpi.pt\/index.php\/estetica-dentaria\/","title":{"rendered":"EST\u00c9TICA DENT\u00c1RIA"},"content":{"rendered":"\t\t<div data-elementor-type=\"wp-page\" data-elementor-id=\"96\" class=\"elementor elementor-96\" data-elementor-post-type=\"page\">\n\t\t\t\t<div class=\"elementor-element elementor-element-aa973e9 e-flex e-con-boxed wpr-particle-no wpr-jarallax-no wpr-parallax-no wpr-sticky-section-no wpr-equal-height-no e-con e-parent\" data-id=\"aa973e9\" data-element_type=\"container\" data-e-type=\"container\" data-settings=\"{&quot;background_background&quot;:&quot;classic&quot;}\">\n\t\t\t\t\t<div class=\"e-con-inner\">\n\t\t\t\t<div class=\"elementor-element elementor-element-cebf796 elementor-invisible elementor-widget elementor-widget-heading\" data-id=\"cebf796\" data-element_type=\"widget\" data-e-type=\"widget\" data-settings=\"{&quot;_animation&quot;:&quot;fadeInUp&quot;}\" data-widget_type=\"heading.default\">\n\t\t\t\t<div class=\"elementor-widget-container\">\n\t\t\t\t\t<h1 class=\"elementor-heading-title elementor-size-default\">EST\u00c9TICA DENT\u00c1RIA<\/h1>\t\t\t\t<\/div>\n\t\t\t\t<\/div>\n\t\t\t\t\t<\/div>\n\t\t\t\t<\/div>\n\t\t<div class=\"elementor-element elementor-element-f1d2303 e-flex e-con-boxed wpr-particle-no wpr-jarallax-no wpr-parallax-no wpr-sticky-section-no wpr-equal-height-no e-con e-parent\" data-id=\"f1d2303\" data-element_type=\"container\" data-e-type=\"container\">\n\t\t\t\t\t<div class=\"e-con-inner\">\n\t\t\t\t<div class=\"elementor-element elementor-element-69d2ef4 elementor-widget elementor-widget-spacer\" data-id=\"69d2ef4\" data-element_type=\"widget\" data-e-type=\"widget\" data-widget_type=\"spacer.default\">\n\t\t\t\t<div class=\"elementor-widget-container\">\n\t\t\t\t\t\t\t<div class=\"elementor-spacer\">\n\t\t\t<div class=\"elementor-spacer-inner\"><\/div>\n\t\t<\/div>\n\t\t\t\t\t\t<\/div>\n\t\t\t\t<\/div>\n\t\t\t\t<div class=\"elementor-element elementor-element-b2fb02b elementor-widget elementor-widget-text-editor\" data-id=\"b2fb02b\" data-element_type=\"widget\" data-e-type=\"widget\" data-widget_type=\"text-editor.default\">\n\t\t\t\t<div class=\"elementor-widget-container\">\n\t\t\t\t\t\t\t\t\t<p>A est\u00e9tica dent\u00e1ria \u00e9 uma \u00e1rea da medicina dent\u00e1ria que se foca na melhoria da apar\u00eancia dos dentes e do sorriso de uma pessoa. N\u00e3o se preocupa apenas com a sa\u00fade oral, mas tamb\u00e9m com a est\u00e9tica e a beleza dos dentes e da boca. Aqui est\u00e3o alguns dos procedimentos e tratamentos comuns relacionados \u00e0 est\u00e9tica dent\u00e1ria: <br \/>Branqueamento Dent\u00e1rio, Facetas Dent\u00e1rias, Coroas Dent\u00e1rias, Implantes Dent\u00e1rios, Ortodontia Est\u00e9tica, Enxertos de Gengiva, etc. <br \/>A est\u00e9tica dent\u00e1ria \u00e9 importante n\u00e3o s\u00f3 para a autoestima e a confian\u00e7a de uma pessoa, mas tamb\u00e9m para a sa\u00fade oral em geral. Um sorriso bonito pode ter um impacto positivo na vida social e profissional de algu\u00e9m. Se est\u00e1 interessado em melhorar a est\u00e9tica dos seus dentes, \u00e9 recomendado procurar um dentista ou um especialista em est\u00e9tica dent\u00e1ria para avalia\u00e7\u00e3o e orienta\u00e7\u00e3o personalizada.<\/p>\t\t\t\t\t\t\t\t<\/div>\n\t\t\t\t<\/div>\n\t\t\t\t<div class=\"elementor-element elementor-element-4ffac9f elementor-widget elementor-widget-video\" data-id=\"4ffac9f\" data-element_type=\"widget\" data-e-type=\"widget\" data-settings=\"{&quot;video_type&quot;:&quot;hosted&quot;,&quot;autoplay&quot;:&quot;yes&quot;,&quot;play_on_mobile&quot;:&quot;yes&quot;,&quot;mute&quot;:&quot;yes&quot;,&quot;loop&quot;:&quot;yes&quot;}\" data-widget_type=\"video.default\">\n\t\t\t\t<div class=\"elementor-widget-container\">\n\t\t\t\t\t\t\t<div class=\"e-hosted-video elementor-wrapper elementor-open-inline\">\n\t\t\t\t\t<video class=\"elementor-video\" src=\"https:\/\/kpi.pt\/wp-content\/uploads\/2023\/12\/3.mp4\" autoplay=\"\" loop=\"\" muted=\"muted\" playsinline=\"\" controlsList=\"nodownload\"><\/video>\n\t\t\t\t<\/div>\n\t\t\t\t\t\t<\/div>\n\t\t\t\t<\/div>\n\t\t\t\t<div class=\"elementor-element elementor-element-ca8bf48 elementor-widget elementor-widget-spacer\" data-id=\"ca8bf48\" data-element_type=\"widget\" data-e-type=\"widget\" data-widget_type=\"spacer.default\">\n\t\t\t\t<div class=\"elementor-widget-container\">\n\t\t\t\t\t\t\t<div class=\"elementor-spacer\">\n\t\t\t<div class=\"elementor-spacer-inner\"><\/div>\n\t\t<\/div>\n\t\t\t\t\t\t<\/div>\n\t\t\t\t<\/div>\n\t\t\t\t\t<\/div>\n\t\t\t\t<\/div>\n\t\t<div class=\"elementor-element elementor-element-d44ee43 e-flex e-con-boxed wpr-particle-no wpr-jarallax-no wpr-parallax-no wpr-sticky-section-no wpr-equal-height-no e-con e-parent\" data-id=\"d44ee43\" data-element_type=\"container\" data-e-type=\"container\" data-settings=\"{&quot;background_background&quot;:&quot;classic&quot;}\">\n\t\t\t\t\t<div class=\"e-con-inner\">\n\t\t<div class=\"elementor-element elementor-element-eb1361c e-con-full e-flex wpr-particle-no wpr-jarallax-no wpr-parallax-no wpr-sticky-section-no wpr-equal-height-no e-con e-child\" data-id=\"eb1361c\" data-element_type=\"container\" data-e-type=\"container\">\n\t\t\t\t<div class=\"elementor-element elementor-element-5aa2a8c elementor-invisible elementor-widget elementor-widget-heading\" data-id=\"5aa2a8c\" data-element_type=\"widget\" data-e-type=\"widget\" data-settings=\"{&quot;_animation&quot;:&quot;fadeInUp&quot;}\" data-widget_type=\"heading.default\">\n\t\t\t\t<div class=\"elementor-widget-container\">\n\t\t\t\t\t<p class=\"elementor-heading-title elementor-size-default\">Seja atendido pelos melhores especialistas!<\/p>\t\t\t\t<\/div>\n\t\t\t\t<\/div>\n\t\t\t\t<div class=\"elementor-element elementor-element-7c73839 elementor-align-center elementor-invisible elementor-widget elementor-widget-button\" data-id=\"7c73839\" data-element_type=\"widget\" data-e-type=\"widget\" data-settings=\"{&quot;_animation&quot;:&quot;fadeInUp&quot;}\" data-widget_type=\"button.default\">\n\t\t\t\t<div class=\"elementor-widget-container\">\n\t\t\t\t\t\t\t\t\t<div class=\"elementor-button-wrapper\">\n\t\t\t\t\t<a class=\"elementor-button elementor-button-link elementor-size-sm\" href=\"https:\/\/kpi.pt\/index.php\/consulta\/\">\n\t\t\t\t\t\t<span class=\"elementor-button-content-wrapper\">\n\t\t\t\t\t\t\t\t\t<span class=\"elementor-button-text\">Marque a sua consulta<\/span>\n\t\t\t\t\t<\/span>\n\t\t\t\t\t<\/a>\n\t\t\t\t<\/div>\n\t\t\t\t\t\t\t\t<\/div>\n\t\t\t\t<\/div>\n\t\t\t\t<\/div>\n\t\t\t\t\t<\/div>\n\t\t\t\t<\/div>\n\t\t\t\t<\/div>\n\t\t","protected":false},"excerpt":{"rendered":"<p>A est\u00e9tica dent\u00e1ria \u00e9 uma \u00e1rea da medicina dent\u00e1ria que se foca na melhoria da apar\u00eancia dos dentes e do sorriso de uma pessoa. N\u00e3o se preocupa apenas com a sa\u00fade oral, mas tamb\u00e9m com a est\u00e9tica e a beleza dos dentes e da boca. Aqui est\u00e3o alguns dos procedimentos e tratamentos comuns relacionados \u00e0 est\u00e9tica dent\u00e1ria: Branqueamento Dent\u00e1rio, Facetas Dent\u00e1rias, Coroas Dent\u00e1rias, Implantes Dent\u00e1rios, Ortodontia Est\u00e9tica, Enxertos de Gengiva, etc. A est\u00e9tica dent\u00e1ria \u00e9 importante n\u00e3o s\u00f3 para a autoestima e a confian\u00e7a de uma pessoa, mas tamb\u00e9m para a sa\u00fade oral em geral. Um sorriso bonito pode ter um impacto positivo na vida social e profissional de algu\u00e9m. Se est\u00e1 interessado em melhorar a est\u00e9tica dos seus dentes, \u00e9 recomendado procurar um dentista ou um especialista em est\u00e9tica dent\u00e1ria para avalia\u00e7\u00e3o e orienta\u00e7\u00e3o personalizada. https:\/\/kpi.pt\/wp-content\/uploads\/2023\/12\/3.mp4 Seja atendido pelos melhores especialistas! Marque a sua consulta<\/p>\n","protected":false},"author":1,"featured_media":0,"parent":0,"menu_order":0,"comment_status":"closed","ping_status":"closed","template":"","meta":{"footnotes":""},"class_list":["post-96","page","type-page","status-publish","hentry"],"yoast_head":"<!-- This site is optimized with the Yoast SEO plugin v27.4 - https:\/\/yoast.com\/product\/yoast-seo-wordpress\/ -->\n<title>EST\u00c9TICA DENT\u00c1RIA - KLINICA PERIOIMPLANTOLOGICA<\/title>\n<meta name=\"robots\" content=\"index, follow, max-snippet:-1, max-image-preview:large, max-video-preview:-1\" \/>\n<link rel=\"canonical\" href=\"https:\/\/kpi.pt\/index.php\/estetica-dentaria\/\" \/>\n<meta property=\"og:locale\" content=\"pt_BR\" \/>\n<meta property=\"og:type\" content=\"article\" \/>\n<meta property=\"og:title\" content=\"EST\u00c9TICA DENT\u00c1RIA - KLINICA PERIOIMPLANTOLOGICA\" \/>\n<meta property=\"og:description\" content=\"A est\u00e9tica dent\u00e1ria \u00e9 uma \u00e1rea da medicina dent\u00e1ria que se foca na melhoria da apar\u00eancia dos dentes e do sorriso de uma pessoa. N\u00e3o se preocupa apenas com a sa\u00fade oral, mas tamb\u00e9m com a est\u00e9tica e a beleza dos dentes e da boca. Aqui est\u00e3o alguns dos procedimentos e tratamentos comuns relacionados \u00e0 est\u00e9tica dent\u00e1ria: Branqueamento Dent\u00e1rio, Facetas Dent\u00e1rias, Coroas Dent\u00e1rias, Implantes Dent\u00e1rios, Ortodontia Est\u00e9tica, Enxertos de Gengiva, etc. A est\u00e9tica dent\u00e1ria \u00e9 importante n\u00e3o s\u00f3 para a autoestima e a confian\u00e7a de uma pessoa, mas tamb\u00e9m para a sa\u00fade oral em geral. Um sorriso bonito pode ter um impacto positivo na vida social e profissional de algu\u00e9m. Se est\u00e1 interessado em melhorar a est\u00e9tica dos seus dentes, \u00e9 recomendado procurar um dentista ou um especialista em est\u00e9tica dent\u00e1ria para avalia\u00e7\u00e3o e orienta\u00e7\u00e3o personalizada. https:\/\/kpi.pt\/wp-content\/uploads\/2023\/12\/3.mp4 Seja atendido pelos melhores especialistas! Marque a sua consulta\" \/>\n<meta property=\"og:url\" content=\"https:\/\/kpi.pt\/index.php\/estetica-dentaria\/\" \/>\n<meta property=\"og:site_name\" content=\"KLINICA PERIOIMPLANTOLOGICA\" \/>\n<meta property=\"article:publisher\" content=\"https:\/\/www.instagram.com\/klinicaperioimplantologica\/\" \/>\n<meta property=\"article:modified_time\" content=\"2023-12-08T20:24:18+00:00\" \/>\n<meta name=\"twitter:card\" content=\"summary_large_image\" \/>\n<meta name=\"twitter:label1\" content=\"Est. tempo de leitura\" \/>\n\t<meta name=\"twitter:data1\" content=\"1 minuto\" \/>\n<script type=\"application\/ld+json\" class=\"yoast-schema-graph\">{\"@context\":\"https:\\\/\\\/schema.org\",\"@graph\":[{\"@type\":\"WebPage\",\"@id\":\"https:\\\/\\\/kpi.pt\\\/index.php\\\/estetica-dentaria\\\/\",\"url\":\"https:\\\/\\\/kpi.pt\\\/index.php\\\/estetica-dentaria\\\/\",\"name\":\"EST\u00c9TICA DENT\u00c1RIA - KLINICA PERIOIMPLANTOLOGICA\",\"isPartOf\":{\"@id\":\"https:\\\/\\\/kpi.pt\\\/#website\"},\"datePublished\":\"2023-09-26T16:45:05+00:00\",\"dateModified\":\"2023-12-08T20:24:18+00:00\",\"breadcrumb\":{\"@id\":\"https:\\\/\\\/kpi.pt\\\/index.php\\\/estetica-dentaria\\\/#breadcrumb\"},\"inLanguage\":\"pt-BR\",\"potentialAction\":[{\"@type\":\"ReadAction\",\"target\":[\"https:\\\/\\\/kpi.pt\\\/index.php\\\/estetica-dentaria\\\/\"]}]},{\"@type\":\"BreadcrumbList\",\"@id\":\"https:\\\/\\\/kpi.pt\\\/index.php\\\/estetica-dentaria\\\/#breadcrumb\",\"itemListElement\":[{\"@type\":\"ListItem\",\"position\":1,\"name\":\"Home\",\"item\":\"https:\\\/\\\/kpi.pt\\\/\"},{\"@type\":\"ListItem\",\"position\":2,\"name\":\"EST\u00c9TICA DENT\u00c1RIA\"}]},{\"@type\":\"WebSite\",\"@id\":\"https:\\\/\\\/kpi.pt\\\/#website\",\"url\":\"https:\\\/\\\/kpi.pt\\\/\",\"name\":\"KLINICA PERIOIMPLANTOLOGICA\",\"description\":\"\",\"publisher\":{\"@id\":\"https:\\\/\\\/kpi.pt\\\/#organization\"},\"potentialAction\":[{\"@type\":\"SearchAction\",\"target\":{\"@type\":\"EntryPoint\",\"urlTemplate\":\"https:\\\/\\\/kpi.pt\\\/?s={search_term_string}\"},\"query-input\":{\"@type\":\"PropertyValueSpecification\",\"valueRequired\":true,\"valueName\":\"search_term_string\"}}],\"inLanguage\":\"pt-BR\"},{\"@type\":\"Organization\",\"@id\":\"https:\\\/\\\/kpi.pt\\\/#organization\",\"name\":\"KLINICA PERIOIMPLANTOLOGICA\",\"url\":\"https:\\\/\\\/kpi.pt\\\/\",\"logo\":{\"@type\":\"ImageObject\",\"inLanguage\":\"pt-BR\",\"@id\":\"https:\\\/\\\/kpi.pt\\\/#\\\/schema\\\/logo\\\/image\\\/\",\"url\":\"https:\\\/\\\/kpi.pt\\\/wp-content\\\/uploads\\\/2023\\\/10\\\/logo-copiar.png\",\"contentUrl\":\"https:\\\/\\\/kpi.pt\\\/wp-content\\\/uploads\\\/2023\\\/10\\\/logo-copiar.png\",\"width\":290,\"height\":160,\"caption\":\"KLINICA PERIOIMPLANTOLOGICA\"},\"image\":{\"@id\":\"https:\\\/\\\/kpi.pt\\\/#\\\/schema\\\/logo\\\/image\\\/\"},\"sameAs\":[\"https:\\\/\\\/www.instagram.com\\\/klinicaperioimplantologica\\\/\"]}]}<\/script>\n<!-- \/ Yoast SEO plugin. -->","yoast_head_json":{"title":"EST\u00c9TICA DENT\u00c1RIA - KLINICA PERIOIMPLANTOLOGICA","robots":{"index":"index","follow":"follow","max-snippet":"max-snippet:-1","max-image-preview":"max-image-preview:large","max-video-preview":"max-video-preview:-1"},"canonical":"https:\/\/kpi.pt\/index.php\/estetica-dentaria\/","og_locale":"pt_BR","og_type":"article","og_title":"EST\u00c9TICA DENT\u00c1RIA - KLINICA PERIOIMPLANTOLOGICA","og_description":"A est\u00e9tica dent\u00e1ria \u00e9 uma \u00e1rea da medicina dent\u00e1ria que se foca na melhoria da apar\u00eancia dos dentes e do sorriso de uma pessoa. N\u00e3o se preocupa apenas com a sa\u00fade oral, mas tamb\u00e9m com a est\u00e9tica e a beleza dos dentes e da boca. Aqui est\u00e3o alguns dos procedimentos e tratamentos comuns relacionados \u00e0 est\u00e9tica dent\u00e1ria: Branqueamento Dent\u00e1rio, Facetas Dent\u00e1rias, Coroas Dent\u00e1rias, Implantes Dent\u00e1rios, Ortodontia Est\u00e9tica, Enxertos de Gengiva, etc. A est\u00e9tica dent\u00e1ria \u00e9 importante n\u00e3o s\u00f3 para a autoestima e a confian\u00e7a de uma pessoa, mas tamb\u00e9m para a sa\u00fade oral em geral. Um sorriso bonito pode ter um impacto positivo na vida social e profissional de algu\u00e9m. Se est\u00e1 interessado em melhorar a est\u00e9tica dos seus dentes, \u00e9 recomendado procurar um dentista ou um especialista em est\u00e9tica dent\u00e1ria para avalia\u00e7\u00e3o e orienta\u00e7\u00e3o personalizada. https:\/\/kpi.pt\/wp-content\/uploads\/2023\/12\/3.mp4 Seja atendido pelos melhores especialistas! Marque a sua consulta","og_url":"https:\/\/kpi.pt\/index.php\/estetica-dentaria\/","og_site_name":"KLINICA PERIOIMPLANTOLOGICA","article_publisher":"https:\/\/www.instagram.com\/klinicaperioimplantologica\/","article_modified_time":"2023-12-08T20:24:18+00:00","twitter_card":"summary_large_image","twitter_misc":{"Est. tempo de leitura":"1 minuto"},"schema":{"@context":"https:\/\/schema.org","@graph":[{"@type":"WebPage","@id":"https:\/\/kpi.pt\/index.php\/estetica-dentaria\/","url":"https:\/\/kpi.pt\/index.php\/estetica-dentaria\/","name":"EST\u00c9TICA DENT\u00c1RIA - KLINICA PERIOIMPLANTOLOGICA","isPartOf":{"@id":"https:\/\/kpi.pt\/#website"},"datePublished":"2023-09-26T16:45:05+00:00","dateModified":"2023-12-08T20:24:18+00:00","breadcrumb":{"@id":"https:\/\/kpi.pt\/index.php\/estetica-dentaria\/#breadcrumb"},"inLanguage":"pt-BR","potentialAction":[{"@type":"ReadAction","target":["https:\/\/kpi.pt\/index.php\/estetica-dentaria\/"]}]},{"@type":"BreadcrumbList","@id":"https:\/\/kpi.pt\/index.php\/estetica-dentaria\/#breadcrumb","itemListElement":[{"@type":"ListItem","position":1,"name":"Home","item":"https:\/\/kpi.pt\/"},{"@type":"ListItem","position":2,"name":"EST\u00c9TICA DENT\u00c1RIA"}]},{"@type":"WebSite","@id":"https:\/\/kpi.pt\/#website","url":"https:\/\/kpi.pt\/","name":"KLINICA PERIOIMPLANTOLOGICA","description":"","publisher":{"@id":"https:\/\/kpi.pt\/#organization"},"potentialAction":[{"@type":"SearchAction","target":{"@type":"EntryPoint","urlTemplate":"https:\/\/kpi.pt\/?s={search_term_string}"},"query-input":{"@type":"PropertyValueSpecification","valueRequired":true,"valueName":"search_term_string"}}],"inLanguage":"pt-BR"},{"@type":"Organization","@id":"https:\/\/kpi.pt\/#organization","name":"KLINICA PERIOIMPLANTOLOGICA","url":"https:\/\/kpi.pt\/","logo":{"@type":"ImageObject","inLanguage":"pt-BR","@id":"https:\/\/kpi.pt\/#\/schema\/logo\/image\/","url":"https:\/\/kpi.pt\/wp-content\/uploads\/2023\/10\/logo-copiar.png","contentUrl":"https:\/\/kpi.pt\/wp-content\/uploads\/2023\/10\/logo-copiar.png","width":290,"height":160,"caption":"KLINICA PERIOIMPLANTOLOGICA"},"image":{"@id":"https:\/\/kpi.pt\/#\/schema\/logo\/image\/"},"sameAs":["https:\/\/www.instagram.com\/klinicaperioimplantologica\/"]}]}},"_links":{"self":[{"href":"https:\/\/kpi.pt\/index.php\/wp-json\/wp\/v2\/pages\/96","targetHints":{"allow":["GET"]}}],"collection":[{"href":"https:\/\/kpi.pt\/index.php\/wp-json\/wp\/v2\/pages"}],"about":[{"href":"https:\/\/kpi.pt\/index.php\/wp-json\/wp\/v2\/types\/page"}],"author":[{"embeddable":true,"href":"https:\/\/kpi.pt\/index.php\/wp-json\/wp\/v2\/users\/1"}],"replies":[{"embeddable":true,"href":"https:\/\/kpi.pt\/index.php\/wp-json\/wp\/v2\/comments?post=96"}],"version-history":[{"count":3,"href":"https:\/\/kpi.pt\/index.php\/wp-json\/wp\/v2\/pages\/96\/revisions"}],"predecessor-version":[{"id":2105,"href":"https:\/\/kpi.pt\/index.php\/wp-json\/wp\/v2\/pages\/96\/revisions\/2105"}],"wp:attachment":[{"href":"https:\/\/kpi.pt\/index.php\/wp-json\/wp\/v2\/media?parent=96"}],"curies":[{"name":"wp","href":"https:\/\/api.w.org\/{rel}","templated":true}]}}